{"id":10805,"date":"2021-11-07T11:28:49","date_gmt":"2021-11-07T10:28:49","guid":{"rendered":"https:\/\/www.pleteninespenko.si\/lieferinformationen\/"},"modified":"2023-02-21T15:19:41","modified_gmt":"2023-02-21T14:19:41","slug":"lieferinformationen","status":"publish","type":"page","link":"https:\/\/www.pleteninespenko.si\/de\/lieferinformationen\/","title":{"rendered":"Lieferinformationen"},"content":{"rendered":"<!--themify_builder_content-->\n<div id=\"themify_builder_content-10805\" data-postid=\"10805\" class=\"themify_builder_content themify_builder_content-10805 themify_builder tf_clear\">\n                    <div  data-css_id=\"e9as114\" data-lazy=\"1\" class=\"module_row themify_builder_row fullwidth_row_container tb_e9as114 tb_first tf_w\">\n                        <div class=\"row_inner col_align_top tb_col_count_1 tf_box tf_rel\">\n                        <div  data-lazy=\"1\" class=\"module_column tb-column col-full tb_m97d116 first\">\n                    <!-- module image -->\n<div  class=\"module module-image tb_jmhr542 image-center   tf_mw\" data-lazy=\"1\">\n        <div class=\"image-wrap tf_rel tf_mw\">\n            <img decoding=\"async\" src=\"https:\/\/www.pleteninespenko.si\/wp-content\/uploads\/2020\/09\/Pletenine_Spenko_dostava-220x220.png\" width=\"220\" height=\"220\" class=\"wp-post-image wp-image-10807\" title=\"Strickwaren_Spenko_Lieferung\" alt=\"Wir machen modische Strickwaren\" srcset=\"https:\/\/www.pleteninespenko.si\/wp-content\/uploads\/2020\/09\/Pletenine_Spenko_dostava-220x220.png 220w, https:\/\/www.pleteninespenko.si\/wp-content\/uploads\/2020\/09\/Pletenine_Spenko_dostava-300x300.png 300w, https:\/\/www.pleteninespenko.si\/wp-content\/uploads\/2020\/09\/Pletenine_Spenko_dostava-100x100.png 100w, https:\/\/www.pleteninespenko.si\/wp-content\/uploads\/2020\/09\/Pletenine_Spenko_dostava-150x150.png 150w, https:\/\/www.pleteninespenko.si\/wp-content\/uploads\/2020\/09\/Pletenine_Spenko_dostava-40x40.png 40w, https:\/\/www.pleteninespenko.si\/wp-content\/uploads\/2020\/09\/Pletenine_Spenko_dostava.png 440w\" sizes=\"(max-width: 220px) 100vw, 220px\" \/>    \n        <\/div>\n    <!-- \/image-wrap -->\n    \n        <\/div>\n<!-- \/module image --><!-- module text -->\n<div  class=\"module module-text tb_y246370   \" data-lazy=\"1\">\n        <div  class=\"tb_text_wrap\">\n        <div dir=\"ltr\">\r\n<div style=\"text-align: center;\">\r\n<h2 style=\"text-align: center;\"><strong>Lieferung:<\/strong><\/h2>\r\n<p style=\"text-align: left;\">Gekaufte Ware wird in der Regel sp\u00e4testens innerhalb von zwei Werktagen versandfertig gemacht. An Samstagen, Sonntagen und Feiertagen werden keine Warensendungen durchgef\u00fchrt. Bei Produkten, die nicht auf Lager sind, verl\u00e4ngert sich die Lieferzeit zus\u00e4tzlich, wor\u00fcber der Anbieter den Kunden telefonisch oder per E-Mail informiert.<\/p>\r\n<p style=\"text-align: left;\">Der Anbieter bereitet den Artikel vor und versendet diesen innerhalb der vereinbarten Frist oder stellt ihn zur pers\u00f6nlichen Abholung bereit. Bei pers\u00f6nlicher Abholung benachrichtigt der Anbieter den Kunden per E-Mail, wenn die Ware zur Abholung bereit steht.<\/p>\r\n<p style=\"text-align: left;\">Falls der K\u00e4ufer beschlie\u00dft, die Bestellung rechtzeitig zu stornieren, muss er dem Verk\u00e4ufer unverz\u00fcglich unter der Telefonnummer<a href=\"tel:+386%201%20834%2015%2023\"><strong> 01 834 15 23<\/strong><\/a> (<strong>der Preis f\u00fcr den Anruf an die Nummer wird nach dem Standardtarif des Telefonanbieters berechnet<\/strong>) oder per E-Mail an <strong><a href=\"mailto:prodaja@pleteninespenko.si\">prodaja@pleteninespenko.si<\/a><\/strong>. Sollte die Bestellung bereits versandt sein, lehnt der Verk\u00e4ufer den Versand beim Lieferservice ab.  Nimmt der K\u00e4ufer bei pers\u00f6nlicher Abholung die Ware nicht innerhalb von 14 Tagen nach Meldung der Abholbereitschaft ab, gilt die Bestellung als storniert.<\/p>\r\n<p style=\"text-align: left;\">Vertragspartner f\u00fcr die Lieferung von Sendungen sind Po\u0161ta Slovenije und GLS, die ihre Leistungen gem\u00e4\u00df ihren Allgemeinen Gesch\u00e4ftsbedingungen erbringen.<\/p>\r\n<p style=\"text-align: left;\"><strong>Die Lieferung ist in Slowenien und der EU m\u00f6glich. Die Lieferung in die EU ist per GLS und Portozahlung f\u00fcr die EU in H\u00f6he von 6,90 EUR m\u00f6glich.<\/strong><\/p>\r\n<p style=\"text-align: left;\">F\u00fcr den Fall, dass der Kunde, der die Ware im Voraus bezahlt hat, bei der Zustellung der Sendung nicht zu Hause ist, hinterl\u00e4sst der Zustelldienst im Briefkasten einen Hinweis \u00fcber das Postpaket und wie man es abholen kann.<\/p>\r\n<h2><strong>Lieferzeit:<\/strong><\/h2>\r\n<p style=\"text-align: left;\">Wir versenden die Ware an den K\u00e4ufer sp\u00e4testens 2-5 Werktage per Nachnahme, sofern die Ware nicht per Kreditkarte, per Paypal oder per \u00dcberweisung auf unser Bankkonto bezahlt wurde. Porto- und Provisionskosten werden laut g\u00fcltiger ,Preisliste von Po\u0161ta Slovenije \/ GLS. vom K\u00e4ufer bezahlt. Ab einem Einkaufswert <strong>von 150,00 EUR ist die Lieferung per Post KOSTENLOS<\/strong>.<\/p>\r\n<\/div>\r\n<\/div>    <\/div>\n<\/div>\n<!-- \/module text -->        <div  data-lazy=\"1\" class=\"module_subrow themify_builder_sub_row tf_w col_align_top tb_col_count_1 tb_b0dn217\">\n                <div  data-lazy=\"1\" class=\"module_column sub_column col-full tb_ywh2218 first\">\n                    <!-- module text -->\n<div  class=\"module module-text tb_0ytl753  repeat \" data-lazy=\"1\">\n        <div  class=\"tb_text_wrap\">\n        <h2 style=\"text-align: center;\"><span style=\"color: #ffffff;\"><strong>M\u00f6glichkeit der Lieferung per Expresspost<\/strong><\/span><\/h2>\r\n<p style=\"text-align: center;\"><span style=\"color: #ffffff;\">Wenn Sie das Paket in k\u00fcrzester Zeit erhalten m\u00f6chten , bieten wir Ihnen gegen einen Aufpreis gem\u00e4\u00df der <span style=\"color: #ffb700;\"><a style=\"color: #ffb700;\" href=\"https:\/\/www.posta.si\/zasebno-site\/Documents\/Ceniki\/Cenik-hitra-posta-po-Sloveniji.pdf\" target=\"_blank\" rel=\"noopener\"><strong>Preisliste von<\/strong><\/a><\/span> Hitra Po\u0161ta Slovenije an, das Paket sp\u00e4testens innerhalb von zwei Werktagen zu erhalten.<\/span><\/p>    <\/div>\n<\/div>\n<!-- \/module text -->        <\/div>\n                    <\/div>\n                <\/div>\n                        <\/div>\n        <\/div>\n        <\/div>\n<!--\/themify_builder_content-->","protected":false},"excerpt":{"rendered":"<p>Lieferung: Gekaufte Ware wird in der Regel sp\u00e4testens innerhalb von zwei Werktagen versandfertig gemacht. An Samstagen, Sonntagen und Feiertagen werden keine Warensendungen durchgef\u00fchrt. Bei Produkten, die nicht auf Lager sind, verl\u00e4ngert sich die Lieferzeit zus\u00e4tzlich, wor\u00fcber der Anbieter den Kunden telefonisch oder per E-Mail informiert. Der Anbieter bereitet den Artikel vor und versendet diesen innerhalb [&hellip;]<\/p>\n","protected":false},"author":23,"featured_media":0,"parent":0,"menu_order":0,"comment_status":"closed","ping_status":"closed","template":"","meta":{"inline_featured_image":false,"footnotes":""},"class_list":["post-10805","page","type-page","status-publish","hentry","has-post-title","has-post-date","has-post-category","has-post-tag","has-post-comment","has-post-author",""],"yoast_head":"<!-- This site is optimized with the Yoast SEO plugin v27.4 - https:\/\/yoast.com\/product\/yoast-seo-wordpress\/ -->\n<title>Lieferinformationen | Pletenine \u0160penko<\/title>\n<meta name=\"robots\" content=\"index, follow, max-snippet:-1, max-image-preview:large, max-video-preview:-1\" \/>\n<link rel=\"canonical\" href=\"https:\/\/www.pleteninespenko.si\/de\/lieferinformationen\/\" \/>\n<meta property=\"og:locale\" content=\"de_DE\" \/>\n<meta property=\"og:type\" content=\"article\" \/>\n<meta property=\"og:title\" content=\"Lieferinformationen | Pletenine \u0160penko\" \/>\n<meta property=\"og:description\" content=\"Lieferung: Gekaufte Ware wird in der Regel sp\u00e4testens innerhalb von zwei Werktagen versandfertig gemacht. An Samstagen, Sonntagen und Feiertagen werden keine Warensendungen durchgef\u00fchrt. Bei Produkten, die nicht auf Lager sind, verl\u00e4ngert sich die Lieferzeit zus\u00e4tzlich, wor\u00fcber der Anbieter den Kunden telefonisch oder per E-Mail informiert. Der Anbieter bereitet den Artikel vor und versendet diesen innerhalb [&hellip;]\" \/>\n<meta property=\"og:url\" content=\"https:\/\/www.pleteninespenko.si\/de\/lieferinformationen\/\" \/>\n<meta property=\"og:site_name\" content=\"Pletenine \u0160penko\" \/>\n<meta property=\"article:publisher\" content=\"https:\/\/www.facebook.com\/PletenineSpenko\/\" \/>\n<meta property=\"article:modified_time\" content=\"2023-02-21T14:19:41+00:00\" \/>\n<meta property=\"og:image\" content=\"https:\/\/www.pleteninespenko.si\/wp-content\/uploads\/2020\/09\/Pletenine_Spenko_dostava-220x220.png\" \/>\n<meta name=\"twitter:card\" content=\"summary_large_image\" \/>\n<meta name=\"twitter:label1\" content=\"Gesch\u00e4tzte Lesezeit\" \/>\n\t<meta name=\"twitter:data1\" content=\"2\u00a0Minuten\" \/>\n<script type=\"application\/ld+json\" class=\"yoast-schema-graph\">{\"@context\":\"https:\\\/\\\/schema.org\",\"@graph\":[{\"@type\":\"WebPage\",\"@id\":\"https:\\\/\\\/www.pleteninespenko.si\\\/de\\\/lieferinformationen\\\/\",\"url\":\"https:\\\/\\\/www.pleteninespenko.si\\\/de\\\/lieferinformationen\\\/\",\"name\":\"Lieferinformationen | Pletenine \u0160penko\",\"isPartOf\":{\"@id\":\"https:\\\/\\\/www.pleteninespenko.si\\\/de\\\/#website\"},\"primaryImageOfPage\":{\"@id\":\"https:\\\/\\\/www.pleteninespenko.si\\\/de\\\/lieferinformationen\\\/#primaryimage\"},\"image\":{\"@id\":\"https:\\\/\\\/www.pleteninespenko.si\\\/de\\\/lieferinformationen\\\/#primaryimage\"},\"thumbnailUrl\":\"https:\\\/\\\/www.pleteninespenko.si\\\/wp-content\\\/uploads\\\/2020\\\/09\\\/Pletenine_Spenko_dostava-220x220.png\",\"datePublished\":\"2021-11-07T10:28:49+00:00\",\"dateModified\":\"2023-02-21T14:19:41+00:00\",\"breadcrumb\":{\"@id\":\"https:\\\/\\\/www.pleteninespenko.si\\\/de\\\/lieferinformationen\\\/#breadcrumb\"},\"inLanguage\":\"de\",\"potentialAction\":[{\"@type\":\"ReadAction\",\"target\":[\"https:\\\/\\\/www.pleteninespenko.si\\\/de\\\/lieferinformationen\\\/\"]}]},{\"@type\":\"ImageObject\",\"inLanguage\":\"de\",\"@id\":\"https:\\\/\\\/www.pleteninespenko.si\\\/de\\\/lieferinformationen\\\/#primaryimage\",\"url\":\"https:\\\/\\\/www.pleteninespenko.si\\\/wp-content\\\/uploads\\\/2020\\\/09\\\/Pletenine_Spenko_dostava-220x220.png\",\"contentUrl\":\"https:\\\/\\\/www.pleteninespenko.si\\\/wp-content\\\/uploads\\\/2020\\\/09\\\/Pletenine_Spenko_dostava-220x220.png\"},{\"@type\":\"BreadcrumbList\",\"@id\":\"https:\\\/\\\/www.pleteninespenko.si\\\/de\\\/lieferinformationen\\\/#breadcrumb\",\"itemListElement\":[{\"@type\":\"ListItem\",\"position\":1,\"name\":\"Home\",\"item\":\"https:\\\/\\\/www.pleteninespenko.si\\\/de\\\/\"},{\"@type\":\"ListItem\",\"position\":2,\"name\":\"Lieferinformationen\"}]},{\"@type\":\"WebSite\",\"@id\":\"https:\\\/\\\/www.pleteninespenko.si\\\/de\\\/#website\",\"url\":\"https:\\\/\\\/www.pleteninespenko.si\\\/de\\\/\",\"name\":\"Pletenine \u0160penko\",\"description\":\"Damen- und Herrenstrickwaren nach der neuesten Mode\",\"publisher\":{\"@id\":\"https:\\\/\\\/www.pleteninespenko.si\\\/de\\\/#organization\"},\"potentialAction\":[{\"@type\":\"SearchAction\",\"target\":{\"@type\":\"EntryPoint\",\"urlTemplate\":\"https:\\\/\\\/www.pleteninespenko.si\\\/de\\\/?s={search_term_string}\"},\"query-input\":{\"@type\":\"PropertyValueSpecification\",\"valueRequired\":true,\"valueName\":\"search_term_string\"}}],\"inLanguage\":\"de\"},{\"@type\":\"Organization\",\"@id\":\"https:\\\/\\\/www.pleteninespenko.si\\\/de\\\/#organization\",\"name\":\"Pletenine \u0160penko\",\"url\":\"https:\\\/\\\/www.pleteninespenko.si\\\/de\\\/\",\"logo\":{\"@type\":\"ImageObject\",\"inLanguage\":\"de\",\"@id\":\"https:\\\/\\\/www.pleteninespenko.si\\\/de\\\/#\\\/schema\\\/logo\\\/image\\\/\",\"url\":\"https:\\\/\\\/www.pleteninespenko.si\\\/wp-content\\\/uploads\\\/2020\\\/06\\\/Pletenine_Spenko.png\",\"contentUrl\":\"https:\\\/\\\/www.pleteninespenko.si\\\/wp-content\\\/uploads\\\/2020\\\/06\\\/Pletenine_Spenko.png\",\"width\":717,\"height\":140,\"caption\":\"Pletenine \u0160penko\"},\"image\":{\"@id\":\"https:\\\/\\\/www.pleteninespenko.si\\\/de\\\/#\\\/schema\\\/logo\\\/image\\\/\"},\"sameAs\":[\"https:\\\/\\\/www.facebook.com\\\/PletenineSpenko\\\/\",\"https:\\\/\\\/www.instagram.com\\\/pleteninespenko\\\/\"]}]}<\/script>\n<!-- \/ Yoast SEO plugin. -->","yoast_head_json":{"title":"Lieferinformationen | Pletenine \u0160penko","robots":{"index":"index","follow":"follow","max-snippet":"max-snippet:-1","max-image-preview":"max-image-preview:large","max-video-preview":"max-video-preview:-1"},"canonical":"https:\/\/www.pleteninespenko.si\/de\/lieferinformationen\/","og_locale":"de_DE","og_type":"article","og_title":"Lieferinformationen | Pletenine \u0160penko","og_description":"Lieferung: Gekaufte Ware wird in der Regel sp\u00e4testens innerhalb von zwei Werktagen versandfertig gemacht. An Samstagen, Sonntagen und Feiertagen werden keine Warensendungen durchgef\u00fchrt. Bei Produkten, die nicht auf Lager sind, verl\u00e4ngert sich die Lieferzeit zus\u00e4tzlich, wor\u00fcber der Anbieter den Kunden telefonisch oder per E-Mail informiert. Der Anbieter bereitet den Artikel vor und versendet diesen innerhalb [&hellip;]","og_url":"https:\/\/www.pleteninespenko.si\/de\/lieferinformationen\/","og_site_name":"Pletenine \u0160penko","article_publisher":"https:\/\/www.facebook.com\/PletenineSpenko\/","article_modified_time":"2023-02-21T14:19:41+00:00","og_image":[{"url":"https:\/\/www.pleteninespenko.si\/wp-content\/uploads\/2020\/09\/Pletenine_Spenko_dostava-220x220.png","type":"","width":"","height":""}],"twitter_card":"summary_large_image","twitter_misc":{"Gesch\u00e4tzte Lesezeit":"2\u00a0Minuten"},"schema":{"@context":"https:\/\/schema.org","@graph":[{"@type":"WebPage","@id":"https:\/\/www.pleteninespenko.si\/de\/lieferinformationen\/","url":"https:\/\/www.pleteninespenko.si\/de\/lieferinformationen\/","name":"Lieferinformationen | Pletenine \u0160penko","isPartOf":{"@id":"https:\/\/www.pleteninespenko.si\/de\/#website"},"primaryImageOfPage":{"@id":"https:\/\/www.pleteninespenko.si\/de\/lieferinformationen\/#primaryimage"},"image":{"@id":"https:\/\/www.pleteninespenko.si\/de\/lieferinformationen\/#primaryimage"},"thumbnailUrl":"https:\/\/www.pleteninespenko.si\/wp-content\/uploads\/2020\/09\/Pletenine_Spenko_dostava-220x220.png","datePublished":"2021-11-07T10:28:49+00:00","dateModified":"2023-02-21T14:19:41+00:00","breadcrumb":{"@id":"https:\/\/www.pleteninespenko.si\/de\/lieferinformationen\/#breadcrumb"},"inLanguage":"de","potentialAction":[{"@type":"ReadAction","target":["https:\/\/www.pleteninespenko.si\/de\/lieferinformationen\/"]}]},{"@type":"ImageObject","inLanguage":"de","@id":"https:\/\/www.pleteninespenko.si\/de\/lieferinformationen\/#primaryimage","url":"https:\/\/www.pleteninespenko.si\/wp-content\/uploads\/2020\/09\/Pletenine_Spenko_dostava-220x220.png","contentUrl":"https:\/\/www.pleteninespenko.si\/wp-content\/uploads\/2020\/09\/Pletenine_Spenko_dostava-220x220.png"},{"@type":"BreadcrumbList","@id":"https:\/\/www.pleteninespenko.si\/de\/lieferinformationen\/#breadcrumb","itemListElement":[{"@type":"ListItem","position":1,"name":"Home","item":"https:\/\/www.pleteninespenko.si\/de\/"},{"@type":"ListItem","position":2,"name":"Lieferinformationen"}]},{"@type":"WebSite","@id":"https:\/\/www.pleteninespenko.si\/de\/#website","url":"https:\/\/www.pleteninespenko.si\/de\/","name":"Pletenine \u0160penko","description":"Damen- und Herrenstrickwaren nach der neuesten Mode","publisher":{"@id":"https:\/\/www.pleteninespenko.si\/de\/#organization"},"potentialAction":[{"@type":"SearchAction","target":{"@type":"EntryPoint","urlTemplate":"https:\/\/www.pleteninespenko.si\/de\/?s={search_term_string}"},"query-input":{"@type":"PropertyValueSpecification","valueRequired":true,"valueName":"search_term_string"}}],"inLanguage":"de"},{"@type":"Organization","@id":"https:\/\/www.pleteninespenko.si\/de\/#organization","name":"Pletenine \u0160penko","url":"https:\/\/www.pleteninespenko.si\/de\/","logo":{"@type":"ImageObject","inLanguage":"de","@id":"https:\/\/www.pleteninespenko.si\/de\/#\/schema\/logo\/image\/","url":"https:\/\/www.pleteninespenko.si\/wp-content\/uploads\/2020\/06\/Pletenine_Spenko.png","contentUrl":"https:\/\/www.pleteninespenko.si\/wp-content\/uploads\/2020\/06\/Pletenine_Spenko.png","width":717,"height":140,"caption":"Pletenine \u0160penko"},"image":{"@id":"https:\/\/www.pleteninespenko.si\/de\/#\/schema\/logo\/image\/"},"sameAs":["https:\/\/www.facebook.com\/PletenineSpenko\/","https:\/\/www.instagram.com\/pleteninespenko\/"]}]}},"_links":{"self":[{"href":"https:\/\/www.pleteninespenko.si\/de\/wp-json\/wp\/v2\/pages\/10805","targetHints":{"allow":["GET"]}}],"collection":[{"href":"https:\/\/www.pleteninespenko.si\/de\/wp-json\/wp\/v2\/pages"}],"about":[{"href":"https:\/\/www.pleteninespenko.si\/de\/wp-json\/wp\/v2\/types\/page"}],"author":[{"embeddable":true,"href":"https:\/\/www.pleteninespenko.si\/de\/wp-json\/wp\/v2\/users\/23"}],"replies":[{"embeddable":true,"href":"https:\/\/www.pleteninespenko.si\/de\/wp-json\/wp\/v2\/comments?post=10805"}],"version-history":[{"count":0,"href":"https:\/\/www.pleteninespenko.si\/de\/wp-json\/wp\/v2\/pages\/10805\/revisions"}],"wp:attachment":[{"href":"https:\/\/www.pleteninespenko.si\/de\/wp-json\/wp\/v2\/media?parent=10805"}],"curies":[{"name":"wp","href":"https:\/\/api.w.org\/{rel}","templated":true}]}}