{"id":10837,"date":"2021-11-08T19:21:16","date_gmt":"2021-11-08T18:21:16","guid":{"rendered":"https:\/\/www.pleteninespenko.si\/unsere-geschichte\/"},"modified":"2022-03-28T11:25:15","modified_gmt":"2022-03-28T09:25:15","slug":"unsere-geschichte","status":"publish","type":"page","link":"https:\/\/www.pleteninespenko.si\/de\/unsere-geschichte\/","title":{"rendered":"Unsere Geschichte"},"content":{"rendered":"<!--themify_builder_content-->\n<div id=\"themify_builder_content-10837\" data-postid=\"10837\" class=\"themify_builder_content themify_builder_content-10837 themify_builder tf_clear\">\n                    <div  data-css_id=\"mm13493\" data-lazy=\"1\" class=\"module_row themify_builder_row fullwidth_row_container tb_mm13493 tb_first tf_w\">\n                        <div class=\"row_inner col_align_top tb_col_count_1 tf_box tf_rel\">\n                        <div  data-lazy=\"1\" class=\"module_column tb-column col-full tb_ls4k495 first\">\n                    <!-- module text -->\n<div  class=\"module module-text tb_3n3j122   \" data-lazy=\"1\">\n        <div  class=\"tb_text_wrap\">\n        <h1 style=\"text-align: center;\">Unsere Geschichte<\/h1>    <\/div>\n<\/div>\n<!-- \/module text --><!-- module text -->\n<div  class=\"module module-text tb_3ce7230   \" data-lazy=\"1\">\n        <div  class=\"tb_text_wrap\">\n        <h2 style=\"text-align: center;\">Pr\u00e4sentation<\/h2>    <\/div>\n<\/div>\n<!-- \/module text --><!-- module divider -->\n<div  class=\"module tf_mw module-divider tb_0g3e441 dotted  divider-custom divider-center\" style=\"border-width: 4px;border-color: #9655a2;max-width: 450px;\" data-lazy=\"1\">\n    <\/div>\n<!-- \/module divider -->\n<!-- module text -->\n<div  class=\"module module-text tb_xbqc322   \" data-lazy=\"1\">\n        <div  class=\"tb_text_wrap\">\n        <p style=\"text-align: center;\">Pletenine \u0160penko ist ein Familienunternehmen, das\u00a0<strong><a href=\"http:\/\/pleteninespenko.si\/trgovina\/index.php?route=product\/category&amp;path=18\">Damen-<\/a><\/strong>\u00a0und\u00a0<strong><a href=\"http:\/\/pleteninespenko.si\/trgovina\/index.php?route=product\/category&amp;path=25\">Herren<\/a><\/strong>\u00a0Strickwaren herstellt. Auf dem slowenischen Markt sind wir seit 1972 erfolgreich t\u00e4tig. Das Unternehmen hat sich nach und nach erweitert und besch\u00e4ftigt heute \u00fcber 25 Mitarbeiter.<\/p>\n<p style=\"text-align: center;\">An Jubil\u00e4en erstellen wir unabh\u00e4ngige Modenschauen , die immer viel Begeisterung ernten.<\/p>\n<p style=\"text-align: center;\">Unsere Kollektionen zeichnen sich durch Farbvielfalt und Modellvielfalt aus. Wir produzieren klassische Modelle und solche f\u00fcr anspruchsvollere Kunden. Die Modelle lassen sich miteinander kombinieren, wobei wir unserer Fantasie freien Lauf lassen.<\/p>\n<p style=\"text-align: center;\">Auf Textilmessen wie\u00a0<strong><a href=\"http:\/\/www.pittimmagine.com\/en\/corporate\/fairs\/filati.html\">PITTI FILATTI<\/a><\/strong>\u00a0und <strong><a href=\"http:\/\/www.itma-showtime.com\/\">ITMA<\/a><\/strong> wir uns an Moderichtlinien.<br>Wir nehmen auch an verschiedenen Ausstellungen und Messen teil. Auf der Messe f\u00fcr Handwerk und Unternehmertum erhielten wir 2003 eine GOLD PLAQUE und 2005 zusammen mit der Textilabteilung einen GOLD AWARD.<\/p>\n<p style=\"text-align: center;\">Im Jahr 2002 erhielten wir\u00a0<strong><a href=\"http:\/\/pleteninespenko.si\/files\/5713\/4985\/3112\/pletenine_spenko_SQ.gif\">das SQ-Zeichen<\/a><\/strong> als Zeichen f\u00fcr Qualit\u00e4t und das nach modischen Richtlinien.\u00a0Besonders stolz sind wir auf die Auszeichnung f\u00fcr das innovativste Produkt, die uns 2011 vom Entwicklungsinstitut IRCUO verliehen wurde.<\/p>    <\/div>\n<\/div>\n<!-- \/module text -->        <\/div>\n                        <\/div>\n        <\/div>\n                        <div  data-css_id=\"f4ej662\" data-lazy=\"1\" class=\"module_row themify_builder_row fullwidth_row_container tb_f4ej662 tf_w\">\n                        <div class=\"row_inner col_align_top tb_col_count_1 tf_box tf_rel\">\n                        <div  data-lazy=\"1\" class=\"module_column tb-column col-full tb_2ces663 first\">\n                    <!-- module text -->\n<div  class=\"module module-text tb_sui6664   \" data-lazy=\"1\">\n        <div  class=\"tb_text_wrap\">\n        <h2 style=\"text-align: center;\">Was machen wir?<\/h2>    <\/div>\n<\/div>\n<!-- \/module text --><!-- module divider -->\n<div  class=\"module tf_mw module-divider tb_uijj666 dotted  divider-custom divider-center\" style=\"border-width: 4px;border-color: #9655a2;max-width: 450px;\" data-lazy=\"1\">\n    <\/div>\n<!-- \/module divider -->\n<div  id=\"tb_74uo852\" class=\"module module-mosaic tb_74uo852 tf_clearfix  pagination-disabled\" data-lazy=\"1\">\n\t\n\n\t\n\t\t\t<div id=\"tbm_tb_74uo852\" class=\"tpgs-wrap grid-stack tf_rel\" data-cell-height=\"150\" data-min-width=\"600\">\n\t\n\t\t<div data-gs-x=\"0\" data-gs-y=\"0\" data-gs-width=\"5\" data-gs-height=\"5\" data-hover=\"marley\" class=\"builder_mosaic_item tf_hidden tf_box \" data-effect=\"zoomInUp\">\n\t\t\t<figure class=\"mosaic-container tbm_eff_marley tf_rel tf_box tf_w tf_h tf_overflow tf_textc\">\n\t\t\t\t<img decoding=\"async\" src=\"https:\/\/www.pleteninespenko.si\/wp-content\/uploads\/2020\/06\/zenska_moda-750x750.jpg\" width=\"750\" height=\"750\" class=\"wp-post-image wp-image-8555\" title=\"Strickwaren f\u00fcr alle Generationen\" alt=\"Strickwaren f\u00fcr alle Generationen\" srcset=\"https:\/\/www.pleteninespenko.si\/wp-content\/uploads\/2020\/06\/zenska_moda-750x750.jpg 750w, https:\/\/www.pleteninespenko.si\/wp-content\/uploads\/2020\/06\/zenska_moda-300x300.jpg 300w, https:\/\/www.pleteninespenko.si\/wp-content\/uploads\/2020\/06\/zenska_moda-100x100.jpg 100w, https:\/\/www.pleteninespenko.si\/wp-content\/uploads\/2020\/06\/zenska_moda-150x150.jpg 150w, https:\/\/www.pleteninespenko.si\/wp-content\/uploads\/2020\/06\/zenska_moda-40x40.jpg 40w\" sizes=\"(max-width: 750px) 100vw, 750px\" \/>\t\t\t\t<figcaption class=\"tf_abs tf_w tf_h tf_box\">\n\t\t\t\t\t<div class=\"tbm_caption_wrapper tf_box\">\n\t\t\t\t\t\t\n\t\t\t\t\t\t\t\t\t\t\t\t\t\t<h2 class=\"tbm_title\">Strickwaren f\u00fcr alle Generationen<\/h2>\n\t\t\t\t\t\t\t\t\t\t\t\t\t\t\t\t\t\t\t<div class=\"tbm_caption tf_box\"><p>Wir stellen Damen- und Herrenpullover, Jacken und Westen her. F\u00fcr Damen bieten wir auch R\u00f6cke, Sets, Kleider, Tuniken, Leggings, Strickhosen, Ponchos, M\u00e4ntel, T-Shirts, Tops und gestrickte Modeaccessoires an.<\/p><\/div>\n\t\t\t\t\t\t\t\t\t\t\t<\/div>\n\t\t\t\t\t\t\t\t\t<\/figcaption>\n\n\t\t\t\t\t\t\t<\/figure>\n\t\t<\/div><!-- .post -->\n\t\t\n\t\t<div data-gs-x=\"5\" data-gs-y=\"0\" data-gs-width=\"7\" data-gs-height=\"3\" data-hover=\"marley\" class=\"builder_mosaic_item tf_hidden tf_box \" data-effect=\"zoomInUp\">\n\t\t\t<figure class=\"mosaic-container tbm_eff_marley tf_rel tf_box tf_w tf_h tf_overflow tf_textc\">\n\t\t\t\t<img decoding=\"async\" src=\"https:\/\/www.pleteninespenko.si\/wp-content\/uploads\/2020\/06\/lovske_jope-1-900x450.jpg\" width=\"1050\" height=\"450\" class=\"wp-post-image wp-image-8567\" title=\"Jagdprogramm\" alt=\"Jagdprogramm\">\t\t\t\t<figcaption class=\"tf_abs tf_w tf_h tf_box\">\n\t\t\t\t\t<div class=\"tbm_caption_wrapper tf_box\">\n\t\t\t\t\t\t\n\t\t\t\t\t\t\t\t\t\t\t\t\t\t<h2 class=\"tbm_title\">Jagdprogramm<\/h2>\n\t\t\t\t\t\t\t\t\t\t\t\t\t\t\t\t\t\t\t<div class=\"tbm_caption tf_box\"><p>Jagdjacken, Jagdpullover, Jagdwesten.<\/p><\/div>\n\t\t\t\t\t\t\t\t\t\t\t<\/div>\n\t\t\t\t\t\t\t\t\t<\/figcaption>\n\n\t\t\t\t\t\t\t<\/figure>\n\t\t<\/div><!-- .post -->\n\t\t\n\t\t<div data-gs-x=\"5\" data-gs-y=\"3\" data-gs-width=\"7\" data-gs-height=\"2\" data-hover=\"marley\" class=\"builder_mosaic_item tf_hidden tf_box \" data-effect=\"zoomInUp\">\n\t\t\t<figure class=\"mosaic-container tbm_eff_marley tf_rel tf_box tf_w tf_h tf_overflow tf_textc\">\n\t\t\t\t<img decoding=\"async\" src=\"https:\/\/www.pleteninespenko.si\/wp-content\/uploads\/2020\/06\/pleteno_blago-1-900x300.jpg\" width=\"1050\" height=\"300\" class=\"wp-post-image wp-image-8569\" title=\"Werbung Strickwaren\" alt=\"Werbung Strickwaren\">\t\t\t\t<figcaption class=\"tf_abs tf_w tf_h tf_box\">\n\t\t\t\t\t<div class=\"tbm_caption_wrapper tf_box\">\n\t\t\t\t\t\t\n\t\t\t\t\t\t\t\t\t\t\t\t\t\t<h2 class=\"tbm_title\">Werbung Strickwaren<\/h2>\n\t\t\t\t\t\t\t\t\t\t\t\t\t\t\t\t\t\t\t<div class=\"tbm_caption tf_box\"><p>Strickwaren, Werbestrickwaren f\u00fcr die Firmenwerbung mit Logo (keine Stickerei erforderlich) und Strickwaren f\u00fcr Uniformen wie Pullover, Jacken, Westen.<\/p><\/div>\n\t\t\t\t\t\t\t\t\t\t\t<\/div>\n\t\t\t\t\t\t\t\t\t<\/figcaption>\n\n\t\t\t\t\t\t\t<\/figure>\n\t\t<\/div><!-- .post -->\n\t\t<\/div><!-- .tpgs-wrap -->\n\t\t\t\n\t\t\n\t\t\t\t\t<style>\n\t\t\t\t@media(min-width:601px) {\n\t\t\t\t\t#tb_74uo852 .builder_mosaic_item{\n\t\t\t\t\t\tpadding:10px\n\t\t\t\t\t}\n\t\t\t\t\t#tb_74uo852 .grid-stack{\n\t\t\t\t\t\twidth:calc(100% + 20px);\n\t\t\t\t\t\tmargin-left:-10px\n\t\t\t\t\t}\n\t\t\t\t}\n\t\t\t<\/style>\n\t\t\n\t\n\t\n<\/div><!-- .module-mosaic -->\n        <\/div>\n                        <\/div>\n        <\/div>\n                        <div  data-css_id=\"o376705\" data-lazy=\"1\" class=\"module_row themify_builder_row fullwidth_row_container tb_o376705 tf_w\">\n                        <div class=\"row_inner col_align_top tb_col_count_1 tf_box tf_rel\">\n                        <div  data-lazy=\"1\" class=\"module_column tb-column col-full tb_pweq705 first\">\n                    <!-- module text -->\n<div  class=\"module module-text tb_1h8v129   \" data-lazy=\"1\">\n        <div  class=\"tb_text_wrap\">\n        <h2 style=\"text-align: center;\">Humanit\u00e4res Aktiv<\/h2>    <\/div>\n<\/div>\n<!-- \/module text --><!-- module divider -->\n<div  class=\"module tf_mw module-divider tb_2fso664 dotted  divider-custom divider-center\" style=\"border-width: 4px;border-color: #9655a2;max-width: 450px;\" data-lazy=\"1\">\n    <\/div>\n<!-- \/module divider -->\n<!-- module text -->\n<div  class=\"module module-text tb_h89m641   \" data-lazy=\"1\">\n        <div  class=\"tb_text_wrap\">\n        <p style=\"text-align: center;\">Nat\u00fcrlich tragen wir seit 2003 jedes Jahr Produkte f\u00fcr das vielversprechende Ensemble zur Veranstaltung SLOVENSKI SLAV\u010cEK bei. Wir spendeten auch an den\u00a0<strong>Zvezi prijateljev mladine Maribor<\/strong> und die Feuerwehr in der Umgebung.<\/p>    <\/div>\n<\/div>\n<!-- \/module text -->        <\/div>\n                        <\/div>\n        <\/div>\n        <\/div>\n<!--\/themify_builder_content-->","protected":false},"excerpt":{"rendered":"<p>Unsere Geschichte Pr\u00e4sentation Pletenine \u0160penko ist ein Familienunternehmen, das\u00a0Damen-\u00a0und\u00a0Herren\u00a0Strickwaren herstellt. Auf dem slowenischen Markt sind wir seit 1972 erfolgreich t\u00e4tig. Das Unternehmen hat sich nach und nach erweitert und besch\u00e4ftigt heute \u00fcber 25 Mitarbeiter. An Jubil\u00e4en erstellen wir unabh\u00e4ngige Modenschauen , die immer viel Begeisterung ernten. Unsere Kollektionen zeichnen sich durch Farbvielfalt und Modellvielfalt aus. [&hellip;]<\/p>\n","protected":false},"author":23,"featured_media":0,"parent":0,"menu_order":0,"comment_status":"closed","ping_status":"closed","template":"","meta":{"inline_featured_image":false,"footnotes":""},"class_list":["post-10837","page","type-page","status-publish","hentry","has-post-title","has-post-date","has-post-category","has-post-tag","has-post-comment","has-post-author",""],"yoast_head":"<!-- This site is optimized with the Yoast SEO plugin v27.4 - https:\/\/yoast.com\/product\/yoast-seo-wordpress\/ -->\n<title>Unsere Geschichte | Pletenine \u0160penko<\/title>\n<meta name=\"robots\" content=\"index, follow, max-snippet:-1, max-image-preview:large, max-video-preview:-1\" \/>\n<link rel=\"canonical\" href=\"https:\/\/www.pleteninespenko.si\/de\/unsere-geschichte\/\" \/>\n<meta property=\"og:locale\" content=\"de_DE\" \/>\n<meta property=\"og:type\" content=\"article\" \/>\n<meta property=\"og:title\" content=\"Unsere Geschichte | Pletenine \u0160penko\" \/>\n<meta property=\"og:description\" content=\"Unsere Geschichte Pr\u00e4sentation Pletenine \u0160penko ist ein Familienunternehmen, das\u00a0Damen-\u00a0und\u00a0Herren\u00a0Strickwaren herstellt. Auf dem slowenischen Markt sind wir seit 1972 erfolgreich t\u00e4tig. Das Unternehmen hat sich nach und nach erweitert und besch\u00e4ftigt heute \u00fcber 25 Mitarbeiter. An Jubil\u00e4en erstellen wir unabh\u00e4ngige Modenschauen , die immer viel Begeisterung ernten. Unsere Kollektionen zeichnen sich durch Farbvielfalt und Modellvielfalt aus. [&hellip;]\" \/>\n<meta property=\"og:url\" content=\"https:\/\/www.pleteninespenko.si\/de\/unsere-geschichte\/\" \/>\n<meta property=\"og:site_name\" content=\"Pletenine \u0160penko\" \/>\n<meta property=\"article:publisher\" content=\"https:\/\/www.facebook.com\/PletenineSpenko\/\" \/>\n<meta property=\"article:modified_time\" content=\"2022-03-28T09:25:15+00:00\" \/>\n<meta property=\"og:image\" content=\"https:\/\/www.pleteninespenko.si\/wp-content\/uploads\/2020\/06\/zenska_moda-750x750.jpg\" \/>\n<meta name=\"twitter:card\" content=\"summary_large_image\" \/>\n<meta name=\"twitter:label1\" content=\"Gesch\u00e4tzte Lesezeit\" \/>\n\t<meta name=\"twitter:data1\" content=\"1\u00a0Minute\" \/>\n<script type=\"application\/ld+json\" class=\"yoast-schema-graph\">{\"@context\":\"https:\\\/\\\/schema.org\",\"@graph\":[{\"@type\":\"WebPage\",\"@id\":\"https:\\\/\\\/www.pleteninespenko.si\\\/de\\\/unsere-geschichte\\\/\",\"url\":\"https:\\\/\\\/www.pleteninespenko.si\\\/de\\\/unsere-geschichte\\\/\",\"name\":\"Unsere Geschichte | Pletenine \u0160penko\",\"isPartOf\":{\"@id\":\"https:\\\/\\\/www.pleteninespenko.si\\\/de\\\/#website\"},\"primaryImageOfPage\":{\"@id\":\"https:\\\/\\\/www.pleteninespenko.si\\\/de\\\/unsere-geschichte\\\/#primaryimage\"},\"image\":{\"@id\":\"https:\\\/\\\/www.pleteninespenko.si\\\/de\\\/unsere-geschichte\\\/#primaryimage\"},\"thumbnailUrl\":\"https:\\\/\\\/www.pleteninespenko.si\\\/wp-content\\\/uploads\\\/2020\\\/06\\\/zenska_moda-750x750.jpg\",\"datePublished\":\"2021-11-08T18:21:16+00:00\",\"dateModified\":\"2022-03-28T09:25:15+00:00\",\"breadcrumb\":{\"@id\":\"https:\\\/\\\/www.pleteninespenko.si\\\/de\\\/unsere-geschichte\\\/#breadcrumb\"},\"inLanguage\":\"de\",\"potentialAction\":[{\"@type\":\"ReadAction\",\"target\":[\"https:\\\/\\\/www.pleteninespenko.si\\\/de\\\/unsere-geschichte\\\/\"]}]},{\"@type\":\"ImageObject\",\"inLanguage\":\"de\",\"@id\":\"https:\\\/\\\/www.pleteninespenko.si\\\/de\\\/unsere-geschichte\\\/#primaryimage\",\"url\":\"https:\\\/\\\/www.pleteninespenko.si\\\/wp-content\\\/uploads\\\/2020\\\/06\\\/zenska_moda-750x750.jpg\",\"contentUrl\":\"https:\\\/\\\/www.pleteninespenko.si\\\/wp-content\\\/uploads\\\/2020\\\/06\\\/zenska_moda-750x750.jpg\"},{\"@type\":\"BreadcrumbList\",\"@id\":\"https:\\\/\\\/www.pleteninespenko.si\\\/de\\\/unsere-geschichte\\\/#breadcrumb\",\"itemListElement\":[{\"@type\":\"ListItem\",\"position\":1,\"name\":\"Home\",\"item\":\"https:\\\/\\\/www.pleteninespenko.si\\\/de\\\/\"},{\"@type\":\"ListItem\",\"position\":2,\"name\":\"Unsere Geschichte\"}]},{\"@type\":\"WebSite\",\"@id\":\"https:\\\/\\\/www.pleteninespenko.si\\\/de\\\/#website\",\"url\":\"https:\\\/\\\/www.pleteninespenko.si\\\/de\\\/\",\"name\":\"Pletenine \u0160penko\",\"description\":\"Damen- und Herrenstrickwaren nach der neuesten Mode\",\"publisher\":{\"@id\":\"https:\\\/\\\/www.pleteninespenko.si\\\/de\\\/#organization\"},\"potentialAction\":[{\"@type\":\"SearchAction\",\"target\":{\"@type\":\"EntryPoint\",\"urlTemplate\":\"https:\\\/\\\/www.pleteninespenko.si\\\/de\\\/?s={search_term_string}\"},\"query-input\":{\"@type\":\"PropertyValueSpecification\",\"valueRequired\":true,\"valueName\":\"search_term_string\"}}],\"inLanguage\":\"de\"},{\"@type\":\"Organization\",\"@id\":\"https:\\\/\\\/www.pleteninespenko.si\\\/de\\\/#organization\",\"name\":\"Pletenine \u0160penko\",\"url\":\"https:\\\/\\\/www.pleteninespenko.si\\\/de\\\/\",\"logo\":{\"@type\":\"ImageObject\",\"inLanguage\":\"de\",\"@id\":\"https:\\\/\\\/www.pleteninespenko.si\\\/de\\\/#\\\/schema\\\/logo\\\/image\\\/\",\"url\":\"https:\\\/\\\/www.pleteninespenko.si\\\/wp-content\\\/uploads\\\/2020\\\/06\\\/Pletenine_Spenko.png\",\"contentUrl\":\"https:\\\/\\\/www.pleteninespenko.si\\\/wp-content\\\/uploads\\\/2020\\\/06\\\/Pletenine_Spenko.png\",\"width\":717,\"height\":140,\"caption\":\"Pletenine \u0160penko\"},\"image\":{\"@id\":\"https:\\\/\\\/www.pleteninespenko.si\\\/de\\\/#\\\/schema\\\/logo\\\/image\\\/\"},\"sameAs\":[\"https:\\\/\\\/www.facebook.com\\\/PletenineSpenko\\\/\",\"https:\\\/\\\/www.instagram.com\\\/pleteninespenko\\\/\"]}]}<\/script>\n<!-- \/ Yoast SEO plugin. -->","yoast_head_json":{"title":"Unsere Geschichte | Pletenine \u0160penko","robots":{"index":"index","follow":"follow","max-snippet":"max-snippet:-1","max-image-preview":"max-image-preview:large","max-video-preview":"max-video-preview:-1"},"canonical":"https:\/\/www.pleteninespenko.si\/de\/unsere-geschichte\/","og_locale":"de_DE","og_type":"article","og_title":"Unsere Geschichte | Pletenine \u0160penko","og_description":"Unsere Geschichte Pr\u00e4sentation Pletenine \u0160penko ist ein Familienunternehmen, das\u00a0Damen-\u00a0und\u00a0Herren\u00a0Strickwaren herstellt. Auf dem slowenischen Markt sind wir seit 1972 erfolgreich t\u00e4tig. Das Unternehmen hat sich nach und nach erweitert und besch\u00e4ftigt heute \u00fcber 25 Mitarbeiter. An Jubil\u00e4en erstellen wir unabh\u00e4ngige Modenschauen , die immer viel Begeisterung ernten. Unsere Kollektionen zeichnen sich durch Farbvielfalt und Modellvielfalt aus. [&hellip;]","og_url":"https:\/\/www.pleteninespenko.si\/de\/unsere-geschichte\/","og_site_name":"Pletenine \u0160penko","article_publisher":"https:\/\/www.facebook.com\/PletenineSpenko\/","article_modified_time":"2022-03-28T09:25:15+00:00","og_image":[{"url":"https:\/\/www.pleteninespenko.si\/wp-content\/uploads\/2020\/06\/zenska_moda-750x750.jpg","type":"","width":"","height":""}],"twitter_card":"summary_large_image","twitter_misc":{"Gesch\u00e4tzte Lesezeit":"1\u00a0Minute"},"schema":{"@context":"https:\/\/schema.org","@graph":[{"@type":"WebPage","@id":"https:\/\/www.pleteninespenko.si\/de\/unsere-geschichte\/","url":"https:\/\/www.pleteninespenko.si\/de\/unsere-geschichte\/","name":"Unsere Geschichte | Pletenine \u0160penko","isPartOf":{"@id":"https:\/\/www.pleteninespenko.si\/de\/#website"},"primaryImageOfPage":{"@id":"https:\/\/www.pleteninespenko.si\/de\/unsere-geschichte\/#primaryimage"},"image":{"@id":"https:\/\/www.pleteninespenko.si\/de\/unsere-geschichte\/#primaryimage"},"thumbnailUrl":"https:\/\/www.pleteninespenko.si\/wp-content\/uploads\/2020\/06\/zenska_moda-750x750.jpg","datePublished":"2021-11-08T18:21:16+00:00","dateModified":"2022-03-28T09:25:15+00:00","breadcrumb":{"@id":"https:\/\/www.pleteninespenko.si\/de\/unsere-geschichte\/#breadcrumb"},"inLanguage":"de","potentialAction":[{"@type":"ReadAction","target":["https:\/\/www.pleteninespenko.si\/de\/unsere-geschichte\/"]}]},{"@type":"ImageObject","inLanguage":"de","@id":"https:\/\/www.pleteninespenko.si\/de\/unsere-geschichte\/#primaryimage","url":"https:\/\/www.pleteninespenko.si\/wp-content\/uploads\/2020\/06\/zenska_moda-750x750.jpg","contentUrl":"https:\/\/www.pleteninespenko.si\/wp-content\/uploads\/2020\/06\/zenska_moda-750x750.jpg"},{"@type":"BreadcrumbList","@id":"https:\/\/www.pleteninespenko.si\/de\/unsere-geschichte\/#breadcrumb","itemListElement":[{"@type":"ListItem","position":1,"name":"Home","item":"https:\/\/www.pleteninespenko.si\/de\/"},{"@type":"ListItem","position":2,"name":"Unsere Geschichte"}]},{"@type":"WebSite","@id":"https:\/\/www.pleteninespenko.si\/de\/#website","url":"https:\/\/www.pleteninespenko.si\/de\/","name":"Pletenine \u0160penko","description":"Damen- und Herrenstrickwaren nach der neuesten Mode","publisher":{"@id":"https:\/\/www.pleteninespenko.si\/de\/#organization"},"potentialAction":[{"@type":"SearchAction","target":{"@type":"EntryPoint","urlTemplate":"https:\/\/www.pleteninespenko.si\/de\/?s={search_term_string}"},"query-input":{"@type":"PropertyValueSpecification","valueRequired":true,"valueName":"search_term_string"}}],"inLanguage":"de"},{"@type":"Organization","@id":"https:\/\/www.pleteninespenko.si\/de\/#organization","name":"Pletenine \u0160penko","url":"https:\/\/www.pleteninespenko.si\/de\/","logo":{"@type":"ImageObject","inLanguage":"de","@id":"https:\/\/www.pleteninespenko.si\/de\/#\/schema\/logo\/image\/","url":"https:\/\/www.pleteninespenko.si\/wp-content\/uploads\/2020\/06\/Pletenine_Spenko.png","contentUrl":"https:\/\/www.pleteninespenko.si\/wp-content\/uploads\/2020\/06\/Pletenine_Spenko.png","width":717,"height":140,"caption":"Pletenine \u0160penko"},"image":{"@id":"https:\/\/www.pleteninespenko.si\/de\/#\/schema\/logo\/image\/"},"sameAs":["https:\/\/www.facebook.com\/PletenineSpenko\/","https:\/\/www.instagram.com\/pleteninespenko\/"]}]}},"_links":{"self":[{"href":"https:\/\/www.pleteninespenko.si\/de\/wp-json\/wp\/v2\/pages\/10837","targetHints":{"allow":["GET"]}}],"collection":[{"href":"https:\/\/www.pleteninespenko.si\/de\/wp-json\/wp\/v2\/pages"}],"about":[{"href":"https:\/\/www.pleteninespenko.si\/de\/wp-json\/wp\/v2\/types\/page"}],"author":[{"embeddable":true,"href":"https:\/\/www.pleteninespenko.si\/de\/wp-json\/wp\/v2\/users\/23"}],"replies":[{"embeddable":true,"href":"https:\/\/www.pleteninespenko.si\/de\/wp-json\/wp\/v2\/comments?post=10837"}],"version-history":[{"count":0,"href":"https:\/\/www.pleteninespenko.si\/de\/wp-json\/wp\/v2\/pages\/10837\/revisions"}],"wp:attachment":[{"href":"https:\/\/www.pleteninespenko.si\/de\/wp-json\/wp\/v2\/media?parent=10837"}],"curies":[{"name":"wp","href":"https:\/\/api.w.org\/{rel}","templated":true}]}}