{"id":37701,"date":"2024-06-13T14:28:25","date_gmt":"2024-06-13T12:28:25","guid":{"rendered":"https:\/\/www.pleteninespenko.si\/?post_type=product&#038;p=37701"},"modified":"2025-09-01T00:15:41","modified_gmt":"2025-08-31T22:15:41","slug":"kleid-laura","status":"publish","type":"product","link":"https:\/\/www.pleteninespenko.si\/de\/handel\/damenstrickwaren\/kleider\/kleid-laura\/","title":{"rendered":"Kleid Laura"},"content":{"rendered":"<div><span style=\"color: #9655a2;\"><strong>Material:<\/strong><\/span><br \/>\n95 % Viskose<br \/>\n5 % Elasthan<\/div>\n<p>&nbsp;<\/p>\n<div>Falls Sie Ihre Gr\u00f6\u00dfe oder Farbe nicht finden, kontaktieren Sie uns per E-Mail <b><a href=\"mailto:info@pleteninespenko.si\" target=\"_blank\" rel=\"noopener noreferrer\">info@pleteninespenko.si<\/a><\/b> oder unter der Nummer <b><a href=\"tel:+386%201%20834%2015%2023\" target=\"_blank\" rel=\"noopener noreferrer\">01 834 15 23<\/a><\/b> oder <b><a href=\"tel:+386%2051%20304%20660\" target=\"_blank\" rel=\"noopener noreferrer\">051 304 660<\/a><\/b> &#8211; wir beraten Sie gerne Slowenisches Produkt, hergestellt in unserer Handwerkswerstatt in Komenda<\/div>\n<p>&nbsp;<\/p>\n<div>Erh\u00e4tlich in allen Gesch\u00e4ften <b><a href=\"https:\/\/www.pleteninespenko.si\/de\/wo-sind-wir\/\" target=\"_blank\" rel=\"noopener\"> in Slowenien und Kroatien<\/a><\/b>.<\/div>\n","protected":false},"excerpt":{"rendered":"<p>Sommerkleid aus Viskose mit Elasthan. Es eignet sich f\u00fcr hei\u00dfe Sommertage, denn das Viskosematerial selbst h\u00e4lt uns angenehm k\u00fchl. Das Kleid hat einen Prinzessinnenschnitt und kurze \u00c4rmel.<\/p>\n<p><strong><a href=\"https:\/\/www.pleteninespenko.si\/de\/geschaftsbedingungen\/#messungen\" target=\"_blank\" rel=\"noopener noreferrer\"> Denken Sie daran, sich selbst zu messen &gt;<\/a><\/strong><\/p>\n","protected":false},"featured_media":50752,"comment_status":"open","ping_status":"closed","template":"","meta":{"inline_featured_image":false},"pwb-brand":[2138],"product_brand":[],"product_cat":[2540,2741],"product_tag":[3103,2649],"class_list":{"0":"post-37701","1":"product","2":"type-product","3":"status-publish","4":"has-post-thumbnail","6":"pwb-brand-eigenproduktion","7":"product_cat-damenstrickwaren","8":"product_cat-kleider","9":"product_tag-elasthan","10":"product_tag-viskose","11":"has-post-title","12":"has-post-date","13":"has-post-category","14":"has-post-tag","15":"has-post-comment","16":"has-post-author","17":"","19":"first","20":"instock","21":"taxable","22":"shipping-taxable","23":"purchasable","24":"product-type-variable"},"yoast_head":"<!-- This site is optimized with the Yoast SEO plugin v27.4 - https:\/\/yoast.com\/product\/yoast-seo-wordpress\/ -->\n<title>Kleid Laura | Pletenine \u0160penko<\/title>\n<meta name=\"description\" content=\"Sommerkleid aus Viskose mit Elasthan. Es eignet sich f\u00fcr hei\u00dfe Sommertage, denn das Viskosematerial selbst h\u00e4lt uns angenehm k\u00fchl. Das Kleid hat einen Prinzessinnenschnitt und kurze \u00c4rmel.\" \/>\n<meta name=\"robots\" content=\"index, follow, max-snippet:-1, max-image-preview:large, max-video-preview:-1\" \/>\n<link rel=\"canonical\" href=\"https:\/\/www.pleteninespenko.si\/de\/handel\/damenstrickwaren\/kleider\/kleid-laura\/\" \/>\n<meta property=\"og:locale\" content=\"de_DE\" \/>\n<meta property=\"og:type\" content=\"article\" \/>\n<meta property=\"og:title\" content=\"Kleid Laura | Pletenine \u0160penko\" \/>\n<meta property=\"og:description\" content=\"Sommerkleid aus Viskose mit Elasthan. Es eignet sich f\u00fcr hei\u00dfe Sommertage, denn das Viskosematerial selbst h\u00e4lt uns angenehm k\u00fchl. Das Kleid hat einen Prinzessinnenschnitt und kurze \u00c4rmel.\" \/>\n<meta property=\"og:url\" content=\"https:\/\/www.pleteninespenko.si\/de\/handel\/damenstrickwaren\/kleider\/kleid-laura\/\" \/>\n<meta property=\"og:site_name\" content=\"Pletenine \u0160penko\" \/>\n<meta property=\"article:publisher\" content=\"https:\/\/www.facebook.com\/PletenineSpenko\/\" \/>\n<meta property=\"article:modified_time\" content=\"2025-08-31T22:15:41+00:00\" \/>\n<meta property=\"og:image\" content=\"https:\/\/www.pleteninespenko.si\/wp-content\/uploads\/2024\/06\/Pletenine-Spenko-zenske-pletenine-obleka-laura-belo-crna.jpg\" \/>\n\t<meta property=\"og:image:width\" content=\"1200\" \/>\n\t<meta property=\"og:image:height\" content=\"1324\" \/>\n\t<meta property=\"og:image:type\" content=\"image\/jpeg\" \/>\n<meta name=\"twitter:card\" content=\"summary_large_image\" \/>\n<meta name=\"twitter:label1\" content=\"Gesch\u00e4tzte Lesezeit\" \/>\n\t<meta name=\"twitter:data1\" content=\"1\u00a0Minute\" \/>\n<script type=\"application\/ld+json\" class=\"yoast-schema-graph\">{\"@context\":\"https:\\\/\\\/schema.org\",\"@graph\":[{\"@type\":\"WebPage\",\"@id\":\"https:\\\/\\\/www.pleteninespenko.si\\\/de\\\/handel\\\/damenstrickwaren\\\/kleider\\\/kleid-laura\\\/\",\"url\":\"https:\\\/\\\/www.pleteninespenko.si\\\/de\\\/handel\\\/damenstrickwaren\\\/kleider\\\/kleid-laura\\\/\",\"name\":\"Kleid Laura | Pletenine \u0160penko\",\"isPartOf\":{\"@id\":\"https:\\\/\\\/www.pleteninespenko.si\\\/de\\\/#website\"},\"primaryImageOfPage\":{\"@id\":\"https:\\\/\\\/www.pleteninespenko.si\\\/de\\\/handel\\\/damenstrickwaren\\\/kleider\\\/kleid-laura\\\/#primaryimage\"},\"image\":{\"@id\":\"https:\\\/\\\/www.pleteninespenko.si\\\/de\\\/handel\\\/damenstrickwaren\\\/kleider\\\/kleid-laura\\\/#primaryimage\"},\"thumbnailUrl\":\"https:\\\/\\\/www.pleteninespenko.si\\\/wp-content\\\/uploads\\\/2024\\\/06\\\/Pletenine-Spenko-zenske-pletenine-obleka-laura-crna-z-belimi-rozicami.jpg\",\"datePublished\":\"2024-06-13T12:28:25+00:00\",\"dateModified\":\"2025-08-31T22:15:41+00:00\",\"description\":\"Sommerkleid aus Viskose mit Elasthan. Es eignet sich f\u00fcr hei\u00dfe Sommertage, denn das Viskosematerial selbst h\u00e4lt uns angenehm k\u00fchl. Das Kleid hat einen Prinzessinnenschnitt und kurze \u00c4rmel.\",\"breadcrumb\":{\"@id\":\"https:\\\/\\\/www.pleteninespenko.si\\\/de\\\/handel\\\/damenstrickwaren\\\/kleider\\\/kleid-laura\\\/#breadcrumb\"},\"inLanguage\":\"de\",\"potentialAction\":[{\"@type\":\"ReadAction\",\"target\":[\"https:\\\/\\\/www.pleteninespenko.si\\\/de\\\/handel\\\/damenstrickwaren\\\/kleider\\\/kleid-laura\\\/\"]}]},{\"@type\":\"ImageObject\",\"inLanguage\":\"de\",\"@id\":\"https:\\\/\\\/www.pleteninespenko.si\\\/de\\\/handel\\\/damenstrickwaren\\\/kleider\\\/kleid-laura\\\/#primaryimage\",\"url\":\"https:\\\/\\\/www.pleteninespenko.si\\\/wp-content\\\/uploads\\\/2024\\\/06\\\/Pletenine-Spenko-zenske-pletenine-obleka-laura-crna-z-belimi-rozicami.jpg\",\"contentUrl\":\"https:\\\/\\\/www.pleteninespenko.si\\\/wp-content\\\/uploads\\\/2024\\\/06\\\/Pletenine-Spenko-zenske-pletenine-obleka-laura-crna-z-belimi-rozicami.jpg\",\"width\":1200,\"height\":1324,\"caption\":\"Sommerkleid aus Viskose mit Elasthan. Es eignet sich f\u00fcr hei\u00dfe Sommertage, denn das Viskosematerial selbst h\u00e4lt uns angenehm k\u00fchl. Das Kleid hat einen Prinzessinnenschnitt und kurze \u00c4rmel.\"},{\"@type\":\"BreadcrumbList\",\"@id\":\"https:\\\/\\\/www.pleteninespenko.si\\\/de\\\/handel\\\/damenstrickwaren\\\/kleider\\\/kleid-laura\\\/#breadcrumb\",\"itemListElement\":[{\"@type\":\"ListItem\",\"position\":1,\"name\":\"Home\",\"item\":\"https:\\\/\\\/www.pleteninespenko.si\\\/de\\\/\"},{\"@type\":\"ListItem\",\"position\":2,\"name\":\"Handel\",\"item\":\"https:\\\/\\\/www.pleteninespenko.si\\\/de\\\/handel\\\/\"},{\"@type\":\"ListItem\",\"position\":3,\"name\":\"Zasebno: Kleid Laura\"}]},{\"@type\":\"WebSite\",\"@id\":\"https:\\\/\\\/www.pleteninespenko.si\\\/de\\\/#website\",\"url\":\"https:\\\/\\\/www.pleteninespenko.si\\\/de\\\/\",\"name\":\"Pletenine \u0160penko\",\"description\":\"Damen- und Herrenstrickwaren nach der neuesten Mode\",\"publisher\":{\"@id\":\"https:\\\/\\\/www.pleteninespenko.si\\\/de\\\/#organization\"},\"potentialAction\":[{\"@type\":\"SearchAction\",\"target\":{\"@type\":\"EntryPoint\",\"urlTemplate\":\"https:\\\/\\\/www.pleteninespenko.si\\\/de\\\/?s={search_term_string}\"},\"query-input\":{\"@type\":\"PropertyValueSpecification\",\"valueRequired\":true,\"valueName\":\"search_term_string\"}}],\"inLanguage\":\"de\"},{\"@type\":\"Organization\",\"@id\":\"https:\\\/\\\/www.pleteninespenko.si\\\/de\\\/#organization\",\"name\":\"Pletenine \u0160penko\",\"url\":\"https:\\\/\\\/www.pleteninespenko.si\\\/de\\\/\",\"logo\":{\"@type\":\"ImageObject\",\"inLanguage\":\"de\",\"@id\":\"https:\\\/\\\/www.pleteninespenko.si\\\/de\\\/#\\\/schema\\\/logo\\\/image\\\/\",\"url\":\"https:\\\/\\\/www.pleteninespenko.si\\\/wp-content\\\/uploads\\\/2020\\\/06\\\/Pletenine_Spenko.png\",\"contentUrl\":\"https:\\\/\\\/www.pleteninespenko.si\\\/wp-content\\\/uploads\\\/2020\\\/06\\\/Pletenine_Spenko.png\",\"width\":717,\"height\":140,\"caption\":\"Pletenine \u0160penko\"},\"image\":{\"@id\":\"https:\\\/\\\/www.pleteninespenko.si\\\/de\\\/#\\\/schema\\\/logo\\\/image\\\/\"},\"sameAs\":[\"https:\\\/\\\/www.facebook.com\\\/PletenineSpenko\\\/\",\"https:\\\/\\\/www.instagram.com\\\/pleteninespenko\\\/\"]}]}<\/script>\n<!-- \/ Yoast SEO plugin. -->","yoast_head_json":{"title":"Kleid Laura | Pletenine \u0160penko","description":"Sommerkleid aus Viskose mit Elasthan. Es eignet sich f\u00fcr hei\u00dfe Sommertage, denn das Viskosematerial selbst h\u00e4lt uns angenehm k\u00fchl. Das Kleid hat einen Prinzessinnenschnitt und kurze \u00c4rmel.","robots":{"index":"index","follow":"follow","max-snippet":"max-snippet:-1","max-image-preview":"max-image-preview:large","max-video-preview":"max-video-preview:-1"},"canonical":"https:\/\/www.pleteninespenko.si\/de\/handel\/damenstrickwaren\/kleider\/kleid-laura\/","og_locale":"de_DE","og_type":"article","og_title":"Kleid Laura | Pletenine \u0160penko","og_description":"Sommerkleid aus Viskose mit Elasthan. Es eignet sich f\u00fcr hei\u00dfe Sommertage, denn das Viskosematerial selbst h\u00e4lt uns angenehm k\u00fchl. Das Kleid hat einen Prinzessinnenschnitt und kurze \u00c4rmel.","og_url":"https:\/\/www.pleteninespenko.si\/de\/handel\/damenstrickwaren\/kleider\/kleid-laura\/","og_site_name":"Pletenine \u0160penko","article_publisher":"https:\/\/www.facebook.com\/PletenineSpenko\/","article_modified_time":"2025-08-31T22:15:41+00:00","og_image":[{"width":1200,"height":1324,"url":"https:\/\/www.pleteninespenko.si\/wp-content\/uploads\/2024\/06\/Pletenine-Spenko-zenske-pletenine-obleka-laura-belo-crna.jpg","type":"image\/jpeg"}],"twitter_card":"summary_large_image","twitter_misc":{"Gesch\u00e4tzte Lesezeit":"1\u00a0Minute"},"schema":{"@context":"https:\/\/schema.org","@graph":[{"@type":"WebPage","@id":"https:\/\/www.pleteninespenko.si\/de\/handel\/damenstrickwaren\/kleider\/kleid-laura\/","url":"https:\/\/www.pleteninespenko.si\/de\/handel\/damenstrickwaren\/kleider\/kleid-laura\/","name":"Kleid Laura | Pletenine \u0160penko","isPartOf":{"@id":"https:\/\/www.pleteninespenko.si\/de\/#website"},"primaryImageOfPage":{"@id":"https:\/\/www.pleteninespenko.si\/de\/handel\/damenstrickwaren\/kleider\/kleid-laura\/#primaryimage"},"image":{"@id":"https:\/\/www.pleteninespenko.si\/de\/handel\/damenstrickwaren\/kleider\/kleid-laura\/#primaryimage"},"thumbnailUrl":"https:\/\/www.pleteninespenko.si\/wp-content\/uploads\/2024\/06\/Pletenine-Spenko-zenske-pletenine-obleka-laura-crna-z-belimi-rozicami.jpg","datePublished":"2024-06-13T12:28:25+00:00","dateModified":"2025-08-31T22:15:41+00:00","description":"Sommerkleid aus Viskose mit Elasthan. Es eignet sich f\u00fcr hei\u00dfe Sommertage, denn das Viskosematerial selbst h\u00e4lt uns angenehm k\u00fchl. Das Kleid hat einen Prinzessinnenschnitt und kurze \u00c4rmel.","breadcrumb":{"@id":"https:\/\/www.pleteninespenko.si\/de\/handel\/damenstrickwaren\/kleider\/kleid-laura\/#breadcrumb"},"inLanguage":"de","potentialAction":[{"@type":"ReadAction","target":["https:\/\/www.pleteninespenko.si\/de\/handel\/damenstrickwaren\/kleider\/kleid-laura\/"]}]},{"@type":"ImageObject","inLanguage":"de","@id":"https:\/\/www.pleteninespenko.si\/de\/handel\/damenstrickwaren\/kleider\/kleid-laura\/#primaryimage","url":"https:\/\/www.pleteninespenko.si\/wp-content\/uploads\/2024\/06\/Pletenine-Spenko-zenske-pletenine-obleka-laura-crna-z-belimi-rozicami.jpg","contentUrl":"https:\/\/www.pleteninespenko.si\/wp-content\/uploads\/2024\/06\/Pletenine-Spenko-zenske-pletenine-obleka-laura-crna-z-belimi-rozicami.jpg","width":1200,"height":1324,"caption":"Sommerkleid aus Viskose mit Elasthan. Es eignet sich f\u00fcr hei\u00dfe Sommertage, denn das Viskosematerial selbst h\u00e4lt uns angenehm k\u00fchl. Das Kleid hat einen Prinzessinnenschnitt und kurze \u00c4rmel."},{"@type":"BreadcrumbList","@id":"https:\/\/www.pleteninespenko.si\/de\/handel\/damenstrickwaren\/kleider\/kleid-laura\/#breadcrumb","itemListElement":[{"@type":"ListItem","position":1,"name":"Home","item":"https:\/\/www.pleteninespenko.si\/de\/"},{"@type":"ListItem","position":2,"name":"Handel","item":"https:\/\/www.pleteninespenko.si\/de\/handel\/"},{"@type":"ListItem","position":3,"name":"Zasebno: Kleid Laura"}]},{"@type":"WebSite","@id":"https:\/\/www.pleteninespenko.si\/de\/#website","url":"https:\/\/www.pleteninespenko.si\/de\/","name":"Pletenine \u0160penko","description":"Damen- und Herrenstrickwaren nach der neuesten Mode","publisher":{"@id":"https:\/\/www.pleteninespenko.si\/de\/#organization"},"potentialAction":[{"@type":"SearchAction","target":{"@type":"EntryPoint","urlTemplate":"https:\/\/www.pleteninespenko.si\/de\/?s={search_term_string}"},"query-input":{"@type":"PropertyValueSpecification","valueRequired":true,"valueName":"search_term_string"}}],"inLanguage":"de"},{"@type":"Organization","@id":"https:\/\/www.pleteninespenko.si\/de\/#organization","name":"Pletenine \u0160penko","url":"https:\/\/www.pleteninespenko.si\/de\/","logo":{"@type":"ImageObject","inLanguage":"de","@id":"https:\/\/www.pleteninespenko.si\/de\/#\/schema\/logo\/image\/","url":"https:\/\/www.pleteninespenko.si\/wp-content\/uploads\/2020\/06\/Pletenine_Spenko.png","contentUrl":"https:\/\/www.pleteninespenko.si\/wp-content\/uploads\/2020\/06\/Pletenine_Spenko.png","width":717,"height":140,"caption":"Pletenine \u0160penko"},"image":{"@id":"https:\/\/www.pleteninespenko.si\/de\/#\/schema\/logo\/image\/"},"sameAs":["https:\/\/www.facebook.com\/PletenineSpenko\/","https:\/\/www.instagram.com\/pleteninespenko\/"]}]}},"brands":[{"id":2138,"name":"Eigenproduktion","slug":"eigenproduktion"}],"_links":{"self":[{"href":"https:\/\/www.pleteninespenko.si\/de\/wp-json\/wp\/v2\/product\/37701","targetHints":{"allow":["GET"]}}],"collection":[{"href":"https:\/\/www.pleteninespenko.si\/de\/wp-json\/wp\/v2\/product"}],"about":[{"href":"https:\/\/www.pleteninespenko.si\/de\/wp-json\/wp\/v2\/types\/product"}],"replies":[{"embeddable":true,"href":"https:\/\/www.pleteninespenko.si\/de\/wp-json\/wp\/v2\/comments?post=37701"}],"wp:featuredmedia":[{"embeddable":true,"href":"https:\/\/www.pleteninespenko.si\/de\/wp-json\/wp\/v2\/media\/50752"}],"wp:attachment":[{"href":"https:\/\/www.pleteninespenko.si\/de\/wp-json\/wp\/v2\/media?parent=37701"}],"wp:term":[{"taxonomy":"pwb-brand","embeddable":true,"href":"https:\/\/www.pleteninespenko.si\/de\/wp-json\/wp\/v2\/pwb-brand?post=37701"},{"taxonomy":"product_brand","embeddable":true,"href":"https:\/\/www.pleteninespenko.si\/de\/wp-json\/wp\/v2\/product_brand?post=37701"},{"taxonomy":"product_cat","embeddable":true,"href":"https:\/\/www.pleteninespenko.si\/de\/wp-json\/wp\/v2\/product_cat?post=37701"},{"taxonomy":"product_tag","embeddable":true,"href":"https:\/\/www.pleteninespenko.si\/de\/wp-json\/wp\/v2\/product_tag?post=37701"}],"curies":[{"name":"wp","href":"https:\/\/api.w.org\/{rel}","templated":true}]}}