{"id":51516,"date":"2025-05-13T18:00:51","date_gmt":"2025-05-13T16:00:51","guid":{"rendered":"https:\/\/www.pleteninespenko.si\/?post_type=product&#038;p=51516"},"modified":"2026-03-03T00:07:32","modified_gmt":"2026-03-02T23:07:32","slug":"schal-shine","status":"publish","type":"product","link":"https:\/\/www.pleteninespenko.si\/de\/handel\/strickwaren-als-modeaccessoires\/schals-und-tucher\/schal-shine\/","title":{"rendered":"Schal Shine"},"content":{"rendered":"<div><span style=\"color: #9655a2;\"><strong>Material:<\/strong><\/span><br \/>\n100 % Seide<\/div>\n<p>&nbsp;<\/p>\n<div>Falls Sie Ihre Gr\u00f6\u00dfe oder Farbe nicht finden, kontaktieren Sie uns per E-Mail <b><a href=\"mailto:info@pleteninespenko.si\" target=\"_blank\" rel=\"noopener noreferrer\">info@pleteninespenko.si<\/a><\/b> oder unter der Nummer <b><a href=\"tel:+386%201%20834%2015%2023\" target=\"_blank\" rel=\"noopener noreferrer\">01 834 15 23<\/a><\/b> oder <b><a href=\"tel:+386%2051%20304%20660\" target=\"_blank\" rel=\"noopener noreferrer\">051 304 660<\/a><\/b> &#8211; wir beraten Sie gerne Slowenisches Produkt, hergestellt in unserer Handwerkswerstatt in Komenda<\/div>\n<p>&nbsp;<\/p>\n<div>Erh\u00e4tlich in allen Gesch\u00e4ften <b><a href=\"https:\/\/www.pleteninespenko.si\/de\/wo-sind-wir\/\" target=\"_blank\" rel=\"noopener\"> in Slowenien und Kroatien<\/a><\/b>.<\/div>\n","protected":false},"excerpt":{"rendered":"<p>Ein leichter und luftiger Schal mit zarten Fransen ist die perfekte Wahl f\u00fcr festliche Anl\u00e4sse. Er kann auch als elegantes Umschlagtuch getragen werden, das Sie dezent umh\u00fcllt und Ihr Kleid wunderbar erg\u00e4nzt. Mit seinem edlen Aussehen verleiht er jedem Outfit einen Hauch von Eleganz und Weiblichkeit.<\/p>\n<p><strong><a href=\"https:\/\/www.pleteninespenko.si\/de\/geschaftsbedingungen\/#messungen\" target=\"_blank\" rel=\"noopener noreferrer\"> Denken Sie daran, sich selbst zu messen &gt;<\/a><\/strong><\/p>\n","protected":false},"featured_media":51536,"comment_status":"open","ping_status":"closed","template":"","meta":{"inline_featured_image":false},"pwb-brand":[2138],"product_brand":[],"product_cat":[2541,2715],"product_tag":[2665],"class_list":{"0":"post-51516","1":"product","2":"type-product","3":"status-publish","4":"has-post-thumbnail","6":"pwb-brand-eigenproduktion","7":"product_cat-strickwaren-als-modeaccessoires","8":"product_cat-schals-und-tucher","9":"product_tag-seide","10":"has-post-title","11":"has-post-date","12":"has-post-category","13":"has-post-tag","14":"has-post-comment","15":"has-post-author","16":"","18":"first","19":"instock","20":"taxable","21":"shipping-taxable","22":"purchasable","23":"product-type-variable"},"yoast_head":"<!-- This site is optimized with the Yoast SEO plugin v27.4 - https:\/\/yoast.com\/product\/yoast-seo-wordpress\/ -->\n<title>Schal Shine | Pletenine \u0160penko<\/title>\n<meta name=\"description\" content=\"Ein leichter und luftiger Schal mit zarten Fransen ist die perfekte Wahl f\u00fcr festliche Anl\u00e4sse. Er kann auch als elegantes Umschlagtuch getragen werden, das Sie dezent umh\u00fcllt und Ihr Kleid wunderbar erg\u00e4nzt. Mit seinem edlen Aussehen verleiht er jedem Outfit einen Hauch von Eleganz und Weiblichkeit.\" \/>\n<meta name=\"robots\" content=\"index, follow, max-snippet:-1, max-image-preview:large, max-video-preview:-1\" \/>\n<link rel=\"canonical\" href=\"https:\/\/www.pleteninespenko.si\/de\/handel\/strickwaren-als-modeaccessoires\/schals-und-tucher\/schal-shine\/\" \/>\n<meta property=\"og:locale\" content=\"de_DE\" \/>\n<meta property=\"og:type\" content=\"article\" \/>\n<meta property=\"og:title\" content=\"Schal Shine | Pletenine \u0160penko\" \/>\n<meta property=\"og:description\" content=\"Ein leichter und luftiger Schal mit zarten Fransen ist die perfekte Wahl f\u00fcr festliche Anl\u00e4sse. Er kann auch als elegantes Umschlagtuch getragen werden, das Sie dezent umh\u00fcllt und Ihr Kleid wunderbar erg\u00e4nzt. Mit seinem edlen Aussehen verleiht er jedem Outfit einen Hauch von Eleganz und Weiblichkeit.\" \/>\n<meta property=\"og:url\" content=\"https:\/\/www.pleteninespenko.si\/de\/handel\/strickwaren-als-modeaccessoires\/schals-und-tucher\/schal-shine\/\" \/>\n<meta property=\"og:site_name\" content=\"Pletenine \u0160penko\" \/>\n<meta property=\"article:publisher\" content=\"https:\/\/www.facebook.com\/PletenineSpenko\/\" \/>\n<meta property=\"article:modified_time\" content=\"2026-03-02T23:07:32+00:00\" \/>\n<meta property=\"og:image\" content=\"https:\/\/www.pleteninespenko.si\/wp-content\/uploads\/2025\/05\/Pletenine-Spenko-zenske-pletenine-sal-shine.jpg\" \/>\n\t<meta property=\"og:image:width\" content=\"1200\" \/>\n\t<meta property=\"og:image:height\" content=\"1324\" \/>\n\t<meta property=\"og:image:type\" content=\"image\/jpeg\" \/>\n<meta name=\"twitter:card\" content=\"summary_large_image\" \/>\n<meta name=\"twitter:label1\" content=\"Gesch\u00e4tzte Lesezeit\" \/>\n\t<meta name=\"twitter:data1\" content=\"1\u00a0Minute\" \/>\n<script type=\"application\/ld+json\" class=\"yoast-schema-graph\">{\"@context\":\"https:\\\/\\\/schema.org\",\"@graph\":[{\"@type\":\"WebPage\",\"@id\":\"https:\\\/\\\/www.pleteninespenko.si\\\/de\\\/handel\\\/strickwaren-als-modeaccessoires\\\/schals-und-tucher\\\/schal-shine\\\/\",\"url\":\"https:\\\/\\\/www.pleteninespenko.si\\\/de\\\/handel\\\/strickwaren-als-modeaccessoires\\\/schals-und-tucher\\\/schal-shine\\\/\",\"name\":\"Schal Shine | Pletenine \u0160penko\",\"isPartOf\":{\"@id\":\"https:\\\/\\\/www.pleteninespenko.si\\\/de\\\/#website\"},\"primaryImageOfPage\":{\"@id\":\"https:\\\/\\\/www.pleteninespenko.si\\\/de\\\/handel\\\/strickwaren-als-modeaccessoires\\\/schals-und-tucher\\\/schal-shine\\\/#primaryimage\"},\"image\":{\"@id\":\"https:\\\/\\\/www.pleteninespenko.si\\\/de\\\/handel\\\/strickwaren-als-modeaccessoires\\\/schals-und-tucher\\\/schal-shine\\\/#primaryimage\"},\"thumbnailUrl\":\"https:\\\/\\\/www.pleteninespenko.si\\\/wp-content\\\/uploads\\\/2025\\\/05\\\/Pletenine-Spenko-zenske-pletenine-sal-shine.jpg\",\"datePublished\":\"2025-05-13T16:00:51+00:00\",\"dateModified\":\"2026-03-02T23:07:32+00:00\",\"description\":\"Ein leichter und luftiger Schal mit zarten Fransen ist die perfekte Wahl f\u00fcr festliche Anl\u00e4sse. Er kann auch als elegantes Umschlagtuch getragen werden, das Sie dezent umh\u00fcllt und Ihr Kleid wunderbar erg\u00e4nzt. Mit seinem edlen Aussehen verleiht er jedem Outfit einen Hauch von Eleganz und Weiblichkeit.\",\"breadcrumb\":{\"@id\":\"https:\\\/\\\/www.pleteninespenko.si\\\/de\\\/handel\\\/strickwaren-als-modeaccessoires\\\/schals-und-tucher\\\/schal-shine\\\/#breadcrumb\"},\"inLanguage\":\"de\",\"potentialAction\":[{\"@type\":\"ReadAction\",\"target\":[\"https:\\\/\\\/www.pleteninespenko.si\\\/de\\\/handel\\\/strickwaren-als-modeaccessoires\\\/schals-und-tucher\\\/schal-shine\\\/\"]}]},{\"@type\":\"ImageObject\",\"inLanguage\":\"de\",\"@id\":\"https:\\\/\\\/www.pleteninespenko.si\\\/de\\\/handel\\\/strickwaren-als-modeaccessoires\\\/schals-und-tucher\\\/schal-shine\\\/#primaryimage\",\"url\":\"https:\\\/\\\/www.pleteninespenko.si\\\/wp-content\\\/uploads\\\/2025\\\/05\\\/Pletenine-Spenko-zenske-pletenine-sal-shine.jpg\",\"contentUrl\":\"https:\\\/\\\/www.pleteninespenko.si\\\/wp-content\\\/uploads\\\/2025\\\/05\\\/Pletenine-Spenko-zenske-pletenine-sal-shine.jpg\",\"width\":1200,\"height\":1324,\"caption\":\"Ein leichter und luftiger Schal mit zarten Fransen ist die perfekte Wahl f\u00fcr festliche Anl\u00e4sse. Er kann auch als elegantes Umschlagtuch getragen werden, das Sie dezent umh\u00fcllt und Ihr Kleid wunderbar erg\u00e4nzt. Mit seinem edlen Aussehen verleiht er jedem Outfit einen Hauch von Eleganz und Weiblichkeit.\"},{\"@type\":\"BreadcrumbList\",\"@id\":\"https:\\\/\\\/www.pleteninespenko.si\\\/de\\\/handel\\\/strickwaren-als-modeaccessoires\\\/schals-und-tucher\\\/schal-shine\\\/#breadcrumb\",\"itemListElement\":[{\"@type\":\"ListItem\",\"position\":1,\"name\":\"Home\",\"item\":\"https:\\\/\\\/www.pleteninespenko.si\\\/de\\\/\"},{\"@type\":\"ListItem\",\"position\":2,\"name\":\"Handel\",\"item\":\"https:\\\/\\\/www.pleteninespenko.si\\\/de\\\/handel\\\/\"},{\"@type\":\"ListItem\",\"position\":3,\"name\":\"Schal Shine\"}]},{\"@type\":\"WebSite\",\"@id\":\"https:\\\/\\\/www.pleteninespenko.si\\\/de\\\/#website\",\"url\":\"https:\\\/\\\/www.pleteninespenko.si\\\/de\\\/\",\"name\":\"Pletenine \u0160penko\",\"description\":\"Damen- und Herrenstrickwaren nach der neuesten Mode\",\"publisher\":{\"@id\":\"https:\\\/\\\/www.pleteninespenko.si\\\/de\\\/#organization\"},\"potentialAction\":[{\"@type\":\"SearchAction\",\"target\":{\"@type\":\"EntryPoint\",\"urlTemplate\":\"https:\\\/\\\/www.pleteninespenko.si\\\/de\\\/?s={search_term_string}\"},\"query-input\":{\"@type\":\"PropertyValueSpecification\",\"valueRequired\":true,\"valueName\":\"search_term_string\"}}],\"inLanguage\":\"de\"},{\"@type\":\"Organization\",\"@id\":\"https:\\\/\\\/www.pleteninespenko.si\\\/de\\\/#organization\",\"name\":\"Pletenine \u0160penko\",\"url\":\"https:\\\/\\\/www.pleteninespenko.si\\\/de\\\/\",\"logo\":{\"@type\":\"ImageObject\",\"inLanguage\":\"de\",\"@id\":\"https:\\\/\\\/www.pleteninespenko.si\\\/de\\\/#\\\/schema\\\/logo\\\/image\\\/\",\"url\":\"https:\\\/\\\/www.pleteninespenko.si\\\/wp-content\\\/uploads\\\/2020\\\/06\\\/Pletenine_Spenko.png\",\"contentUrl\":\"https:\\\/\\\/www.pleteninespenko.si\\\/wp-content\\\/uploads\\\/2020\\\/06\\\/Pletenine_Spenko.png\",\"width\":717,\"height\":140,\"caption\":\"Pletenine \u0160penko\"},\"image\":{\"@id\":\"https:\\\/\\\/www.pleteninespenko.si\\\/de\\\/#\\\/schema\\\/logo\\\/image\\\/\"},\"sameAs\":[\"https:\\\/\\\/www.facebook.com\\\/PletenineSpenko\\\/\",\"https:\\\/\\\/www.instagram.com\\\/pleteninespenko\\\/\"]}]}<\/script>\n<!-- \/ Yoast SEO plugin. -->","yoast_head_json":{"title":"Schal Shine | Pletenine \u0160penko","description":"Ein leichter und luftiger Schal mit zarten Fransen ist die perfekte Wahl f\u00fcr festliche Anl\u00e4sse. Er kann auch als elegantes Umschlagtuch getragen werden, das Sie dezent umh\u00fcllt und Ihr Kleid wunderbar erg\u00e4nzt. Mit seinem edlen Aussehen verleiht er jedem Outfit einen Hauch von Eleganz und Weiblichkeit.","robots":{"index":"index","follow":"follow","max-snippet":"max-snippet:-1","max-image-preview":"max-image-preview:large","max-video-preview":"max-video-preview:-1"},"canonical":"https:\/\/www.pleteninespenko.si\/de\/handel\/strickwaren-als-modeaccessoires\/schals-und-tucher\/schal-shine\/","og_locale":"de_DE","og_type":"article","og_title":"Schal Shine | Pletenine \u0160penko","og_description":"Ein leichter und luftiger Schal mit zarten Fransen ist die perfekte Wahl f\u00fcr festliche Anl\u00e4sse. Er kann auch als elegantes Umschlagtuch getragen werden, das Sie dezent umh\u00fcllt und Ihr Kleid wunderbar erg\u00e4nzt. Mit seinem edlen Aussehen verleiht er jedem Outfit einen Hauch von Eleganz und Weiblichkeit.","og_url":"https:\/\/www.pleteninespenko.si\/de\/handel\/strickwaren-als-modeaccessoires\/schals-und-tucher\/schal-shine\/","og_site_name":"Pletenine \u0160penko","article_publisher":"https:\/\/www.facebook.com\/PletenineSpenko\/","article_modified_time":"2026-03-02T23:07:32+00:00","og_image":[{"width":1200,"height":1324,"url":"https:\/\/www.pleteninespenko.si\/wp-content\/uploads\/2025\/05\/Pletenine-Spenko-zenske-pletenine-sal-shine.jpg","type":"image\/jpeg"}],"twitter_card":"summary_large_image","twitter_misc":{"Gesch\u00e4tzte Lesezeit":"1\u00a0Minute"},"schema":{"@context":"https:\/\/schema.org","@graph":[{"@type":"WebPage","@id":"https:\/\/www.pleteninespenko.si\/de\/handel\/strickwaren-als-modeaccessoires\/schals-und-tucher\/schal-shine\/","url":"https:\/\/www.pleteninespenko.si\/de\/handel\/strickwaren-als-modeaccessoires\/schals-und-tucher\/schal-shine\/","name":"Schal Shine | Pletenine \u0160penko","isPartOf":{"@id":"https:\/\/www.pleteninespenko.si\/de\/#website"},"primaryImageOfPage":{"@id":"https:\/\/www.pleteninespenko.si\/de\/handel\/strickwaren-als-modeaccessoires\/schals-und-tucher\/schal-shine\/#primaryimage"},"image":{"@id":"https:\/\/www.pleteninespenko.si\/de\/handel\/strickwaren-als-modeaccessoires\/schals-und-tucher\/schal-shine\/#primaryimage"},"thumbnailUrl":"https:\/\/www.pleteninespenko.si\/wp-content\/uploads\/2025\/05\/Pletenine-Spenko-zenske-pletenine-sal-shine.jpg","datePublished":"2025-05-13T16:00:51+00:00","dateModified":"2026-03-02T23:07:32+00:00","description":"Ein leichter und luftiger Schal mit zarten Fransen ist die perfekte Wahl f\u00fcr festliche Anl\u00e4sse. Er kann auch als elegantes Umschlagtuch getragen werden, das Sie dezent umh\u00fcllt und Ihr Kleid wunderbar erg\u00e4nzt. Mit seinem edlen Aussehen verleiht er jedem Outfit einen Hauch von Eleganz und Weiblichkeit.","breadcrumb":{"@id":"https:\/\/www.pleteninespenko.si\/de\/handel\/strickwaren-als-modeaccessoires\/schals-und-tucher\/schal-shine\/#breadcrumb"},"inLanguage":"de","potentialAction":[{"@type":"ReadAction","target":["https:\/\/www.pleteninespenko.si\/de\/handel\/strickwaren-als-modeaccessoires\/schals-und-tucher\/schal-shine\/"]}]},{"@type":"ImageObject","inLanguage":"de","@id":"https:\/\/www.pleteninespenko.si\/de\/handel\/strickwaren-als-modeaccessoires\/schals-und-tucher\/schal-shine\/#primaryimage","url":"https:\/\/www.pleteninespenko.si\/wp-content\/uploads\/2025\/05\/Pletenine-Spenko-zenske-pletenine-sal-shine.jpg","contentUrl":"https:\/\/www.pleteninespenko.si\/wp-content\/uploads\/2025\/05\/Pletenine-Spenko-zenske-pletenine-sal-shine.jpg","width":1200,"height":1324,"caption":"Ein leichter und luftiger Schal mit zarten Fransen ist die perfekte Wahl f\u00fcr festliche Anl\u00e4sse. Er kann auch als elegantes Umschlagtuch getragen werden, das Sie dezent umh\u00fcllt und Ihr Kleid wunderbar erg\u00e4nzt. Mit seinem edlen Aussehen verleiht er jedem Outfit einen Hauch von Eleganz und Weiblichkeit."},{"@type":"BreadcrumbList","@id":"https:\/\/www.pleteninespenko.si\/de\/handel\/strickwaren-als-modeaccessoires\/schals-und-tucher\/schal-shine\/#breadcrumb","itemListElement":[{"@type":"ListItem","position":1,"name":"Home","item":"https:\/\/www.pleteninespenko.si\/de\/"},{"@type":"ListItem","position":2,"name":"Handel","item":"https:\/\/www.pleteninespenko.si\/de\/handel\/"},{"@type":"ListItem","position":3,"name":"Schal Shine"}]},{"@type":"WebSite","@id":"https:\/\/www.pleteninespenko.si\/de\/#website","url":"https:\/\/www.pleteninespenko.si\/de\/","name":"Pletenine \u0160penko","description":"Damen- und Herrenstrickwaren nach der neuesten Mode","publisher":{"@id":"https:\/\/www.pleteninespenko.si\/de\/#organization"},"potentialAction":[{"@type":"SearchAction","target":{"@type":"EntryPoint","urlTemplate":"https:\/\/www.pleteninespenko.si\/de\/?s={search_term_string}"},"query-input":{"@type":"PropertyValueSpecification","valueRequired":true,"valueName":"search_term_string"}}],"inLanguage":"de"},{"@type":"Organization","@id":"https:\/\/www.pleteninespenko.si\/de\/#organization","name":"Pletenine \u0160penko","url":"https:\/\/www.pleteninespenko.si\/de\/","logo":{"@type":"ImageObject","inLanguage":"de","@id":"https:\/\/www.pleteninespenko.si\/de\/#\/schema\/logo\/image\/","url":"https:\/\/www.pleteninespenko.si\/wp-content\/uploads\/2020\/06\/Pletenine_Spenko.png","contentUrl":"https:\/\/www.pleteninespenko.si\/wp-content\/uploads\/2020\/06\/Pletenine_Spenko.png","width":717,"height":140,"caption":"Pletenine \u0160penko"},"image":{"@id":"https:\/\/www.pleteninespenko.si\/de\/#\/schema\/logo\/image\/"},"sameAs":["https:\/\/www.facebook.com\/PletenineSpenko\/","https:\/\/www.instagram.com\/pleteninespenko\/"]}]}},"brands":[{"id":2138,"name":"Eigenproduktion","slug":"eigenproduktion"}],"_links":{"self":[{"href":"https:\/\/www.pleteninespenko.si\/de\/wp-json\/wp\/v2\/product\/51516","targetHints":{"allow":["GET"]}}],"collection":[{"href":"https:\/\/www.pleteninespenko.si\/de\/wp-json\/wp\/v2\/product"}],"about":[{"href":"https:\/\/www.pleteninespenko.si\/de\/wp-json\/wp\/v2\/types\/product"}],"replies":[{"embeddable":true,"href":"https:\/\/www.pleteninespenko.si\/de\/wp-json\/wp\/v2\/comments?post=51516"}],"wp:featuredmedia":[{"embeddable":true,"href":"https:\/\/www.pleteninespenko.si\/de\/wp-json\/wp\/v2\/media\/51536"}],"wp:attachment":[{"href":"https:\/\/www.pleteninespenko.si\/de\/wp-json\/wp\/v2\/media?parent=51516"}],"wp:term":[{"taxonomy":"pwb-brand","embeddable":true,"href":"https:\/\/www.pleteninespenko.si\/de\/wp-json\/wp\/v2\/pwb-brand?post=51516"},{"taxonomy":"product_brand","embeddable":true,"href":"https:\/\/www.pleteninespenko.si\/de\/wp-json\/wp\/v2\/product_brand?post=51516"},{"taxonomy":"product_cat","embeddable":true,"href":"https:\/\/www.pleteninespenko.si\/de\/wp-json\/wp\/v2\/product_cat?post=51516"},{"taxonomy":"product_tag","embeddable":true,"href":"https:\/\/www.pleteninespenko.si\/de\/wp-json\/wp\/v2\/product_tag?post=51516"}],"curies":[{"name":"wp","href":"https:\/\/api.w.org\/{rel}","templated":true}]}}