{"id":52507,"date":"2025-10-04T10:01:18","date_gmt":"2025-10-04T08:01:18","guid":{"rendered":"https:\/\/www.pleteninespenko.si\/?post_type=product&#038;p=52507"},"modified":"2026-03-03T00:07:45","modified_gmt":"2026-03-02T23:07:45","slug":"strickjacke-isabela","status":"publish","type":"product","link":"https:\/\/www.pleteninespenko.si\/de\/handel\/damenstrickwaren\/strickjacken-fur-damen\/strickjacke-isabela\/","title":{"rendered":"Strickjacke Isabela"},"content":{"rendered":"<div><span style=\"color: #9655a2;\"><br \/>\n  <strong>Material:<\/strong><br \/>\n<\/span><br \/>\n50% Wolle<br \/>\n50% Acryl<\/div>\n<p>&nbsp;<\/p>\n<div>Falls Sie Ihre Gr\u00f6\u00dfe oder Farbe nicht finden, kontaktieren Sie uns per E-Mail <a href=\"mailto:info@pleteninespenko.si\" target=\"_blank\" rel=\"noopener noreferrer\">info@pleteninespenko.si<\/a> oder unter der Nummer<a href=\"tel:+386%201%20834%2015%2023\" target=\"_blank\" rel=\"noopener noreferrer\"> 01 834 15 23<\/a> oder <a href=\"tel:+386%2051%20304%20660\" target=\"_blank\" rel=\"noopener noreferrer\">051 304 660<\/a> \u2013 wir beraten Sie gerne Slowenisches Produkt, hergestellt in unserer Handwerkswerstatt in Komenda. <\/div>\n<p>&nbsp;<\/p>\n<div>Erh\u00e4tlich in allen Gesch\u00e4ften in <a href=\"https:\/\/www.pleteninespenko.si\/de\/wo-sind-wir\/\">Slowenien und Kroatien<\/a>.<\/div>\n","protected":false},"excerpt":{"rendered":"<p>Eine lange Strickjacke aus hochwertigem Melange-Garn, die mit ihrem leichten, flie\u00dfenden Schnitt begeistert. Der weiche Schalkragen sorgt f\u00fcr zus\u00e4tzlichen Komfort und ein elegantes Erscheinungsbild, wodurch sie sowohl f\u00fcr den Alltag als auch f\u00fcr besondere Anl\u00e4sse geeignet ist. Sie ist in mehreren Farbt\u00f6nen erh\u00e4ltlich, die sich leicht mit verschiedenen Outfits kombinieren lassen. Dank ihrer Vielseitigkeit ist sie die perfekte Wahl f\u00fcr \u00dcbergangstage oder als w\u00e4rmendes Kleidungsst\u00fcck in k\u00e4lterem Wetter.   <\/p>\n<p><strong><a href=\"https:\/\/www.pleteninespenko.si\/de\/geschaftsbedingungen\/#mere\" target=\"_blank\" rel=\"noopener noreferrer\">Denken Sie daran, sich selbst zu messen &gt;<\/a><\/strong><\/p>\n","protected":false},"featured_media":52558,"comment_status":"open","ping_status":"closed","template":"","meta":{"inline_featured_image":false},"pwb-brand":[2138],"product_brand":[],"product_cat":[2540,2732],"product_tag":[2543,2921],"class_list":{"0":"post-52507","1":"product","2":"type-product","3":"status-publish","4":"has-post-thumbnail","6":"pwb-brand-eigenproduktion","7":"product_cat-damenstrickwaren","8":"product_cat-strickjacken-fur-damen","9":"product_tag-wolle","10":"product_tag-acryl","11":"has-post-title","12":"has-post-date","13":"has-post-category","14":"has-post-tag","15":"has-post-comment","16":"has-post-author","17":"","19":"first","20":"instock","21":"taxable","22":"shipping-taxable","23":"purchasable","24":"product-type-variable"},"yoast_head":"<!-- This site is optimized with the Yoast SEO plugin v27.5 - https:\/\/yoast.com\/product\/yoast-seo-wordpress\/ -->\n<title>Strickjacke Isabela | Pletenine \u0160penko<\/title>\n<meta name=\"description\" content=\"Eine lange Jacke aus hochwertigem Melange-Garn, die mit ihrem leichten, flie\u00dfenden Schnitt begeistert. Der weiche Schalkragen sorgt f\u00fcr zus\u00e4tzlichen Komfort und ein elegantes Erscheinungsbild, wodurch sie sowohl f\u00fcr den Alltag als auch f\u00fcr besondere Anl\u00e4sse geeignet ist.\" \/>\n<meta name=\"robots\" content=\"index, follow, max-snippet:-1, max-image-preview:large, max-video-preview:-1\" \/>\n<link rel=\"canonical\" href=\"https:\/\/www.pleteninespenko.si\/de\/handel\/damenstrickwaren\/strickjacken-fur-damen\/strickjacke-isabela\/\" \/>\n<meta property=\"og:locale\" content=\"de_DE\" \/>\n<meta property=\"og:type\" content=\"article\" \/>\n<meta property=\"og:title\" content=\"Strickjacke Isabela | Pletenine \u0160penko\" \/>\n<meta property=\"og:description\" content=\"Eine lange Jacke aus hochwertigem Melange-Garn, die mit ihrem leichten, flie\u00dfenden Schnitt begeistert. Der weiche Schalkragen sorgt f\u00fcr zus\u00e4tzlichen Komfort und ein elegantes Erscheinungsbild, wodurch sie sowohl f\u00fcr den Alltag als auch f\u00fcr besondere Anl\u00e4sse geeignet ist.\" \/>\n<meta property=\"og:url\" content=\"https:\/\/www.pleteninespenko.si\/de\/handel\/damenstrickwaren\/strickjacken-fur-damen\/strickjacke-isabela\/\" \/>\n<meta property=\"og:site_name\" content=\"Pletenine \u0160penko\" \/>\n<meta property=\"article:publisher\" content=\"https:\/\/www.facebook.com\/PletenineSpenko\/\" \/>\n<meta property=\"article:modified_time\" content=\"2026-03-02T23:07:45+00:00\" \/>\n<meta property=\"og:image\" content=\"https:\/\/www.pleteninespenko.si\/wp-content\/uploads\/2025\/10\/Pletenine-Spenko-zenske-pletenine-jopica-isabela-crna-bordo-2.jpg\" \/>\n\t<meta property=\"og:image:width\" content=\"1200\" \/>\n\t<meta property=\"og:image:height\" content=\"1324\" \/>\n\t<meta property=\"og:image:type\" content=\"image\/jpeg\" \/>\n<meta name=\"twitter:card\" content=\"summary_large_image\" \/>\n<meta name=\"twitter:label1\" content=\"Gesch\u00e4tzte Lesezeit\" \/>\n\t<meta name=\"twitter:data1\" content=\"1\u00a0Minute\" \/>\n<script type=\"application\/ld+json\" class=\"yoast-schema-graph\">{\"@context\":\"https:\\\/\\\/schema.org\",\"@graph\":[{\"@type\":\"WebPage\",\"@id\":\"https:\\\/\\\/www.pleteninespenko.si\\\/de\\\/handel\\\/damenstrickwaren\\\/strickjacken-fur-damen\\\/strickjacke-isabela\\\/\",\"url\":\"https:\\\/\\\/www.pleteninespenko.si\\\/de\\\/handel\\\/damenstrickwaren\\\/strickjacken-fur-damen\\\/strickjacke-isabela\\\/\",\"name\":\"Strickjacke Isabela | Pletenine \u0160penko\",\"isPartOf\":{\"@id\":\"https:\\\/\\\/www.pleteninespenko.si\\\/de\\\/#website\"},\"primaryImageOfPage\":{\"@id\":\"https:\\\/\\\/www.pleteninespenko.si\\\/de\\\/handel\\\/damenstrickwaren\\\/strickjacken-fur-damen\\\/strickjacke-isabela\\\/#primaryimage\"},\"image\":{\"@id\":\"https:\\\/\\\/www.pleteninespenko.si\\\/de\\\/handel\\\/damenstrickwaren\\\/strickjacken-fur-damen\\\/strickjacke-isabela\\\/#primaryimage\"},\"thumbnailUrl\":\"https:\\\/\\\/www.pleteninespenko.si\\\/wp-content\\\/uploads\\\/2025\\\/10\\\/Pletenine-Spenko-zenske-pletenine-jopica-isabela-crna-bordo-2.jpg\",\"datePublished\":\"2025-10-04T08:01:18+00:00\",\"dateModified\":\"2026-03-02T23:07:45+00:00\",\"description\":\"Eine lange Jacke aus hochwertigem Melange-Garn, die mit ihrem leichten, flie\u00dfenden Schnitt begeistert. Der weiche Schalkragen sorgt f\u00fcr zus\u00e4tzlichen Komfort und ein elegantes Erscheinungsbild, wodurch sie sowohl f\u00fcr den Alltag als auch f\u00fcr besondere Anl\u00e4sse geeignet ist.\",\"breadcrumb\":{\"@id\":\"https:\\\/\\\/www.pleteninespenko.si\\\/de\\\/handel\\\/damenstrickwaren\\\/strickjacken-fur-damen\\\/strickjacke-isabela\\\/#breadcrumb\"},\"inLanguage\":\"de\",\"potentialAction\":[{\"@type\":\"ReadAction\",\"target\":[\"https:\\\/\\\/www.pleteninespenko.si\\\/de\\\/handel\\\/damenstrickwaren\\\/strickjacken-fur-damen\\\/strickjacke-isabela\\\/\"]}]},{\"@type\":\"ImageObject\",\"inLanguage\":\"de\",\"@id\":\"https:\\\/\\\/www.pleteninespenko.si\\\/de\\\/handel\\\/damenstrickwaren\\\/strickjacken-fur-damen\\\/strickjacke-isabela\\\/#primaryimage\",\"url\":\"https:\\\/\\\/www.pleteninespenko.si\\\/wp-content\\\/uploads\\\/2025\\\/10\\\/Pletenine-Spenko-zenske-pletenine-jopica-isabela-crna-bordo-2.jpg\",\"contentUrl\":\"https:\\\/\\\/www.pleteninespenko.si\\\/wp-content\\\/uploads\\\/2025\\\/10\\\/Pletenine-Spenko-zenske-pletenine-jopica-isabela-crna-bordo-2.jpg\",\"width\":1200,\"height\":1324,\"caption\":\"Die Strickjacke Isabela ist eine lange Jacke aus hochwertigem Melange-Garn, die mit ihrem leichten, flie\u00dfenden Schnitt begeistert. Der weiche Schalkragen sorgt f\u00fcr zus\u00e4tzlichen Komfort und ein elegantes Erscheinungsbild, wodurch sie sowohl f\u00fcr den Alltag als auch f\u00fcr besondere Anl\u00e4sse geeignet ist. Sie ist in mehreren Farbt\u00f6nen erh\u00e4ltlich, die sich leicht mit verschiedenen Outfits kombinieren lassen. Dank ihrer Vielseitigkeit ist sie die perfekte Wahl f\u00fcr \u00dcbergangstage oder als w\u00e4rmendes Kleidungsst\u00fcck in k\u00e4lterem Wetter.\"},{\"@type\":\"BreadcrumbList\",\"@id\":\"https:\\\/\\\/www.pleteninespenko.si\\\/de\\\/handel\\\/damenstrickwaren\\\/strickjacken-fur-damen\\\/strickjacke-isabela\\\/#breadcrumb\",\"itemListElement\":[{\"@type\":\"ListItem\",\"position\":1,\"name\":\"Home\",\"item\":\"https:\\\/\\\/www.pleteninespenko.si\\\/de\\\/\"},{\"@type\":\"ListItem\",\"position\":2,\"name\":\"Handel\",\"item\":\"https:\\\/\\\/www.pleteninespenko.si\\\/de\\\/handel\\\/\"},{\"@type\":\"ListItem\",\"position\":3,\"name\":\"Strickjacke Isabela\"}]},{\"@type\":\"WebSite\",\"@id\":\"https:\\\/\\\/www.pleteninespenko.si\\\/de\\\/#website\",\"url\":\"https:\\\/\\\/www.pleteninespenko.si\\\/de\\\/\",\"name\":\"Pletenine \u0160penko\",\"description\":\"Damen- und Herrenstrickwaren nach der neuesten Mode\",\"publisher\":{\"@id\":\"https:\\\/\\\/www.pleteninespenko.si\\\/de\\\/#organization\"},\"potentialAction\":[{\"@type\":\"SearchAction\",\"target\":{\"@type\":\"EntryPoint\",\"urlTemplate\":\"https:\\\/\\\/www.pleteninespenko.si\\\/de\\\/?s={search_term_string}\"},\"query-input\":{\"@type\":\"PropertyValueSpecification\",\"valueRequired\":true,\"valueName\":\"search_term_string\"}}],\"inLanguage\":\"de\"},{\"@type\":\"Organization\",\"@id\":\"https:\\\/\\\/www.pleteninespenko.si\\\/de\\\/#organization\",\"name\":\"Pletenine \u0160penko\",\"url\":\"https:\\\/\\\/www.pleteninespenko.si\\\/de\\\/\",\"logo\":{\"@type\":\"ImageObject\",\"inLanguage\":\"de\",\"@id\":\"https:\\\/\\\/www.pleteninespenko.si\\\/de\\\/#\\\/schema\\\/logo\\\/image\\\/\",\"url\":\"https:\\\/\\\/www.pleteninespenko.si\\\/wp-content\\\/uploads\\\/2020\\\/06\\\/Pletenine_Spenko.png\",\"contentUrl\":\"https:\\\/\\\/www.pleteninespenko.si\\\/wp-content\\\/uploads\\\/2020\\\/06\\\/Pletenine_Spenko.png\",\"width\":717,\"height\":140,\"caption\":\"Pletenine \u0160penko\"},\"image\":{\"@id\":\"https:\\\/\\\/www.pleteninespenko.si\\\/de\\\/#\\\/schema\\\/logo\\\/image\\\/\"},\"sameAs\":[\"https:\\\/\\\/www.facebook.com\\\/PletenineSpenko\\\/\",\"https:\\\/\\\/www.instagram.com\\\/pleteninespenko\\\/\"]}]}<\/script>\n<!-- \/ Yoast SEO plugin. -->","yoast_head_json":{"title":"Strickjacke Isabela | Pletenine \u0160penko","description":"Eine lange Jacke aus hochwertigem Melange-Garn, die mit ihrem leichten, flie\u00dfenden Schnitt begeistert. Der weiche Schalkragen sorgt f\u00fcr zus\u00e4tzlichen Komfort und ein elegantes Erscheinungsbild, wodurch sie sowohl f\u00fcr den Alltag als auch f\u00fcr besondere Anl\u00e4sse geeignet ist.","robots":{"index":"index","follow":"follow","max-snippet":"max-snippet:-1","max-image-preview":"max-image-preview:large","max-video-preview":"max-video-preview:-1"},"canonical":"https:\/\/www.pleteninespenko.si\/de\/handel\/damenstrickwaren\/strickjacken-fur-damen\/strickjacke-isabela\/","og_locale":"de_DE","og_type":"article","og_title":"Strickjacke Isabela | Pletenine \u0160penko","og_description":"Eine lange Jacke aus hochwertigem Melange-Garn, die mit ihrem leichten, flie\u00dfenden Schnitt begeistert. Der weiche Schalkragen sorgt f\u00fcr zus\u00e4tzlichen Komfort und ein elegantes Erscheinungsbild, wodurch sie sowohl f\u00fcr den Alltag als auch f\u00fcr besondere Anl\u00e4sse geeignet ist.","og_url":"https:\/\/www.pleteninespenko.si\/de\/handel\/damenstrickwaren\/strickjacken-fur-damen\/strickjacke-isabela\/","og_site_name":"Pletenine \u0160penko","article_publisher":"https:\/\/www.facebook.com\/PletenineSpenko\/","article_modified_time":"2026-03-02T23:07:45+00:00","og_image":[{"width":1200,"height":1324,"url":"https:\/\/www.pleteninespenko.si\/wp-content\/uploads\/2025\/10\/Pletenine-Spenko-zenske-pletenine-jopica-isabela-crna-bordo-2.jpg","type":"image\/jpeg"}],"twitter_card":"summary_large_image","twitter_misc":{"Gesch\u00e4tzte Lesezeit":"1\u00a0Minute"},"schema":{"@context":"https:\/\/schema.org","@graph":[{"@type":"WebPage","@id":"https:\/\/www.pleteninespenko.si\/de\/handel\/damenstrickwaren\/strickjacken-fur-damen\/strickjacke-isabela\/","url":"https:\/\/www.pleteninespenko.si\/de\/handel\/damenstrickwaren\/strickjacken-fur-damen\/strickjacke-isabela\/","name":"Strickjacke Isabela | Pletenine \u0160penko","isPartOf":{"@id":"https:\/\/www.pleteninespenko.si\/de\/#website"},"primaryImageOfPage":{"@id":"https:\/\/www.pleteninespenko.si\/de\/handel\/damenstrickwaren\/strickjacken-fur-damen\/strickjacke-isabela\/#primaryimage"},"image":{"@id":"https:\/\/www.pleteninespenko.si\/de\/handel\/damenstrickwaren\/strickjacken-fur-damen\/strickjacke-isabela\/#primaryimage"},"thumbnailUrl":"https:\/\/www.pleteninespenko.si\/wp-content\/uploads\/2025\/10\/Pletenine-Spenko-zenske-pletenine-jopica-isabela-crna-bordo-2.jpg","datePublished":"2025-10-04T08:01:18+00:00","dateModified":"2026-03-02T23:07:45+00:00","description":"Eine lange Jacke aus hochwertigem Melange-Garn, die mit ihrem leichten, flie\u00dfenden Schnitt begeistert. Der weiche Schalkragen sorgt f\u00fcr zus\u00e4tzlichen Komfort und ein elegantes Erscheinungsbild, wodurch sie sowohl f\u00fcr den Alltag als auch f\u00fcr besondere Anl\u00e4sse geeignet ist.","breadcrumb":{"@id":"https:\/\/www.pleteninespenko.si\/de\/handel\/damenstrickwaren\/strickjacken-fur-damen\/strickjacke-isabela\/#breadcrumb"},"inLanguage":"de","potentialAction":[{"@type":"ReadAction","target":["https:\/\/www.pleteninespenko.si\/de\/handel\/damenstrickwaren\/strickjacken-fur-damen\/strickjacke-isabela\/"]}]},{"@type":"ImageObject","inLanguage":"de","@id":"https:\/\/www.pleteninespenko.si\/de\/handel\/damenstrickwaren\/strickjacken-fur-damen\/strickjacke-isabela\/#primaryimage","url":"https:\/\/www.pleteninespenko.si\/wp-content\/uploads\/2025\/10\/Pletenine-Spenko-zenske-pletenine-jopica-isabela-crna-bordo-2.jpg","contentUrl":"https:\/\/www.pleteninespenko.si\/wp-content\/uploads\/2025\/10\/Pletenine-Spenko-zenske-pletenine-jopica-isabela-crna-bordo-2.jpg","width":1200,"height":1324,"caption":"Die Strickjacke Isabela ist eine lange Jacke aus hochwertigem Melange-Garn, die mit ihrem leichten, flie\u00dfenden Schnitt begeistert. Der weiche Schalkragen sorgt f\u00fcr zus\u00e4tzlichen Komfort und ein elegantes Erscheinungsbild, wodurch sie sowohl f\u00fcr den Alltag als auch f\u00fcr besondere Anl\u00e4sse geeignet ist. Sie ist in mehreren Farbt\u00f6nen erh\u00e4ltlich, die sich leicht mit verschiedenen Outfits kombinieren lassen. Dank ihrer Vielseitigkeit ist sie die perfekte Wahl f\u00fcr \u00dcbergangstage oder als w\u00e4rmendes Kleidungsst\u00fcck in k\u00e4lterem Wetter."},{"@type":"BreadcrumbList","@id":"https:\/\/www.pleteninespenko.si\/de\/handel\/damenstrickwaren\/strickjacken-fur-damen\/strickjacke-isabela\/#breadcrumb","itemListElement":[{"@type":"ListItem","position":1,"name":"Home","item":"https:\/\/www.pleteninespenko.si\/de\/"},{"@type":"ListItem","position":2,"name":"Handel","item":"https:\/\/www.pleteninespenko.si\/de\/handel\/"},{"@type":"ListItem","position":3,"name":"Strickjacke Isabela"}]},{"@type":"WebSite","@id":"https:\/\/www.pleteninespenko.si\/de\/#website","url":"https:\/\/www.pleteninespenko.si\/de\/","name":"Pletenine \u0160penko","description":"Damen- und Herrenstrickwaren nach der neuesten Mode","publisher":{"@id":"https:\/\/www.pleteninespenko.si\/de\/#organization"},"potentialAction":[{"@type":"SearchAction","target":{"@type":"EntryPoint","urlTemplate":"https:\/\/www.pleteninespenko.si\/de\/?s={search_term_string}"},"query-input":{"@type":"PropertyValueSpecification","valueRequired":true,"valueName":"search_term_string"}}],"inLanguage":"de"},{"@type":"Organization","@id":"https:\/\/www.pleteninespenko.si\/de\/#organization","name":"Pletenine \u0160penko","url":"https:\/\/www.pleteninespenko.si\/de\/","logo":{"@type":"ImageObject","inLanguage":"de","@id":"https:\/\/www.pleteninespenko.si\/de\/#\/schema\/logo\/image\/","url":"https:\/\/www.pleteninespenko.si\/wp-content\/uploads\/2020\/06\/Pletenine_Spenko.png","contentUrl":"https:\/\/www.pleteninespenko.si\/wp-content\/uploads\/2020\/06\/Pletenine_Spenko.png","width":717,"height":140,"caption":"Pletenine \u0160penko"},"image":{"@id":"https:\/\/www.pleteninespenko.si\/de\/#\/schema\/logo\/image\/"},"sameAs":["https:\/\/www.facebook.com\/PletenineSpenko\/","https:\/\/www.instagram.com\/pleteninespenko\/"]}]}},"brands":[{"id":2138,"name":"Eigenproduktion","slug":"eigenproduktion"}],"_links":{"self":[{"href":"https:\/\/www.pleteninespenko.si\/de\/wp-json\/wp\/v2\/product\/52507","targetHints":{"allow":["GET"]}}],"collection":[{"href":"https:\/\/www.pleteninespenko.si\/de\/wp-json\/wp\/v2\/product"}],"about":[{"href":"https:\/\/www.pleteninespenko.si\/de\/wp-json\/wp\/v2\/types\/product"}],"replies":[{"embeddable":true,"href":"https:\/\/www.pleteninespenko.si\/de\/wp-json\/wp\/v2\/comments?post=52507"}],"wp:featuredmedia":[{"embeddable":true,"href":"https:\/\/www.pleteninespenko.si\/de\/wp-json\/wp\/v2\/media\/52558"}],"wp:attachment":[{"href":"https:\/\/www.pleteninespenko.si\/de\/wp-json\/wp\/v2\/media?parent=52507"}],"wp:term":[{"taxonomy":"pwb-brand","embeddable":true,"href":"https:\/\/www.pleteninespenko.si\/de\/wp-json\/wp\/v2\/pwb-brand?post=52507"},{"taxonomy":"product_brand","embeddable":true,"href":"https:\/\/www.pleteninespenko.si\/de\/wp-json\/wp\/v2\/product_brand?post=52507"},{"taxonomy":"product_cat","embeddable":true,"href":"https:\/\/www.pleteninespenko.si\/de\/wp-json\/wp\/v2\/product_cat?post=52507"},{"taxonomy":"product_tag","embeddable":true,"href":"https:\/\/www.pleteninespenko.si\/de\/wp-json\/wp\/v2\/product_tag?post=52507"}],"curies":[{"name":"wp","href":"https:\/\/api.w.org\/{rel}","templated":true}]}}