{"id":55130,"date":"2025-11-22T18:16:43","date_gmt":"2025-11-22T17:16:43","guid":{"rendered":"https:\/\/www.pleteninespenko.si\/?post_type=product&#038;p=55130"},"modified":"2026-03-04T00:02:41","modified_gmt":"2026-03-03T23:02:41","slug":"strickjacke-ozbej","status":"publish","type":"product","link":"https:\/\/www.pleteninespenko.si\/de\/handel\/herrenstrickwaren\/strickjacken-fur-herren\/strickjacke-ozbej\/","title":{"rendered":"Strickjacke O\u017ebej"},"content":{"rendered":"<div><span style=\"color: #9655a2;\"><strong>Material:<\/strong><\/span><br \/>\n50% Wolle<br \/>\n50% Acryl<\/div>\n<p>&nbsp;<\/p>\n<div>Falls Sie Ihre Gr\u00f6\u00dfe oder Farbe nicht finden, kontaktieren Sie uns per E-Mail <a href=\"mailto:info@pleteninespenko.si\" target=\"_blank\" rel=\"noopener noreferrer\">info@pleteninespenko.si<\/a> oder unter der Nummer <a href=\"tel:+386%201%20834%2015%2023\" target=\"_blank\" rel=\"noopener noreferrer\">01 834 15 23<\/a> oder <a href=\"tel:+386%2051%20304%20660\" target=\"_blank\" rel=\"noopener noreferrer\">051 304 660<\/a> \u2013 wir beraten Sie gerne. Slowenisches Produkt, hergestellt in unserer Handwerkswerstatt in Komenda. Slowenisches Produkt, hergestellt in unserer Handwerkswerstatt in Komenda.<\/div>\n<p>&nbsp;<\/p>\n<div>Erh\u00e4tlich in allen Gesch\u00e4ften in <a href=\"https:\/\/www.pleteninespenko.si\/de\/wo-sind-wir\/\">Slowenien und Kroatien<\/a>.<\/div>\n","protected":false},"excerpt":{"rendered":"<p>Sportliche Strickjacke aus reliefartigem Strick, die Komfort und Funktionalit\u00e4t vereint. Sie ist mit einer Kapuze, Taschen und verst\u00e4rkten \u00c4rmeln ausgestattet, was ihr ein modernes und praktisches Aussehen verleiht. Die Strickstruktur bietet W\u00e4rme und Komfort und erm\u00f6glicht gleichzeitig Bewegungsfreiheit f\u00fcr aktive Freizeitaktivit\u00e4ten. Ideal f\u00fcr den t\u00e4glichen Gebrauch, da sie sich perfekt in l\u00e4ssige Outfits und den sportlichen Stil integriert.<\/p>\n<p><strong><a href=\"https:\/\/www.pleteninespenko.si\/de\/geschaftsbedingungen\/#messungen\" target=\"_blank\" rel=\"noopener noreferrer\">Denken Sie daran, sich selbst zu messen &gt;<\/a><\/strong><\/p>\n","protected":false},"featured_media":55058,"comment_status":"open","ping_status":"closed","template":"","meta":{"inline_featured_image":false},"pwb-brand":[2138],"product_brand":[],"product_cat":[2544,2699],"product_tag":[2543,2921],"class_list":{"0":"post-55130","1":"product","2":"type-product","3":"status-publish","4":"has-post-thumbnail","6":"pwb-brand-eigenproduktion","7":"product_cat-herrenstrickwaren","8":"product_cat-strickjacken-fur-herren","9":"product_tag-wolle","10":"product_tag-acryl","11":"has-post-title","12":"has-post-date","13":"has-post-category","14":"has-post-tag","15":"has-post-comment","16":"has-post-author","17":"","19":"first","20":"instock","21":"taxable","22":"shipping-taxable","23":"purchasable","24":"product-type-variable"},"yoast_head":"<!-- This site is optimized with the Yoast SEO plugin v27.4 - https:\/\/yoast.com\/product\/yoast-seo-wordpress\/ -->\n<title>Strickjacke O\u017ebej | Pletenine \u0160penko<\/title>\n<meta name=\"description\" content=\"Sportliche Strickjacke aus reliefartigem Strick, die Komfort und Funktionalit\u00e4t vereint. Sie ist mit einer Kapuze, Taschen und verst\u00e4rkten \u00c4rmeln ausgestattet, was ihr ein modernes und praktisches Aussehen verleiht.\" \/>\n<meta name=\"robots\" content=\"index, follow, max-snippet:-1, max-image-preview:large, max-video-preview:-1\" \/>\n<link rel=\"canonical\" href=\"https:\/\/www.pleteninespenko.si\/de\/handel\/herrenstrickwaren\/strickjacken-fur-herren\/strickjacke-ozbej\/\" \/>\n<meta property=\"og:locale\" content=\"de_DE\" \/>\n<meta property=\"og:type\" content=\"article\" \/>\n<meta property=\"og:title\" content=\"Strickjacke O\u017ebej | Pletenine \u0160penko\" \/>\n<meta property=\"og:description\" content=\"Sportliche Strickjacke aus reliefartigem Strick, die Komfort und Funktionalit\u00e4t vereint. Sie ist mit einer Kapuze, Taschen und verst\u00e4rkten \u00c4rmeln ausgestattet, was ihr ein modernes und praktisches Aussehen verleiht.\" \/>\n<meta property=\"og:url\" content=\"https:\/\/www.pleteninespenko.si\/de\/handel\/herrenstrickwaren\/strickjacken-fur-herren\/strickjacke-ozbej\/\" \/>\n<meta property=\"og:site_name\" content=\"Pletenine \u0160penko\" \/>\n<meta property=\"article:publisher\" content=\"https:\/\/www.facebook.com\/PletenineSpenko\/\" \/>\n<meta property=\"article:modified_time\" content=\"2026-03-03T23:02:41+00:00\" \/>\n<meta property=\"og:image\" content=\"https:\/\/www.pleteninespenko.si\/wp-content\/uploads\/2025\/11\/Pletenine-Spenko-moske-pletenine-jopica-ozbej-modra.jpg\" \/>\n\t<meta property=\"og:image:width\" content=\"1200\" \/>\n\t<meta property=\"og:image:height\" content=\"1324\" \/>\n\t<meta property=\"og:image:type\" content=\"image\/jpeg\" \/>\n<meta name=\"twitter:card\" content=\"summary_large_image\" \/>\n<meta name=\"twitter:label1\" content=\"Gesch\u00e4tzte Lesezeit\" \/>\n\t<meta name=\"twitter:data1\" content=\"1\u00a0Minute\" \/>\n<script type=\"application\/ld+json\" class=\"yoast-schema-graph\">{\"@context\":\"https:\\\/\\\/schema.org\",\"@graph\":[{\"@type\":\"WebPage\",\"@id\":\"https:\\\/\\\/www.pleteninespenko.si\\\/de\\\/handel\\\/herrenstrickwaren\\\/strickjacken-fur-herren\\\/strickjacke-ozbej\\\/\",\"url\":\"https:\\\/\\\/www.pleteninespenko.si\\\/de\\\/handel\\\/herrenstrickwaren\\\/strickjacken-fur-herren\\\/strickjacke-ozbej\\\/\",\"name\":\"Strickjacke O\u017ebej | Pletenine \u0160penko\",\"isPartOf\":{\"@id\":\"https:\\\/\\\/www.pleteninespenko.si\\\/de\\\/#website\"},\"primaryImageOfPage\":{\"@id\":\"https:\\\/\\\/www.pleteninespenko.si\\\/de\\\/handel\\\/herrenstrickwaren\\\/strickjacken-fur-herren\\\/strickjacke-ozbej\\\/#primaryimage\"},\"image\":{\"@id\":\"https:\\\/\\\/www.pleteninespenko.si\\\/de\\\/handel\\\/herrenstrickwaren\\\/strickjacken-fur-herren\\\/strickjacke-ozbej\\\/#primaryimage\"},\"thumbnailUrl\":\"https:\\\/\\\/www.pleteninespenko.si\\\/wp-content\\\/uploads\\\/2025\\\/11\\\/Pletenine-Spenko-moske-pletenine-jopica-ozbej-modra.jpg\",\"datePublished\":\"2025-11-22T17:16:43+00:00\",\"dateModified\":\"2026-03-03T23:02:41+00:00\",\"description\":\"Sportliche Strickjacke aus reliefartigem Strick, die Komfort und Funktionalit\u00e4t vereint. Sie ist mit einer Kapuze, Taschen und verst\u00e4rkten \u00c4rmeln ausgestattet, was ihr ein modernes und praktisches Aussehen verleiht.\",\"breadcrumb\":{\"@id\":\"https:\\\/\\\/www.pleteninespenko.si\\\/de\\\/handel\\\/herrenstrickwaren\\\/strickjacken-fur-herren\\\/strickjacke-ozbej\\\/#breadcrumb\"},\"inLanguage\":\"de\",\"potentialAction\":[{\"@type\":\"ReadAction\",\"target\":[\"https:\\\/\\\/www.pleteninespenko.si\\\/de\\\/handel\\\/herrenstrickwaren\\\/strickjacken-fur-herren\\\/strickjacke-ozbej\\\/\"]}]},{\"@type\":\"ImageObject\",\"inLanguage\":\"de\",\"@id\":\"https:\\\/\\\/www.pleteninespenko.si\\\/de\\\/handel\\\/herrenstrickwaren\\\/strickjacken-fur-herren\\\/strickjacke-ozbej\\\/#primaryimage\",\"url\":\"https:\\\/\\\/www.pleteninespenko.si\\\/wp-content\\\/uploads\\\/2025\\\/11\\\/Pletenine-Spenko-moske-pletenine-jopica-ozbej-modra.jpg\",\"contentUrl\":\"https:\\\/\\\/www.pleteninespenko.si\\\/wp-content\\\/uploads\\\/2025\\\/11\\\/Pletenine-Spenko-moske-pletenine-jopica-ozbej-modra.jpg\",\"width\":1200,\"height\":1324,\"caption\":\"Sportliche Strickjacke aus reliefartigem Strick, die Komfort und Funktionalit\u00e4t vereint. Sie ist mit einer Kapuze, Taschen und verst\u00e4rkten \u00c4rmeln ausgestattet, was ihr ein modernes und praktisches Aussehen verleiht.\"},{\"@type\":\"BreadcrumbList\",\"@id\":\"https:\\\/\\\/www.pleteninespenko.si\\\/de\\\/handel\\\/herrenstrickwaren\\\/strickjacken-fur-herren\\\/strickjacke-ozbej\\\/#breadcrumb\",\"itemListElement\":[{\"@type\":\"ListItem\",\"position\":1,\"name\":\"Home\",\"item\":\"https:\\\/\\\/www.pleteninespenko.si\\\/de\\\/\"},{\"@type\":\"ListItem\",\"position\":2,\"name\":\"Handel\",\"item\":\"https:\\\/\\\/www.pleteninespenko.si\\\/de\\\/handel\\\/\"},{\"@type\":\"ListItem\",\"position\":3,\"name\":\"Strickjacke O\u017ebej\"}]},{\"@type\":\"WebSite\",\"@id\":\"https:\\\/\\\/www.pleteninespenko.si\\\/de\\\/#website\",\"url\":\"https:\\\/\\\/www.pleteninespenko.si\\\/de\\\/\",\"name\":\"Pletenine \u0160penko\",\"description\":\"Damen- und Herrenstrickwaren nach der neuesten Mode\",\"publisher\":{\"@id\":\"https:\\\/\\\/www.pleteninespenko.si\\\/de\\\/#organization\"},\"potentialAction\":[{\"@type\":\"SearchAction\",\"target\":{\"@type\":\"EntryPoint\",\"urlTemplate\":\"https:\\\/\\\/www.pleteninespenko.si\\\/de\\\/?s={search_term_string}\"},\"query-input\":{\"@type\":\"PropertyValueSpecification\",\"valueRequired\":true,\"valueName\":\"search_term_string\"}}],\"inLanguage\":\"de\"},{\"@type\":\"Organization\",\"@id\":\"https:\\\/\\\/www.pleteninespenko.si\\\/de\\\/#organization\",\"name\":\"Pletenine \u0160penko\",\"url\":\"https:\\\/\\\/www.pleteninespenko.si\\\/de\\\/\",\"logo\":{\"@type\":\"ImageObject\",\"inLanguage\":\"de\",\"@id\":\"https:\\\/\\\/www.pleteninespenko.si\\\/de\\\/#\\\/schema\\\/logo\\\/image\\\/\",\"url\":\"https:\\\/\\\/www.pleteninespenko.si\\\/wp-content\\\/uploads\\\/2020\\\/06\\\/Pletenine_Spenko.png\",\"contentUrl\":\"https:\\\/\\\/www.pleteninespenko.si\\\/wp-content\\\/uploads\\\/2020\\\/06\\\/Pletenine_Spenko.png\",\"width\":717,\"height\":140,\"caption\":\"Pletenine \u0160penko\"},\"image\":{\"@id\":\"https:\\\/\\\/www.pleteninespenko.si\\\/de\\\/#\\\/schema\\\/logo\\\/image\\\/\"},\"sameAs\":[\"https:\\\/\\\/www.facebook.com\\\/PletenineSpenko\\\/\",\"https:\\\/\\\/www.instagram.com\\\/pleteninespenko\\\/\"]}]}<\/script>\n<!-- \/ Yoast SEO plugin. -->","yoast_head_json":{"title":"Strickjacke O\u017ebej | Pletenine \u0160penko","description":"Sportliche Strickjacke aus reliefartigem Strick, die Komfort und Funktionalit\u00e4t vereint. Sie ist mit einer Kapuze, Taschen und verst\u00e4rkten \u00c4rmeln ausgestattet, was ihr ein modernes und praktisches Aussehen verleiht.","robots":{"index":"index","follow":"follow","max-snippet":"max-snippet:-1","max-image-preview":"max-image-preview:large","max-video-preview":"max-video-preview:-1"},"canonical":"https:\/\/www.pleteninespenko.si\/de\/handel\/herrenstrickwaren\/strickjacken-fur-herren\/strickjacke-ozbej\/","og_locale":"de_DE","og_type":"article","og_title":"Strickjacke O\u017ebej | Pletenine \u0160penko","og_description":"Sportliche Strickjacke aus reliefartigem Strick, die Komfort und Funktionalit\u00e4t vereint. Sie ist mit einer Kapuze, Taschen und verst\u00e4rkten \u00c4rmeln ausgestattet, was ihr ein modernes und praktisches Aussehen verleiht.","og_url":"https:\/\/www.pleteninespenko.si\/de\/handel\/herrenstrickwaren\/strickjacken-fur-herren\/strickjacke-ozbej\/","og_site_name":"Pletenine \u0160penko","article_publisher":"https:\/\/www.facebook.com\/PletenineSpenko\/","article_modified_time":"2026-03-03T23:02:41+00:00","og_image":[{"width":1200,"height":1324,"url":"https:\/\/www.pleteninespenko.si\/wp-content\/uploads\/2025\/11\/Pletenine-Spenko-moske-pletenine-jopica-ozbej-modra.jpg","type":"image\/jpeg"}],"twitter_card":"summary_large_image","twitter_misc":{"Gesch\u00e4tzte Lesezeit":"1\u00a0Minute"},"schema":{"@context":"https:\/\/schema.org","@graph":[{"@type":"WebPage","@id":"https:\/\/www.pleteninespenko.si\/de\/handel\/herrenstrickwaren\/strickjacken-fur-herren\/strickjacke-ozbej\/","url":"https:\/\/www.pleteninespenko.si\/de\/handel\/herrenstrickwaren\/strickjacken-fur-herren\/strickjacke-ozbej\/","name":"Strickjacke O\u017ebej | Pletenine \u0160penko","isPartOf":{"@id":"https:\/\/www.pleteninespenko.si\/de\/#website"},"primaryImageOfPage":{"@id":"https:\/\/www.pleteninespenko.si\/de\/handel\/herrenstrickwaren\/strickjacken-fur-herren\/strickjacke-ozbej\/#primaryimage"},"image":{"@id":"https:\/\/www.pleteninespenko.si\/de\/handel\/herrenstrickwaren\/strickjacken-fur-herren\/strickjacke-ozbej\/#primaryimage"},"thumbnailUrl":"https:\/\/www.pleteninespenko.si\/wp-content\/uploads\/2025\/11\/Pletenine-Spenko-moske-pletenine-jopica-ozbej-modra.jpg","datePublished":"2025-11-22T17:16:43+00:00","dateModified":"2026-03-03T23:02:41+00:00","description":"Sportliche Strickjacke aus reliefartigem Strick, die Komfort und Funktionalit\u00e4t vereint. Sie ist mit einer Kapuze, Taschen und verst\u00e4rkten \u00c4rmeln ausgestattet, was ihr ein modernes und praktisches Aussehen verleiht.","breadcrumb":{"@id":"https:\/\/www.pleteninespenko.si\/de\/handel\/herrenstrickwaren\/strickjacken-fur-herren\/strickjacke-ozbej\/#breadcrumb"},"inLanguage":"de","potentialAction":[{"@type":"ReadAction","target":["https:\/\/www.pleteninespenko.si\/de\/handel\/herrenstrickwaren\/strickjacken-fur-herren\/strickjacke-ozbej\/"]}]},{"@type":"ImageObject","inLanguage":"de","@id":"https:\/\/www.pleteninespenko.si\/de\/handel\/herrenstrickwaren\/strickjacken-fur-herren\/strickjacke-ozbej\/#primaryimage","url":"https:\/\/www.pleteninespenko.si\/wp-content\/uploads\/2025\/11\/Pletenine-Spenko-moske-pletenine-jopica-ozbej-modra.jpg","contentUrl":"https:\/\/www.pleteninespenko.si\/wp-content\/uploads\/2025\/11\/Pletenine-Spenko-moske-pletenine-jopica-ozbej-modra.jpg","width":1200,"height":1324,"caption":"Sportliche Strickjacke aus reliefartigem Strick, die Komfort und Funktionalit\u00e4t vereint. Sie ist mit einer Kapuze, Taschen und verst\u00e4rkten \u00c4rmeln ausgestattet, was ihr ein modernes und praktisches Aussehen verleiht."},{"@type":"BreadcrumbList","@id":"https:\/\/www.pleteninespenko.si\/de\/handel\/herrenstrickwaren\/strickjacken-fur-herren\/strickjacke-ozbej\/#breadcrumb","itemListElement":[{"@type":"ListItem","position":1,"name":"Home","item":"https:\/\/www.pleteninespenko.si\/de\/"},{"@type":"ListItem","position":2,"name":"Handel","item":"https:\/\/www.pleteninespenko.si\/de\/handel\/"},{"@type":"ListItem","position":3,"name":"Strickjacke O\u017ebej"}]},{"@type":"WebSite","@id":"https:\/\/www.pleteninespenko.si\/de\/#website","url":"https:\/\/www.pleteninespenko.si\/de\/","name":"Pletenine \u0160penko","description":"Damen- und Herrenstrickwaren nach der neuesten Mode","publisher":{"@id":"https:\/\/www.pleteninespenko.si\/de\/#organization"},"potentialAction":[{"@type":"SearchAction","target":{"@type":"EntryPoint","urlTemplate":"https:\/\/www.pleteninespenko.si\/de\/?s={search_term_string}"},"query-input":{"@type":"PropertyValueSpecification","valueRequired":true,"valueName":"search_term_string"}}],"inLanguage":"de"},{"@type":"Organization","@id":"https:\/\/www.pleteninespenko.si\/de\/#organization","name":"Pletenine \u0160penko","url":"https:\/\/www.pleteninespenko.si\/de\/","logo":{"@type":"ImageObject","inLanguage":"de","@id":"https:\/\/www.pleteninespenko.si\/de\/#\/schema\/logo\/image\/","url":"https:\/\/www.pleteninespenko.si\/wp-content\/uploads\/2020\/06\/Pletenine_Spenko.png","contentUrl":"https:\/\/www.pleteninespenko.si\/wp-content\/uploads\/2020\/06\/Pletenine_Spenko.png","width":717,"height":140,"caption":"Pletenine \u0160penko"},"image":{"@id":"https:\/\/www.pleteninespenko.si\/de\/#\/schema\/logo\/image\/"},"sameAs":["https:\/\/www.facebook.com\/PletenineSpenko\/","https:\/\/www.instagram.com\/pleteninespenko\/"]}]}},"brands":[{"id":2138,"name":"Eigenproduktion","slug":"eigenproduktion"}],"_links":{"self":[{"href":"https:\/\/www.pleteninespenko.si\/de\/wp-json\/wp\/v2\/product\/55130","targetHints":{"allow":["GET"]}}],"collection":[{"href":"https:\/\/www.pleteninespenko.si\/de\/wp-json\/wp\/v2\/product"}],"about":[{"href":"https:\/\/www.pleteninespenko.si\/de\/wp-json\/wp\/v2\/types\/product"}],"replies":[{"embeddable":true,"href":"https:\/\/www.pleteninespenko.si\/de\/wp-json\/wp\/v2\/comments?post=55130"}],"wp:featuredmedia":[{"embeddable":true,"href":"https:\/\/www.pleteninespenko.si\/de\/wp-json\/wp\/v2\/media\/55058"}],"wp:attachment":[{"href":"https:\/\/www.pleteninespenko.si\/de\/wp-json\/wp\/v2\/media?parent=55130"}],"wp:term":[{"taxonomy":"pwb-brand","embeddable":true,"href":"https:\/\/www.pleteninespenko.si\/de\/wp-json\/wp\/v2\/pwb-brand?post=55130"},{"taxonomy":"product_brand","embeddable":true,"href":"https:\/\/www.pleteninespenko.si\/de\/wp-json\/wp\/v2\/product_brand?post=55130"},{"taxonomy":"product_cat","embeddable":true,"href":"https:\/\/www.pleteninespenko.si\/de\/wp-json\/wp\/v2\/product_cat?post=55130"},{"taxonomy":"product_tag","embeddable":true,"href":"https:\/\/www.pleteninespenko.si\/de\/wp-json\/wp\/v2\/product_tag?post=55130"}],"curies":[{"name":"wp","href":"https:\/\/api.w.org\/{rel}","templated":true}]}}