{"id":57247,"date":"2026-03-14T11:11:25","date_gmt":"2026-03-14T10:11:25","guid":{"rendered":"https:\/\/www.pleteninespenko.si\/?post_type=product&#038;p=57247"},"modified":"2026-03-14T11:50:56","modified_gmt":"2026-03-14T10:50:56","slug":"pullover-selina","status":"publish","type":"product","link":"https:\/\/www.pleteninespenko.si\/de\/handel\/damenstrickwaren\/pullover-fur-damen\/pullover-selina\/","title":{"rendered":"Pullover Selina"},"content":{"rendered":"<div><span style=\"color: #9655a2;\"><strong>Material:<\/strong><\/span><br \/>\n50% Baumwolle<br \/>\n50% Acryl<\/div>\n<p>&nbsp;<\/p>\n<div>Falls Sie Ihre Gr\u00f6\u00dfe oder Farbe nicht finden, kontaktieren Sie uns per E-Mail <a href=\"mailto:info@pleteninespenko.si\" target=\"_blank\" rel=\"noopener noreferrer\">info@pleteninespenko.si<\/a> oder unter der Nummer<a href=\"tel:+386%201%20834%2015%2023\" target=\"_blank\" rel=\"noopener noreferrer\"> 01 834 15 23<\/a> oder <a href=\"tel:+386%2051%20304%20660\" target=\"_blank\" rel=\"noopener noreferrer\">051 304 660<\/a> \u2013 wir beraten Sie gerne Slowenisches Produkt, hergestellt in unserer Handwerkswerstatt in Komenda. <\/div>\n<p>&nbsp;<\/p>\n<div>Erh\u00e4tlich in allen Gesch\u00e4ften in <a href=\"https:\/\/www.pleteninespenko.si\/de\/wo-sind-wir\/\">Slowenien und Kroatien<\/a>.<\/div>\n","protected":false},"excerpt":{"rendered":"<p>Ein d\u00fcnner Strickpullover aus mehrfarbigem Garn mit sanftem Farbverlauf und Rundhalsausschnitt. Der leichte und bequeme Schnitt sorgt f\u00fcr angenehmen Tragekomfort und schafft einen frischen, entspannten Look. Er l\u00e4sst sich hervorragend mit Jeans oder klassischen Hosen kombinieren und eignet sich daher sowohl f\u00fcr den Alltag als auch f\u00fcr gepflegte Outfits.  <\/p>\n<p><strong><a href=\"https:\/\/www.pleteninespenko.si\/de\/geschaftsbedingungen\/#messungen\" target=\"_blank\" rel=\"noopener noreferrer\">Denken Sie daran, sich selbst zu messen &gt;<\/a><\/strong><\/p>\n","protected":false},"featured_media":57291,"comment_status":"open","ping_status":"closed","template":"","meta":{"inline_featured_image":false},"pwb-brand":[2138],"product_brand":[],"product_cat":[2540,2759],"product_tag":[1840,2374,2921],"class_list":{"0":"post-57247","1":"product","2":"type-product","3":"status-publish","4":"has-post-thumbnail","6":"pwb-brand-eigenproduktion","7":"product_cat-damenstrickwaren","8":"product_cat-pullover-fur-damen","9":"product_tag-baumwolle","10":"product_tag-neu","11":"product_tag-acryl","12":"has-post-title","13":"has-post-date","14":"has-post-category","15":"has-post-tag","16":"has-post-comment","17":"has-post-author","18":"","20":"first","21":"instock","22":"taxable","23":"shipping-taxable","24":"purchasable","25":"product-type-variable"},"yoast_head":"<!-- This site is optimized with the Yoast SEO plugin v27.5 - https:\/\/yoast.com\/product\/yoast-seo-wordpress\/ -->\n<title>Pullover Selina | Pletenine \u0160penko<\/title>\n<meta name=\"description\" content=\"Ein d\u00fcnner Strickpullover aus mehrfarbigem Garn mit sanftem Farbverlauf und Rundhalsausschnitt. Der leichte und bequeme Schnitt sorgt f\u00fcr angenehmen Tragekomfort und schafft einen frischen, entspannten Look.\" \/>\n<meta name=\"robots\" content=\"index, follow, max-snippet:-1, max-image-preview:large, max-video-preview:-1\" \/>\n<link rel=\"canonical\" href=\"https:\/\/www.pleteninespenko.si\/de\/handel\/damenstrickwaren\/pullover-fur-damen\/pullover-selina\/\" \/>\n<meta property=\"og:locale\" content=\"de_DE\" \/>\n<meta property=\"og:type\" content=\"article\" \/>\n<meta property=\"og:title\" content=\"Pullover Selina | Pletenine \u0160penko\" \/>\n<meta property=\"og:description\" content=\"Ein d\u00fcnner Strickpullover aus mehrfarbigem Garn mit sanftem Farbverlauf und Rundhalsausschnitt. Der leichte und bequeme Schnitt sorgt f\u00fcr angenehmen Tragekomfort und schafft einen frischen, entspannten Look.\" \/>\n<meta property=\"og:url\" content=\"https:\/\/www.pleteninespenko.si\/de\/handel\/damenstrickwaren\/pullover-fur-damen\/pullover-selina\/\" \/>\n<meta property=\"og:site_name\" content=\"Pletenine \u0160penko\" \/>\n<meta property=\"article:publisher\" content=\"https:\/\/www.facebook.com\/PletenineSpenko\/\" \/>\n<meta property=\"article:modified_time\" content=\"2026-03-14T10:50:56+00:00\" \/>\n<meta property=\"og:image\" content=\"https:\/\/www.pleteninespenko.si\/wp-content\/uploads\/2026\/03\/Pletenine-Spenko-zenske-pletenine-pulover-selina-belo-modra.jpg\" \/>\n\t<meta property=\"og:image:width\" content=\"1200\" \/>\n\t<meta property=\"og:image:height\" content=\"1324\" \/>\n\t<meta property=\"og:image:type\" content=\"image\/jpeg\" \/>\n<meta name=\"twitter:card\" content=\"summary_large_image\" \/>\n<meta name=\"twitter:label1\" content=\"Gesch\u00e4tzte Lesezeit\" \/>\n\t<meta name=\"twitter:data1\" content=\"1\u00a0Minute\" \/>\n<script type=\"application\/ld+json\" class=\"yoast-schema-graph\">{\"@context\":\"https:\\\/\\\/schema.org\",\"@graph\":[{\"@type\":\"WebPage\",\"@id\":\"https:\\\/\\\/www.pleteninespenko.si\\\/de\\\/handel\\\/damenstrickwaren\\\/pullover-fur-damen\\\/pullover-selina\\\/\",\"url\":\"https:\\\/\\\/www.pleteninespenko.si\\\/de\\\/handel\\\/damenstrickwaren\\\/pullover-fur-damen\\\/pullover-selina\\\/\",\"name\":\"Pullover Selina | Pletenine \u0160penko\",\"isPartOf\":{\"@id\":\"https:\\\/\\\/www.pleteninespenko.si\\\/de\\\/#website\"},\"primaryImageOfPage\":{\"@id\":\"https:\\\/\\\/www.pleteninespenko.si\\\/de\\\/handel\\\/damenstrickwaren\\\/pullover-fur-damen\\\/pullover-selina\\\/#primaryimage\"},\"image\":{\"@id\":\"https:\\\/\\\/www.pleteninespenko.si\\\/de\\\/handel\\\/damenstrickwaren\\\/pullover-fur-damen\\\/pullover-selina\\\/#primaryimage\"},\"thumbnailUrl\":\"https:\\\/\\\/www.pleteninespenko.si\\\/wp-content\\\/uploads\\\/2026\\\/03\\\/Pletenine-Spenko-zenske-pletenine-pulover-selina-belo-modra.jpg\",\"datePublished\":\"2026-03-14T10:11:25+00:00\",\"dateModified\":\"2026-03-14T10:50:56+00:00\",\"description\":\"Ein d\u00fcnner Strickpullover aus mehrfarbigem Garn mit sanftem Farbverlauf und Rundhalsausschnitt. Der leichte und bequeme Schnitt sorgt f\u00fcr angenehmen Tragekomfort und schafft einen frischen, entspannten Look.\",\"breadcrumb\":{\"@id\":\"https:\\\/\\\/www.pleteninespenko.si\\\/de\\\/handel\\\/damenstrickwaren\\\/pullover-fur-damen\\\/pullover-selina\\\/#breadcrumb\"},\"inLanguage\":\"de\",\"potentialAction\":[{\"@type\":\"ReadAction\",\"target\":[\"https:\\\/\\\/www.pleteninespenko.si\\\/de\\\/handel\\\/damenstrickwaren\\\/pullover-fur-damen\\\/pullover-selina\\\/\"]}]},{\"@type\":\"ImageObject\",\"inLanguage\":\"de\",\"@id\":\"https:\\\/\\\/www.pleteninespenko.si\\\/de\\\/handel\\\/damenstrickwaren\\\/pullover-fur-damen\\\/pullover-selina\\\/#primaryimage\",\"url\":\"https:\\\/\\\/www.pleteninespenko.si\\\/wp-content\\\/uploads\\\/2026\\\/03\\\/Pletenine-Spenko-zenske-pletenine-pulover-selina-belo-modra.jpg\",\"contentUrl\":\"https:\\\/\\\/www.pleteninespenko.si\\\/wp-content\\\/uploads\\\/2026\\\/03\\\/Pletenine-Spenko-zenske-pletenine-pulover-selina-belo-modra.jpg\",\"width\":1200,\"height\":1324,\"caption\":\"Ein d\u00fcnner Strickpullover aus mehrfarbigem Garn mit sanftem Farbverlauf und Rundhalsausschnitt. Der leichte und bequeme Schnitt sorgt f\u00fcr angenehmen Tragekomfort und schafft einen frischen, entspannten Look. Er l\u00e4sst sich hervorragend mit Jeans oder klassischen Hosen kombinieren und eignet sich daher sowohl f\u00fcr den Alltag als auch f\u00fcr gepflegte Outfits.\"},{\"@type\":\"BreadcrumbList\",\"@id\":\"https:\\\/\\\/www.pleteninespenko.si\\\/de\\\/handel\\\/damenstrickwaren\\\/pullover-fur-damen\\\/pullover-selina\\\/#breadcrumb\",\"itemListElement\":[{\"@type\":\"ListItem\",\"position\":1,\"name\":\"Home\",\"item\":\"https:\\\/\\\/www.pleteninespenko.si\\\/de\\\/\"},{\"@type\":\"ListItem\",\"position\":2,\"name\":\"Handel\",\"item\":\"https:\\\/\\\/www.pleteninespenko.si\\\/de\\\/handel\\\/\"},{\"@type\":\"ListItem\",\"position\":3,\"name\":\"Pullover Selina\"}]},{\"@type\":\"WebSite\",\"@id\":\"https:\\\/\\\/www.pleteninespenko.si\\\/de\\\/#website\",\"url\":\"https:\\\/\\\/www.pleteninespenko.si\\\/de\\\/\",\"name\":\"Pletenine \u0160penko\",\"description\":\"Damen- und Herrenstrickwaren nach der neuesten Mode\",\"publisher\":{\"@id\":\"https:\\\/\\\/www.pleteninespenko.si\\\/de\\\/#organization\"},\"potentialAction\":[{\"@type\":\"SearchAction\",\"target\":{\"@type\":\"EntryPoint\",\"urlTemplate\":\"https:\\\/\\\/www.pleteninespenko.si\\\/de\\\/?s={search_term_string}\"},\"query-input\":{\"@type\":\"PropertyValueSpecification\",\"valueRequired\":true,\"valueName\":\"search_term_string\"}}],\"inLanguage\":\"de\"},{\"@type\":\"Organization\",\"@id\":\"https:\\\/\\\/www.pleteninespenko.si\\\/de\\\/#organization\",\"name\":\"Pletenine \u0160penko\",\"url\":\"https:\\\/\\\/www.pleteninespenko.si\\\/de\\\/\",\"logo\":{\"@type\":\"ImageObject\",\"inLanguage\":\"de\",\"@id\":\"https:\\\/\\\/www.pleteninespenko.si\\\/de\\\/#\\\/schema\\\/logo\\\/image\\\/\",\"url\":\"https:\\\/\\\/www.pleteninespenko.si\\\/wp-content\\\/uploads\\\/2020\\\/06\\\/Pletenine_Spenko.png\",\"contentUrl\":\"https:\\\/\\\/www.pleteninespenko.si\\\/wp-content\\\/uploads\\\/2020\\\/06\\\/Pletenine_Spenko.png\",\"width\":717,\"height\":140,\"caption\":\"Pletenine \u0160penko\"},\"image\":{\"@id\":\"https:\\\/\\\/www.pleteninespenko.si\\\/de\\\/#\\\/schema\\\/logo\\\/image\\\/\"},\"sameAs\":[\"https:\\\/\\\/www.facebook.com\\\/PletenineSpenko\\\/\",\"https:\\\/\\\/www.instagram.com\\\/pleteninespenko\\\/\"]}]}<\/script>\n<!-- \/ Yoast SEO plugin. -->","yoast_head_json":{"title":"Pullover Selina | Pletenine \u0160penko","description":"Ein d\u00fcnner Strickpullover aus mehrfarbigem Garn mit sanftem Farbverlauf und Rundhalsausschnitt. Der leichte und bequeme Schnitt sorgt f\u00fcr angenehmen Tragekomfort und schafft einen frischen, entspannten Look.","robots":{"index":"index","follow":"follow","max-snippet":"max-snippet:-1","max-image-preview":"max-image-preview:large","max-video-preview":"max-video-preview:-1"},"canonical":"https:\/\/www.pleteninespenko.si\/de\/handel\/damenstrickwaren\/pullover-fur-damen\/pullover-selina\/","og_locale":"de_DE","og_type":"article","og_title":"Pullover Selina | Pletenine \u0160penko","og_description":"Ein d\u00fcnner Strickpullover aus mehrfarbigem Garn mit sanftem Farbverlauf und Rundhalsausschnitt. Der leichte und bequeme Schnitt sorgt f\u00fcr angenehmen Tragekomfort und schafft einen frischen, entspannten Look.","og_url":"https:\/\/www.pleteninespenko.si\/de\/handel\/damenstrickwaren\/pullover-fur-damen\/pullover-selina\/","og_site_name":"Pletenine \u0160penko","article_publisher":"https:\/\/www.facebook.com\/PletenineSpenko\/","article_modified_time":"2026-03-14T10:50:56+00:00","og_image":[{"width":1200,"height":1324,"url":"https:\/\/www.pleteninespenko.si\/wp-content\/uploads\/2026\/03\/Pletenine-Spenko-zenske-pletenine-pulover-selina-belo-modra.jpg","type":"image\/jpeg"}],"twitter_card":"summary_large_image","twitter_misc":{"Gesch\u00e4tzte Lesezeit":"1\u00a0Minute"},"schema":{"@context":"https:\/\/schema.org","@graph":[{"@type":"WebPage","@id":"https:\/\/www.pleteninespenko.si\/de\/handel\/damenstrickwaren\/pullover-fur-damen\/pullover-selina\/","url":"https:\/\/www.pleteninespenko.si\/de\/handel\/damenstrickwaren\/pullover-fur-damen\/pullover-selina\/","name":"Pullover Selina | Pletenine \u0160penko","isPartOf":{"@id":"https:\/\/www.pleteninespenko.si\/de\/#website"},"primaryImageOfPage":{"@id":"https:\/\/www.pleteninespenko.si\/de\/handel\/damenstrickwaren\/pullover-fur-damen\/pullover-selina\/#primaryimage"},"image":{"@id":"https:\/\/www.pleteninespenko.si\/de\/handel\/damenstrickwaren\/pullover-fur-damen\/pullover-selina\/#primaryimage"},"thumbnailUrl":"https:\/\/www.pleteninespenko.si\/wp-content\/uploads\/2026\/03\/Pletenine-Spenko-zenske-pletenine-pulover-selina-belo-modra.jpg","datePublished":"2026-03-14T10:11:25+00:00","dateModified":"2026-03-14T10:50:56+00:00","description":"Ein d\u00fcnner Strickpullover aus mehrfarbigem Garn mit sanftem Farbverlauf und Rundhalsausschnitt. Der leichte und bequeme Schnitt sorgt f\u00fcr angenehmen Tragekomfort und schafft einen frischen, entspannten Look.","breadcrumb":{"@id":"https:\/\/www.pleteninespenko.si\/de\/handel\/damenstrickwaren\/pullover-fur-damen\/pullover-selina\/#breadcrumb"},"inLanguage":"de","potentialAction":[{"@type":"ReadAction","target":["https:\/\/www.pleteninespenko.si\/de\/handel\/damenstrickwaren\/pullover-fur-damen\/pullover-selina\/"]}]},{"@type":"ImageObject","inLanguage":"de","@id":"https:\/\/www.pleteninespenko.si\/de\/handel\/damenstrickwaren\/pullover-fur-damen\/pullover-selina\/#primaryimage","url":"https:\/\/www.pleteninespenko.si\/wp-content\/uploads\/2026\/03\/Pletenine-Spenko-zenske-pletenine-pulover-selina-belo-modra.jpg","contentUrl":"https:\/\/www.pleteninespenko.si\/wp-content\/uploads\/2026\/03\/Pletenine-Spenko-zenske-pletenine-pulover-selina-belo-modra.jpg","width":1200,"height":1324,"caption":"Ein d\u00fcnner Strickpullover aus mehrfarbigem Garn mit sanftem Farbverlauf und Rundhalsausschnitt. Der leichte und bequeme Schnitt sorgt f\u00fcr angenehmen Tragekomfort und schafft einen frischen, entspannten Look. Er l\u00e4sst sich hervorragend mit Jeans oder klassischen Hosen kombinieren und eignet sich daher sowohl f\u00fcr den Alltag als auch f\u00fcr gepflegte Outfits."},{"@type":"BreadcrumbList","@id":"https:\/\/www.pleteninespenko.si\/de\/handel\/damenstrickwaren\/pullover-fur-damen\/pullover-selina\/#breadcrumb","itemListElement":[{"@type":"ListItem","position":1,"name":"Home","item":"https:\/\/www.pleteninespenko.si\/de\/"},{"@type":"ListItem","position":2,"name":"Handel","item":"https:\/\/www.pleteninespenko.si\/de\/handel\/"},{"@type":"ListItem","position":3,"name":"Pullover Selina"}]},{"@type":"WebSite","@id":"https:\/\/www.pleteninespenko.si\/de\/#website","url":"https:\/\/www.pleteninespenko.si\/de\/","name":"Pletenine \u0160penko","description":"Damen- und Herrenstrickwaren nach der neuesten Mode","publisher":{"@id":"https:\/\/www.pleteninespenko.si\/de\/#organization"},"potentialAction":[{"@type":"SearchAction","target":{"@type":"EntryPoint","urlTemplate":"https:\/\/www.pleteninespenko.si\/de\/?s={search_term_string}"},"query-input":{"@type":"PropertyValueSpecification","valueRequired":true,"valueName":"search_term_string"}}],"inLanguage":"de"},{"@type":"Organization","@id":"https:\/\/www.pleteninespenko.si\/de\/#organization","name":"Pletenine \u0160penko","url":"https:\/\/www.pleteninespenko.si\/de\/","logo":{"@type":"ImageObject","inLanguage":"de","@id":"https:\/\/www.pleteninespenko.si\/de\/#\/schema\/logo\/image\/","url":"https:\/\/www.pleteninespenko.si\/wp-content\/uploads\/2020\/06\/Pletenine_Spenko.png","contentUrl":"https:\/\/www.pleteninespenko.si\/wp-content\/uploads\/2020\/06\/Pletenine_Spenko.png","width":717,"height":140,"caption":"Pletenine \u0160penko"},"image":{"@id":"https:\/\/www.pleteninespenko.si\/de\/#\/schema\/logo\/image\/"},"sameAs":["https:\/\/www.facebook.com\/PletenineSpenko\/","https:\/\/www.instagram.com\/pleteninespenko\/"]}]}},"brands":[{"id":2138,"name":"Eigenproduktion","slug":"eigenproduktion"}],"_links":{"self":[{"href":"https:\/\/www.pleteninespenko.si\/de\/wp-json\/wp\/v2\/product\/57247","targetHints":{"allow":["GET"]}}],"collection":[{"href":"https:\/\/www.pleteninespenko.si\/de\/wp-json\/wp\/v2\/product"}],"about":[{"href":"https:\/\/www.pleteninespenko.si\/de\/wp-json\/wp\/v2\/types\/product"}],"replies":[{"embeddable":true,"href":"https:\/\/www.pleteninespenko.si\/de\/wp-json\/wp\/v2\/comments?post=57247"}],"wp:featuredmedia":[{"embeddable":true,"href":"https:\/\/www.pleteninespenko.si\/de\/wp-json\/wp\/v2\/media\/57291"}],"wp:attachment":[{"href":"https:\/\/www.pleteninespenko.si\/de\/wp-json\/wp\/v2\/media?parent=57247"}],"wp:term":[{"taxonomy":"pwb-brand","embeddable":true,"href":"https:\/\/www.pleteninespenko.si\/de\/wp-json\/wp\/v2\/pwb-brand?post=57247"},{"taxonomy":"product_brand","embeddable":true,"href":"https:\/\/www.pleteninespenko.si\/de\/wp-json\/wp\/v2\/product_brand?post=57247"},{"taxonomy":"product_cat","embeddable":true,"href":"https:\/\/www.pleteninespenko.si\/de\/wp-json\/wp\/v2\/product_cat?post=57247"},{"taxonomy":"product_tag","embeddable":true,"href":"https:\/\/www.pleteninespenko.si\/de\/wp-json\/wp\/v2\/product_tag?post=57247"}],"curies":[{"name":"wp","href":"https:\/\/api.w.org\/{rel}","templated":true}]}}