{"id":25684,"date":"2023-03-14T17:40:30","date_gmt":"2023-03-14T16:40:30","guid":{"rendered":"https:\/\/www.pleteninespenko.si\/?post_type=product&#038;p=25684"},"modified":"2026-03-01T00:09:11","modified_gmt":"2026-02-28T23:09:11","slug":"skirt-nika","status":"publish","type":"product","link":"https:\/\/www.pleteninespenko.si\/en\/shop\/womens-knitwear\/skirts\/skirt-nika\/","title":{"rendered":"Skirt Nika"},"content":{"rendered":"<div><span style=\"color: #9655a2;\"><strong>Raw material composition:<\/strong><\/span><br \/>\n50 % cotton<br \/>\n50 % acrylic<\/div>\n<p>&nbsp;<\/p>\n<div>In case you can&#8217;t find your number or color, contact us by e-mail <b><a href=\"mailto:info@pleteninespenko.si\" target=\"_blank\" rel=\"noopener noreferrer\">info@pleteninespenko.si<\/a><\/b> or by telephone <b><a href=\"tel:+386%201%20834%2015%2023\" target=\"_blank\" rel=\"noopener noreferrer\">01 834 15 23<\/a><\/b> or mobile <b><a href=\"tel:+386%2051%20304%20660\" target=\"_blank\" rel=\"noopener noreferrer\">051 304 660<\/a><\/b> &#8211; we will be happy to advise you. Completely made in Slovenia, EU in our craft workshop.<\/div>\n<p>&nbsp;<\/p>\n<div>Available in stores across <b><a href=\"https:\/\/www.pleteninespenko.si\/en\/where-can-you-find-us\/\" target=\"_blank\" rel=\"noopener\">Slovenia<\/a><\/b>.<\/div>\n","protected":false},"excerpt":{"rendered":"<p>Light knitted skirt with sun pleat look and elastic waist. In addition, we recommend cardigan Nika with which they are part of the set. The skirt is versatile, as you can wear it in your free time or on special occasions.<\/p>\n<p><strong><a href=\"https:\/\/www.pleteninespenko.si\/en\/terms-and-conditions\/#measures\" target=\"_blank\" rel=\"noopener noreferrer\">Don&#8217;t forget to measure yourself &gt;<\/a><\/strong><\/p>\n","protected":false},"featured_media":25746,"comment_status":"open","ping_status":"closed","template":"","meta":{"inline_featured_image":false},"pwb-brand":[1785],"product_brand":[],"product_cat":[750,2737],"product_tag":[796],"class_list":{"0":"post-25684","1":"product","2":"type-product","3":"status-publish","4":"has-post-thumbnail","6":"pwb-brand-own-production","7":"product_cat-womens-knitwear","8":"product_cat-skirts","9":"product_tag-cotton","10":"has-post-title","11":"has-post-date","12":"has-post-category","13":"has-post-tag","14":"has-post-comment","15":"has-post-author","16":"","18":"first","19":"instock","20":"taxable","21":"shipping-taxable","22":"purchasable","23":"product-type-variable"},"yoast_head":"<!-- This site is optimized with the Yoast SEO plugin v27.5 - https:\/\/yoast.com\/product\/yoast-seo-wordpress\/ -->\n<title>Skirt Nika | Pletenine \u0160penko<\/title>\n<meta name=\"description\" content=\"Skirt Nika is a light knitted skirt with sun pleat look and elastic waist. In addition, we recommend cardigan Nika with which they are part of the set.\" \/>\n<meta name=\"robots\" content=\"index, follow, max-snippet:-1, max-image-preview:large, max-video-preview:-1\" \/>\n<link rel=\"canonical\" href=\"https:\/\/www.pleteninespenko.si\/en\/shop\/womens-knitwear\/skirts\/skirt-nika\/\" \/>\n<meta property=\"og:locale\" content=\"en_US\" \/>\n<meta property=\"og:type\" content=\"article\" \/>\n<meta property=\"og:title\" content=\"Skirt Nika | Pletenine \u0160penko\" \/>\n<meta property=\"og:description\" content=\"Skirt Nika is a light knitted skirt with sun pleat look and elastic waist. In addition, we recommend cardigan Nika with which they are part of the set.\" \/>\n<meta property=\"og:url\" content=\"https:\/\/www.pleteninespenko.si\/en\/shop\/womens-knitwear\/skirts\/skirt-nika\/\" \/>\n<meta property=\"og:site_name\" content=\"Pletenine \u0160penko\" \/>\n<meta property=\"article:publisher\" content=\"https:\/\/www.facebook.com\/PletenineSpenko\/\" \/>\n<meta property=\"article:modified_time\" content=\"2026-02-28T23:09:11+00:00\" \/>\n<meta property=\"og:image\" content=\"https:\/\/www.pleteninespenko.si\/wp-content\/uploads\/2023\/03\/Pletenine_Spenko_zenske_pletenine_krilo-nika-modra.jpg\" \/>\n\t<meta property=\"og:image:width\" content=\"1200\" \/>\n\t<meta property=\"og:image:height\" content=\"1324\" \/>\n\t<meta property=\"og:image:type\" content=\"image\/jpeg\" \/>\n<meta name=\"twitter:card\" content=\"summary_large_image\" \/>\n<meta name=\"twitter:label1\" content=\"Est. reading time\" \/>\n\t<meta name=\"twitter:data1\" content=\"1 minute\" \/>\n<script type=\"application\/ld+json\" class=\"yoast-schema-graph\">{\"@context\":\"https:\\\/\\\/schema.org\",\"@graph\":[{\"@type\":\"WebPage\",\"@id\":\"https:\\\/\\\/www.pleteninespenko.si\\\/en\\\/shop\\\/womens-knitwear\\\/skirts\\\/skirt-nika\\\/\",\"url\":\"https:\\\/\\\/www.pleteninespenko.si\\\/en\\\/shop\\\/womens-knitwear\\\/skirts\\\/skirt-nika\\\/\",\"name\":\"Skirt Nika | Pletenine \u0160penko\",\"isPartOf\":{\"@id\":\"https:\\\/\\\/www.pleteninespenko.si\\\/en\\\/#website\"},\"primaryImageOfPage\":{\"@id\":\"https:\\\/\\\/www.pleteninespenko.si\\\/en\\\/shop\\\/womens-knitwear\\\/skirts\\\/skirt-nika\\\/#primaryimage\"},\"image\":{\"@id\":\"https:\\\/\\\/www.pleteninespenko.si\\\/en\\\/shop\\\/womens-knitwear\\\/skirts\\\/skirt-nika\\\/#primaryimage\"},\"thumbnailUrl\":\"https:\\\/\\\/www.pleteninespenko.si\\\/wp-content\\\/uploads\\\/2023\\\/03\\\/Pletenine_Spenko_zenske_pletenine_krilo-nika-modra.jpg\",\"datePublished\":\"2023-03-14T16:40:30+00:00\",\"dateModified\":\"2026-02-28T23:09:11+00:00\",\"description\":\"Skirt Nika is a light knitted skirt with sun pleat look and elastic waist. In addition, we recommend cardigan Nika with which they are part of the set.\",\"breadcrumb\":{\"@id\":\"https:\\\/\\\/www.pleteninespenko.si\\\/en\\\/shop\\\/womens-knitwear\\\/skirts\\\/skirt-nika\\\/#breadcrumb\"},\"inLanguage\":\"en-US\",\"potentialAction\":[{\"@type\":\"ReadAction\",\"target\":[\"https:\\\/\\\/www.pleteninespenko.si\\\/en\\\/shop\\\/womens-knitwear\\\/skirts\\\/skirt-nika\\\/\"]}]},{\"@type\":\"ImageObject\",\"inLanguage\":\"en-US\",\"@id\":\"https:\\\/\\\/www.pleteninespenko.si\\\/en\\\/shop\\\/womens-knitwear\\\/skirts\\\/skirt-nika\\\/#primaryimage\",\"url\":\"https:\\\/\\\/www.pleteninespenko.si\\\/wp-content\\\/uploads\\\/2023\\\/03\\\/Pletenine_Spenko_zenske_pletenine_krilo-nika-modra.jpg\",\"contentUrl\":\"https:\\\/\\\/www.pleteninespenko.si\\\/wp-content\\\/uploads\\\/2023\\\/03\\\/Pletenine_Spenko_zenske_pletenine_krilo-nika-modra.jpg\",\"width\":1200,\"height\":1324,\"caption\":\"Lahkotno pleteno krilo Nika z videzom son\u010dnega pliseja in elastiko v pasu. Zraven priporo\u010damo dalj\u0161o jopo Nika s katero sta skupaj v kompletu. Krilo je vsestransko nosljivo, saj ga lahko nosite v prostem \u010dasu ali pa ob posebnih prilo\u017enostih.\"},{\"@type\":\"BreadcrumbList\",\"@id\":\"https:\\\/\\\/www.pleteninespenko.si\\\/en\\\/shop\\\/womens-knitwear\\\/skirts\\\/skirt-nika\\\/#breadcrumb\",\"itemListElement\":[{\"@type\":\"ListItem\",\"position\":1,\"name\":\"Home\",\"item\":\"https:\\\/\\\/www.pleteninespenko.si\\\/en\\\/\"},{\"@type\":\"ListItem\",\"position\":2,\"name\":\"Shop\",\"item\":\"https:\\\/\\\/www.pleteninespenko.si\\\/en\\\/shop\\\/\"},{\"@type\":\"ListItem\",\"position\":3,\"name\":\"Zasebno: Skirt Nika\"}]},{\"@type\":\"WebSite\",\"@id\":\"https:\\\/\\\/www.pleteninespenko.si\\\/en\\\/#website\",\"url\":\"https:\\\/\\\/www.pleteninespenko.si\\\/en\\\/\",\"name\":\"Pletenine \u0160penko\",\"description\":\"Latest fashion of women's and men's Knitwear\",\"publisher\":{\"@id\":\"https:\\\/\\\/www.pleteninespenko.si\\\/en\\\/#organization\"},\"potentialAction\":[{\"@type\":\"SearchAction\",\"target\":{\"@type\":\"EntryPoint\",\"urlTemplate\":\"https:\\\/\\\/www.pleteninespenko.si\\\/en\\\/?s={search_term_string}\"},\"query-input\":{\"@type\":\"PropertyValueSpecification\",\"valueRequired\":true,\"valueName\":\"search_term_string\"}}],\"inLanguage\":\"en-US\"},{\"@type\":\"Organization\",\"@id\":\"https:\\\/\\\/www.pleteninespenko.si\\\/en\\\/#organization\",\"name\":\"Pletenine \u0160penko\",\"url\":\"https:\\\/\\\/www.pleteninespenko.si\\\/en\\\/\",\"logo\":{\"@type\":\"ImageObject\",\"inLanguage\":\"en-US\",\"@id\":\"https:\\\/\\\/www.pleteninespenko.si\\\/en\\\/#\\\/schema\\\/logo\\\/image\\\/\",\"url\":\"https:\\\/\\\/www.pleteninespenko.si\\\/wp-content\\\/uploads\\\/2020\\\/06\\\/Pletenine_Spenko.png\",\"contentUrl\":\"https:\\\/\\\/www.pleteninespenko.si\\\/wp-content\\\/uploads\\\/2020\\\/06\\\/Pletenine_Spenko.png\",\"width\":717,\"height\":140,\"caption\":\"Pletenine \u0160penko\"},\"image\":{\"@id\":\"https:\\\/\\\/www.pleteninespenko.si\\\/en\\\/#\\\/schema\\\/logo\\\/image\\\/\"},\"sameAs\":[\"https:\\\/\\\/www.facebook.com\\\/PletenineSpenko\\\/\",\"https:\\\/\\\/www.instagram.com\\\/pleteninespenko\\\/\"]}]}<\/script>\n<!-- \/ Yoast SEO plugin. -->","yoast_head_json":{"title":"Skirt Nika | Pletenine \u0160penko","description":"Skirt Nika is a light knitted skirt with sun pleat look and elastic waist. In addition, we recommend cardigan Nika with which they are part of the set.","robots":{"index":"index","follow":"follow","max-snippet":"max-snippet:-1","max-image-preview":"max-image-preview:large","max-video-preview":"max-video-preview:-1"},"canonical":"https:\/\/www.pleteninespenko.si\/en\/shop\/womens-knitwear\/skirts\/skirt-nika\/","og_locale":"en_US","og_type":"article","og_title":"Skirt Nika | Pletenine \u0160penko","og_description":"Skirt Nika is a light knitted skirt with sun pleat look and elastic waist. In addition, we recommend cardigan Nika with which they are part of the set.","og_url":"https:\/\/www.pleteninespenko.si\/en\/shop\/womens-knitwear\/skirts\/skirt-nika\/","og_site_name":"Pletenine \u0160penko","article_publisher":"https:\/\/www.facebook.com\/PletenineSpenko\/","article_modified_time":"2026-02-28T23:09:11+00:00","og_image":[{"width":1200,"height":1324,"url":"https:\/\/www.pleteninespenko.si\/wp-content\/uploads\/2023\/03\/Pletenine_Spenko_zenske_pletenine_krilo-nika-modra.jpg","type":"image\/jpeg"}],"twitter_card":"summary_large_image","twitter_misc":{"Est. reading time":"1 minute"},"schema":{"@context":"https:\/\/schema.org","@graph":[{"@type":"WebPage","@id":"https:\/\/www.pleteninespenko.si\/en\/shop\/womens-knitwear\/skirts\/skirt-nika\/","url":"https:\/\/www.pleteninespenko.si\/en\/shop\/womens-knitwear\/skirts\/skirt-nika\/","name":"Skirt Nika | Pletenine \u0160penko","isPartOf":{"@id":"https:\/\/www.pleteninespenko.si\/en\/#website"},"primaryImageOfPage":{"@id":"https:\/\/www.pleteninespenko.si\/en\/shop\/womens-knitwear\/skirts\/skirt-nika\/#primaryimage"},"image":{"@id":"https:\/\/www.pleteninespenko.si\/en\/shop\/womens-knitwear\/skirts\/skirt-nika\/#primaryimage"},"thumbnailUrl":"https:\/\/www.pleteninespenko.si\/wp-content\/uploads\/2023\/03\/Pletenine_Spenko_zenske_pletenine_krilo-nika-modra.jpg","datePublished":"2023-03-14T16:40:30+00:00","dateModified":"2026-02-28T23:09:11+00:00","description":"Skirt Nika is a light knitted skirt with sun pleat look and elastic waist. In addition, we recommend cardigan Nika with which they are part of the set.","breadcrumb":{"@id":"https:\/\/www.pleteninespenko.si\/en\/shop\/womens-knitwear\/skirts\/skirt-nika\/#breadcrumb"},"inLanguage":"en-US","potentialAction":[{"@type":"ReadAction","target":["https:\/\/www.pleteninespenko.si\/en\/shop\/womens-knitwear\/skirts\/skirt-nika\/"]}]},{"@type":"ImageObject","inLanguage":"en-US","@id":"https:\/\/www.pleteninespenko.si\/en\/shop\/womens-knitwear\/skirts\/skirt-nika\/#primaryimage","url":"https:\/\/www.pleteninespenko.si\/wp-content\/uploads\/2023\/03\/Pletenine_Spenko_zenske_pletenine_krilo-nika-modra.jpg","contentUrl":"https:\/\/www.pleteninespenko.si\/wp-content\/uploads\/2023\/03\/Pletenine_Spenko_zenske_pletenine_krilo-nika-modra.jpg","width":1200,"height":1324,"caption":"Lahkotno pleteno krilo Nika z videzom son\u010dnega pliseja in elastiko v pasu. Zraven priporo\u010damo dalj\u0161o jopo Nika s katero sta skupaj v kompletu. Krilo je vsestransko nosljivo, saj ga lahko nosite v prostem \u010dasu ali pa ob posebnih prilo\u017enostih."},{"@type":"BreadcrumbList","@id":"https:\/\/www.pleteninespenko.si\/en\/shop\/womens-knitwear\/skirts\/skirt-nika\/#breadcrumb","itemListElement":[{"@type":"ListItem","position":1,"name":"Home","item":"https:\/\/www.pleteninespenko.si\/en\/"},{"@type":"ListItem","position":2,"name":"Shop","item":"https:\/\/www.pleteninespenko.si\/en\/shop\/"},{"@type":"ListItem","position":3,"name":"Zasebno: Skirt Nika"}]},{"@type":"WebSite","@id":"https:\/\/www.pleteninespenko.si\/en\/#website","url":"https:\/\/www.pleteninespenko.si\/en\/","name":"Pletenine \u0160penko","description":"Latest fashion of women's and men's Knitwear","publisher":{"@id":"https:\/\/www.pleteninespenko.si\/en\/#organization"},"potentialAction":[{"@type":"SearchAction","target":{"@type":"EntryPoint","urlTemplate":"https:\/\/www.pleteninespenko.si\/en\/?s={search_term_string}"},"query-input":{"@type":"PropertyValueSpecification","valueRequired":true,"valueName":"search_term_string"}}],"inLanguage":"en-US"},{"@type":"Organization","@id":"https:\/\/www.pleteninespenko.si\/en\/#organization","name":"Pletenine \u0160penko","url":"https:\/\/www.pleteninespenko.si\/en\/","logo":{"@type":"ImageObject","inLanguage":"en-US","@id":"https:\/\/www.pleteninespenko.si\/en\/#\/schema\/logo\/image\/","url":"https:\/\/www.pleteninespenko.si\/wp-content\/uploads\/2020\/06\/Pletenine_Spenko.png","contentUrl":"https:\/\/www.pleteninespenko.si\/wp-content\/uploads\/2020\/06\/Pletenine_Spenko.png","width":717,"height":140,"caption":"Pletenine \u0160penko"},"image":{"@id":"https:\/\/www.pleteninespenko.si\/en\/#\/schema\/logo\/image\/"},"sameAs":["https:\/\/www.facebook.com\/PletenineSpenko\/","https:\/\/www.instagram.com\/pleteninespenko\/"]}]}},"brands":[{"id":1785,"name":"Own production","slug":"own-production"}],"_links":{"self":[{"href":"https:\/\/www.pleteninespenko.si\/en\/wp-json\/wp\/v2\/product\/25684","targetHints":{"allow":["GET"]}}],"collection":[{"href":"https:\/\/www.pleteninespenko.si\/en\/wp-json\/wp\/v2\/product"}],"about":[{"href":"https:\/\/www.pleteninespenko.si\/en\/wp-json\/wp\/v2\/types\/product"}],"replies":[{"embeddable":true,"href":"https:\/\/www.pleteninespenko.si\/en\/wp-json\/wp\/v2\/comments?post=25684"}],"wp:featuredmedia":[{"embeddable":true,"href":"https:\/\/www.pleteninespenko.si\/en\/wp-json\/wp\/v2\/media\/25746"}],"wp:attachment":[{"href":"https:\/\/www.pleteninespenko.si\/en\/wp-json\/wp\/v2\/media?parent=25684"}],"wp:term":[{"taxonomy":"pwb-brand","embeddable":true,"href":"https:\/\/www.pleteninespenko.si\/en\/wp-json\/wp\/v2\/pwb-brand?post=25684"},{"taxonomy":"product_brand","embeddable":true,"href":"https:\/\/www.pleteninespenko.si\/en\/wp-json\/wp\/v2\/product_brand?post=25684"},{"taxonomy":"product_cat","embeddable":true,"href":"https:\/\/www.pleteninespenko.si\/en\/wp-json\/wp\/v2\/product_cat?post=25684"},{"taxonomy":"product_tag","embeddable":true,"href":"https:\/\/www.pleteninespenko.si\/en\/wp-json\/wp\/v2\/product_tag?post=25684"}],"curies":[{"name":"wp","href":"https:\/\/api.w.org\/{rel}","templated":true}]}}