{"id":54157,"date":"2025-10-04T16:06:54","date_gmt":"2025-10-04T14:06:54","guid":{"rendered":"https:\/\/www.pleteninespenko.si\/?post_type=product&#038;p=54157"},"modified":"2025-10-05T16:54:11","modified_gmt":"2025-10-05T14:54:11","slug":"tunic-evgenija","status":"publish","type":"product","link":"https:\/\/www.pleteninespenko.si\/en\/shop\/womens-knitwear\/tunics\/tunic-evgenija\/","title":{"rendered":"Tunic Evgenija"},"content":{"rendered":"<div><span style=\"color: #9655a2;\"><br \/>\n  <strong>Raw material composition:<\/strong><br \/>\n<\/span><br \/>\n50% Wool<br \/>\n50% Acrylic<\/div>\n<p>&nbsp;<\/p>\n<div>In case you can\u2019t find your number or color, contact us by e-mail <a href=\"mailto:info@pleteninespenko.si\" target=\"_blank\" rel=\"noopener noreferrer\">info@pleteninespenko.si<\/a> or by telephone <a href=\"tel:+386%201%20834%2015%2023\" target=\"_blank\" rel=\"noopener noreferrer\">01 834 15 23<\/a> or mobile <a href=\"tel:+386%2051%20304%20660\" target=\"_blank\" rel=\"noopener noreferrer\">051 304 660<\/a> \u2013 we will be happy to advise you. Completely made in Slovenia, EU in our craft workshop. Completely made in Slovenia, EU in our craft workshop.<\/div>\n<p>&nbsp;<\/p>\n<div>Available in stores across <a href=\"https:\/\/www.pleteninespenko.si\/en\/where-can-you-find-us\/\">Slovenia<\/a>.<\/div>\n","protected":false},"excerpt":{"rendered":"<p>This long knitted tunic in a beautiful rainbow pattern is the perfect choice for everyday occasions. With short sleeves, it is light and breathable, and can be worn on its own or layered over a thin sweater or T-shirt, making it suitable for all seasons. It pairs well with slim-fit trousers or leggings, offering both comfort and elegance. Its versatility and flowing color transitions make it easy to match with various styles, making it ideal for casual city strolls, friendly gatherings, or even evening outings.   <\/p>\n<p><strong><a href=\"https:\/\/www.pleteninespenko.si\/en\/terms-and-conditions\/#measures\" target=\"_blank\" rel=\"noopener noreferrer\">Don\u2019t forget to measure yourself &gt;<\/a><\/strong><\/p>\n","protected":false},"featured_media":54185,"comment_status":"open","ping_status":"closed","template":"","meta":{"inline_featured_image":false},"pwb-brand":[1785],"product_brand":[],"product_cat":[750,758,2764],"product_tag":[2527,2920],"class_list":{"0":"post-54157","1":"product","2":"type-product","3":"status-publish","4":"has-post-thumbnail","6":"pwb-brand-own-production","7":"product_cat-womens-knitwear","8":"product_cat-discounted-outlet-knitwear","9":"product_cat-tunics","10":"product_tag-wool","11":"product_tag-acrylic","12":"has-post-title","13":"has-post-date","14":"has-post-category","15":"has-post-tag","16":"has-post-comment","17":"has-post-author","18":"","20":"first","21":"instock","22":"sale","23":"taxable","24":"shipping-taxable","25":"purchasable","26":"product-type-variable"},"yoast_head":"<!-- This site is optimized with the Yoast SEO plugin v27.4 - https:\/\/yoast.com\/product\/yoast-seo-wordpress\/ -->\n<title>Tunic Evgenija | Pletenine \u0160penko<\/title>\n<meta name=\"description\" content=\"This long knitted tunic in a beautiful rainbow pattern is the perfect choice for everyday occasions. With short sleeves, it is light and breathable.\" \/>\n<meta name=\"robots\" content=\"index, follow, max-snippet:-1, max-image-preview:large, max-video-preview:-1\" \/>\n<link rel=\"canonical\" href=\"https:\/\/www.pleteninespenko.si\/en\/shop\/womens-knitwear\/tunics\/tunic-evgenija\/\" \/>\n<meta property=\"og:locale\" content=\"en_US\" \/>\n<meta property=\"og:type\" content=\"article\" \/>\n<meta property=\"og:title\" content=\"Tunic Evgenija | Pletenine \u0160penko\" \/>\n<meta property=\"og:description\" content=\"This long knitted tunic in a beautiful rainbow pattern is the perfect choice for everyday occasions. With short sleeves, it is light and breathable.\" \/>\n<meta property=\"og:url\" content=\"https:\/\/www.pleteninespenko.si\/en\/shop\/womens-knitwear\/tunics\/tunic-evgenija\/\" \/>\n<meta property=\"og:site_name\" content=\"Pletenine \u0160penko\" \/>\n<meta property=\"article:publisher\" content=\"https:\/\/www.facebook.com\/PletenineSpenko\/\" \/>\n<meta property=\"article:modified_time\" content=\"2025-10-05T14:54:11+00:00\" \/>\n<meta property=\"og:image\" content=\"https:\/\/www.pleteninespenko.si\/wp-content\/uploads\/2025\/10\/Pletenine-Spenko-zenske-pletenine-tunika-evgenija-rjava.jpg\" \/>\n\t<meta property=\"og:image:width\" content=\"1200\" \/>\n\t<meta property=\"og:image:height\" content=\"1324\" \/>\n\t<meta property=\"og:image:type\" content=\"image\/jpeg\" \/>\n<meta name=\"twitter:card\" content=\"summary_large_image\" \/>\n<meta name=\"twitter:label1\" content=\"Est. reading time\" \/>\n\t<meta name=\"twitter:data1\" content=\"1 minute\" \/>\n<script type=\"application\/ld+json\" class=\"yoast-schema-graph\">{\"@context\":\"https:\\\/\\\/schema.org\",\"@graph\":[{\"@type\":\"WebPage\",\"@id\":\"https:\\\/\\\/www.pleteninespenko.si\\\/en\\\/shop\\\/womens-knitwear\\\/tunics\\\/tunic-evgenija\\\/\",\"url\":\"https:\\\/\\\/www.pleteninespenko.si\\\/en\\\/shop\\\/womens-knitwear\\\/tunics\\\/tunic-evgenija\\\/\",\"name\":\"Tunic Evgenija | Pletenine \u0160penko\",\"isPartOf\":{\"@id\":\"https:\\\/\\\/www.pleteninespenko.si\\\/en\\\/#website\"},\"primaryImageOfPage\":{\"@id\":\"https:\\\/\\\/www.pleteninespenko.si\\\/en\\\/shop\\\/womens-knitwear\\\/tunics\\\/tunic-evgenija\\\/#primaryimage\"},\"image\":{\"@id\":\"https:\\\/\\\/www.pleteninespenko.si\\\/en\\\/shop\\\/womens-knitwear\\\/tunics\\\/tunic-evgenija\\\/#primaryimage\"},\"thumbnailUrl\":\"https:\\\/\\\/www.pleteninespenko.si\\\/wp-content\\\/uploads\\\/2025\\\/10\\\/Pletenine-Spenko-zenske-pletenine-tunika-evgenija-rjava.jpg\",\"datePublished\":\"2025-10-04T14:06:54+00:00\",\"dateModified\":\"2025-10-05T14:54:11+00:00\",\"description\":\"This long knitted tunic in a beautiful rainbow pattern is the perfect choice for everyday occasions. With short sleeves, it is light and breathable.\",\"breadcrumb\":{\"@id\":\"https:\\\/\\\/www.pleteninespenko.si\\\/en\\\/shop\\\/womens-knitwear\\\/tunics\\\/tunic-evgenija\\\/#breadcrumb\"},\"inLanguage\":\"en-US\",\"potentialAction\":[{\"@type\":\"ReadAction\",\"target\":[\"https:\\\/\\\/www.pleteninespenko.si\\\/en\\\/shop\\\/womens-knitwear\\\/tunics\\\/tunic-evgenija\\\/\"]}]},{\"@type\":\"ImageObject\",\"inLanguage\":\"en-US\",\"@id\":\"https:\\\/\\\/www.pleteninespenko.si\\\/en\\\/shop\\\/womens-knitwear\\\/tunics\\\/tunic-evgenija\\\/#primaryimage\",\"url\":\"https:\\\/\\\/www.pleteninespenko.si\\\/wp-content\\\/uploads\\\/2025\\\/10\\\/Pletenine-Spenko-zenske-pletenine-tunika-evgenija-rjava.jpg\",\"contentUrl\":\"https:\\\/\\\/www.pleteninespenko.si\\\/wp-content\\\/uploads\\\/2025\\\/10\\\/Pletenine-Spenko-zenske-pletenine-tunika-evgenija-rjava.jpg\",\"width\":1200,\"height\":1324,\"caption\":\"Dalj\u0161a pletena tunika v \u010dudovitem mavri\u010dnem vzorcu je prava izbira za vsakodnevne prilo\u017enosti. S kratkimi rokavi je lahka in zra\u010dna, lahko pa jo nosimo samostojno ali s tanj\u0161im puloverjem ali majico pod njo, kar omogo\u010da prilagodljivost v vseh letnih \u010dasih. Kombiniramo jo lahko z oprijetimi hla\u010dami ali s pajkicami, saj ponuja udoben in eleganten videz. Njena vsestranskost in barvni prehodi se enostavno ujemajo z razli\u010dnimi stili, kar jo naredi popolno za spro\u0161\u010dene sprehode po mestu, sre\u010danja s prijatelji ali celo ve\u010derne izhode.\"},{\"@type\":\"BreadcrumbList\",\"@id\":\"https:\\\/\\\/www.pleteninespenko.si\\\/en\\\/shop\\\/womens-knitwear\\\/tunics\\\/tunic-evgenija\\\/#breadcrumb\",\"itemListElement\":[{\"@type\":\"ListItem\",\"position\":1,\"name\":\"Home\",\"item\":\"https:\\\/\\\/www.pleteninespenko.si\\\/en\\\/\"},{\"@type\":\"ListItem\",\"position\":2,\"name\":\"Shop\",\"item\":\"https:\\\/\\\/www.pleteninespenko.si\\\/en\\\/shop\\\/\"},{\"@type\":\"ListItem\",\"position\":3,\"name\":\"Tunic Evgenija\"}]},{\"@type\":\"WebSite\",\"@id\":\"https:\\\/\\\/www.pleteninespenko.si\\\/en\\\/#website\",\"url\":\"https:\\\/\\\/www.pleteninespenko.si\\\/en\\\/\",\"name\":\"Pletenine \u0160penko\",\"description\":\"Latest fashion of women's and men's Knitwear\",\"publisher\":{\"@id\":\"https:\\\/\\\/www.pleteninespenko.si\\\/en\\\/#organization\"},\"potentialAction\":[{\"@type\":\"SearchAction\",\"target\":{\"@type\":\"EntryPoint\",\"urlTemplate\":\"https:\\\/\\\/www.pleteninespenko.si\\\/en\\\/?s={search_term_string}\"},\"query-input\":{\"@type\":\"PropertyValueSpecification\",\"valueRequired\":true,\"valueName\":\"search_term_string\"}}],\"inLanguage\":\"en-US\"},{\"@type\":\"Organization\",\"@id\":\"https:\\\/\\\/www.pleteninespenko.si\\\/en\\\/#organization\",\"name\":\"Pletenine \u0160penko\",\"url\":\"https:\\\/\\\/www.pleteninespenko.si\\\/en\\\/\",\"logo\":{\"@type\":\"ImageObject\",\"inLanguage\":\"en-US\",\"@id\":\"https:\\\/\\\/www.pleteninespenko.si\\\/en\\\/#\\\/schema\\\/logo\\\/image\\\/\",\"url\":\"https:\\\/\\\/www.pleteninespenko.si\\\/wp-content\\\/uploads\\\/2020\\\/06\\\/Pletenine_Spenko.png\",\"contentUrl\":\"https:\\\/\\\/www.pleteninespenko.si\\\/wp-content\\\/uploads\\\/2020\\\/06\\\/Pletenine_Spenko.png\",\"width\":717,\"height\":140,\"caption\":\"Pletenine \u0160penko\"},\"image\":{\"@id\":\"https:\\\/\\\/www.pleteninespenko.si\\\/en\\\/#\\\/schema\\\/logo\\\/image\\\/\"},\"sameAs\":[\"https:\\\/\\\/www.facebook.com\\\/PletenineSpenko\\\/\",\"https:\\\/\\\/www.instagram.com\\\/pleteninespenko\\\/\"]}]}<\/script>\n<!-- \/ Yoast SEO plugin. -->","yoast_head_json":{"title":"Tunic Evgenija | Pletenine \u0160penko","description":"This long knitted tunic in a beautiful rainbow pattern is the perfect choice for everyday occasions. With short sleeves, it is light and breathable.","robots":{"index":"index","follow":"follow","max-snippet":"max-snippet:-1","max-image-preview":"max-image-preview:large","max-video-preview":"max-video-preview:-1"},"canonical":"https:\/\/www.pleteninespenko.si\/en\/shop\/womens-knitwear\/tunics\/tunic-evgenija\/","og_locale":"en_US","og_type":"article","og_title":"Tunic Evgenija | Pletenine \u0160penko","og_description":"This long knitted tunic in a beautiful rainbow pattern is the perfect choice for everyday occasions. With short sleeves, it is light and breathable.","og_url":"https:\/\/www.pleteninespenko.si\/en\/shop\/womens-knitwear\/tunics\/tunic-evgenija\/","og_site_name":"Pletenine \u0160penko","article_publisher":"https:\/\/www.facebook.com\/PletenineSpenko\/","article_modified_time":"2025-10-05T14:54:11+00:00","og_image":[{"width":1200,"height":1324,"url":"https:\/\/www.pleteninespenko.si\/wp-content\/uploads\/2025\/10\/Pletenine-Spenko-zenske-pletenine-tunika-evgenija-rjava.jpg","type":"image\/jpeg"}],"twitter_card":"summary_large_image","twitter_misc":{"Est. reading time":"1 minute"},"schema":{"@context":"https:\/\/schema.org","@graph":[{"@type":"WebPage","@id":"https:\/\/www.pleteninespenko.si\/en\/shop\/womens-knitwear\/tunics\/tunic-evgenija\/","url":"https:\/\/www.pleteninespenko.si\/en\/shop\/womens-knitwear\/tunics\/tunic-evgenija\/","name":"Tunic Evgenija | Pletenine \u0160penko","isPartOf":{"@id":"https:\/\/www.pleteninespenko.si\/en\/#website"},"primaryImageOfPage":{"@id":"https:\/\/www.pleteninespenko.si\/en\/shop\/womens-knitwear\/tunics\/tunic-evgenija\/#primaryimage"},"image":{"@id":"https:\/\/www.pleteninespenko.si\/en\/shop\/womens-knitwear\/tunics\/tunic-evgenija\/#primaryimage"},"thumbnailUrl":"https:\/\/www.pleteninespenko.si\/wp-content\/uploads\/2025\/10\/Pletenine-Spenko-zenske-pletenine-tunika-evgenija-rjava.jpg","datePublished":"2025-10-04T14:06:54+00:00","dateModified":"2025-10-05T14:54:11+00:00","description":"This long knitted tunic in a beautiful rainbow pattern is the perfect choice for everyday occasions. With short sleeves, it is light and breathable.","breadcrumb":{"@id":"https:\/\/www.pleteninespenko.si\/en\/shop\/womens-knitwear\/tunics\/tunic-evgenija\/#breadcrumb"},"inLanguage":"en-US","potentialAction":[{"@type":"ReadAction","target":["https:\/\/www.pleteninespenko.si\/en\/shop\/womens-knitwear\/tunics\/tunic-evgenija\/"]}]},{"@type":"ImageObject","inLanguage":"en-US","@id":"https:\/\/www.pleteninespenko.si\/en\/shop\/womens-knitwear\/tunics\/tunic-evgenija\/#primaryimage","url":"https:\/\/www.pleteninespenko.si\/wp-content\/uploads\/2025\/10\/Pletenine-Spenko-zenske-pletenine-tunika-evgenija-rjava.jpg","contentUrl":"https:\/\/www.pleteninespenko.si\/wp-content\/uploads\/2025\/10\/Pletenine-Spenko-zenske-pletenine-tunika-evgenija-rjava.jpg","width":1200,"height":1324,"caption":"Dalj\u0161a pletena tunika v \u010dudovitem mavri\u010dnem vzorcu je prava izbira za vsakodnevne prilo\u017enosti. S kratkimi rokavi je lahka in zra\u010dna, lahko pa jo nosimo samostojno ali s tanj\u0161im puloverjem ali majico pod njo, kar omogo\u010da prilagodljivost v vseh letnih \u010dasih. Kombiniramo jo lahko z oprijetimi hla\u010dami ali s pajkicami, saj ponuja udoben in eleganten videz. Njena vsestranskost in barvni prehodi se enostavno ujemajo z razli\u010dnimi stili, kar jo naredi popolno za spro\u0161\u010dene sprehode po mestu, sre\u010danja s prijatelji ali celo ve\u010derne izhode."},{"@type":"BreadcrumbList","@id":"https:\/\/www.pleteninespenko.si\/en\/shop\/womens-knitwear\/tunics\/tunic-evgenija\/#breadcrumb","itemListElement":[{"@type":"ListItem","position":1,"name":"Home","item":"https:\/\/www.pleteninespenko.si\/en\/"},{"@type":"ListItem","position":2,"name":"Shop","item":"https:\/\/www.pleteninespenko.si\/en\/shop\/"},{"@type":"ListItem","position":3,"name":"Tunic Evgenija"}]},{"@type":"WebSite","@id":"https:\/\/www.pleteninespenko.si\/en\/#website","url":"https:\/\/www.pleteninespenko.si\/en\/","name":"Pletenine \u0160penko","description":"Latest fashion of women's and men's Knitwear","publisher":{"@id":"https:\/\/www.pleteninespenko.si\/en\/#organization"},"potentialAction":[{"@type":"SearchAction","target":{"@type":"EntryPoint","urlTemplate":"https:\/\/www.pleteninespenko.si\/en\/?s={search_term_string}"},"query-input":{"@type":"PropertyValueSpecification","valueRequired":true,"valueName":"search_term_string"}}],"inLanguage":"en-US"},{"@type":"Organization","@id":"https:\/\/www.pleteninespenko.si\/en\/#organization","name":"Pletenine \u0160penko","url":"https:\/\/www.pleteninespenko.si\/en\/","logo":{"@type":"ImageObject","inLanguage":"en-US","@id":"https:\/\/www.pleteninespenko.si\/en\/#\/schema\/logo\/image\/","url":"https:\/\/www.pleteninespenko.si\/wp-content\/uploads\/2020\/06\/Pletenine_Spenko.png","contentUrl":"https:\/\/www.pleteninespenko.si\/wp-content\/uploads\/2020\/06\/Pletenine_Spenko.png","width":717,"height":140,"caption":"Pletenine \u0160penko"},"image":{"@id":"https:\/\/www.pleteninespenko.si\/en\/#\/schema\/logo\/image\/"},"sameAs":["https:\/\/www.facebook.com\/PletenineSpenko\/","https:\/\/www.instagram.com\/pleteninespenko\/"]}]}},"brands":[{"id":1785,"name":"Own production","slug":"own-production"}],"_links":{"self":[{"href":"https:\/\/www.pleteninespenko.si\/en\/wp-json\/wp\/v2\/product\/54157","targetHints":{"allow":["GET"]}}],"collection":[{"href":"https:\/\/www.pleteninespenko.si\/en\/wp-json\/wp\/v2\/product"}],"about":[{"href":"https:\/\/www.pleteninespenko.si\/en\/wp-json\/wp\/v2\/types\/product"}],"replies":[{"embeddable":true,"href":"https:\/\/www.pleteninespenko.si\/en\/wp-json\/wp\/v2\/comments?post=54157"}],"wp:featuredmedia":[{"embeddable":true,"href":"https:\/\/www.pleteninespenko.si\/en\/wp-json\/wp\/v2\/media\/54185"}],"wp:attachment":[{"href":"https:\/\/www.pleteninespenko.si\/en\/wp-json\/wp\/v2\/media?parent=54157"}],"wp:term":[{"taxonomy":"pwb-brand","embeddable":true,"href":"https:\/\/www.pleteninespenko.si\/en\/wp-json\/wp\/v2\/pwb-brand?post=54157"},{"taxonomy":"product_brand","embeddable":true,"href":"https:\/\/www.pleteninespenko.si\/en\/wp-json\/wp\/v2\/product_brand?post=54157"},{"taxonomy":"product_cat","embeddable":true,"href":"https:\/\/www.pleteninespenko.si\/en\/wp-json\/wp\/v2\/product_cat?post=54157"},{"taxonomy":"product_tag","embeddable":true,"href":"https:\/\/www.pleteninespenko.si\/en\/wp-json\/wp\/v2\/product_tag?post=54157"}],"curies":[{"name":"wp","href":"https:\/\/api.w.org\/{rel}","templated":true}]}}