{"id":10723,"date":"2021-11-04T10:34:59","date_gmt":"2021-11-04T09:34:59","guid":{"rendered":"https:\/\/www.pleteninespenko.si\/informacije-o-isporuci\/"},"modified":"2023-02-21T15:19:15","modified_gmt":"2023-02-21T14:19:15","slug":"informacije-o-isporuci","status":"publish","type":"page","link":"https:\/\/www.pleteninespenko.si\/hr\/informacije-o-isporuci\/","title":{"rendered":"Informacije o isporuci"},"content":{"rendered":"<!--themify_builder_content-->\n<div id=\"themify_builder_content-10723\" data-postid=\"10723\" class=\"themify_builder_content themify_builder_content-10723 themify_builder tf_clear\">\n                    <div  data-css_id=\"e9as114\" data-lazy=\"1\" class=\"module_row themify_builder_row fullwidth_row_container tb_e9as114 tb_first tf_w\">\n                        <div class=\"row_inner col_align_top tb_col_count_1 tf_box tf_rel\">\n                        <div  data-lazy=\"1\" class=\"module_column tb-column col-full tb_m97d116 first\">\n                    <!-- module image -->\n<div  class=\"module module-image tb_jmhr542 image-center   tf_mw\" data-lazy=\"1\">\n        <div class=\"image-wrap tf_rel tf_mw\">\n            <img decoding=\"async\" src=\"https:\/\/www.pleteninespenko.si\/wp-content\/uploads\/2020\/09\/Pletenine_Spenko_dostava-220x220.png\" width=\"220\" height=\"220\" class=\"wp-post-image wp-image-10725\" title=\"Pletenine_Spenko_isporuca\" alt=\"Izra\u0111ujemo modernu pleteninu\" srcset=\"https:\/\/www.pleteninespenko.si\/wp-content\/uploads\/2020\/09\/Pletenine_Spenko_dostava-220x220.png 220w, https:\/\/www.pleteninespenko.si\/wp-content\/uploads\/2020\/09\/Pletenine_Spenko_dostava-300x300.png 300w, https:\/\/www.pleteninespenko.si\/wp-content\/uploads\/2020\/09\/Pletenine_Spenko_dostava-100x100.png 100w, https:\/\/www.pleteninespenko.si\/wp-content\/uploads\/2020\/09\/Pletenine_Spenko_dostava-150x150.png 150w, https:\/\/www.pleteninespenko.si\/wp-content\/uploads\/2020\/09\/Pletenine_Spenko_dostava-40x40.png 40w, https:\/\/www.pleteninespenko.si\/wp-content\/uploads\/2020\/09\/Pletenine_Spenko_dostava.png 440w\" sizes=\"(max-width: 220px) 100vw, 220px\" \/>    \n        <\/div>\n    <!-- \/image-wrap -->\n    \n        <\/div>\n<!-- \/module image --><!-- module text -->\n<div  class=\"module module-text tb_y246370   \" data-lazy=\"1\">\n        <div  class=\"tb_text_wrap\">\n        <div dir=\"ltr\">\r\n<div style=\"text-align: center;\">\r\n<h2 style=\"text-align: center;\"><strong>Dostava:<\/strong><\/h2>\r\n<p style=\"text-align: left;\">Kupljena roba bit \u0107e spremna i otpremljena u pravilu najkasnije u roku od dva radna dana. Dostava robe ne vr\u0161i se subotom, nedjeljom i dr\u017eavnim praznicima. Za proizvode koji nisu na zalihi, rok isporuke se dodatno produ\u017eava, o \u010demu \u0107e davatelj obavijestiti kupca telefonom ili e-po\u0161tom.<\/p>\r\n<p style=\"text-align: left;\">Ponuditelj u dogovorenom roku priprema i \u0161alje predmet ili ga priprema za osobno preuzimanje. U slu\u010daju osobnog preuzimanja, davatelj \u010de obavijestiti kupca e-po\u0161tom kada je roba spremna za preuzimanje.<\/p>\r\n<p style=\"text-align: left;\">U slu\u010daju da kupac odlu\u010di na vrijeme otkazati narud\u017ebu, o tome mora odmah obavijestiti prodavatelja na telefonski broj<a href=\"tel:+386%201%20834%2015%2023\"><strong> 01 834 15 23<\/strong><\/a> (<strong>cijena poziva na broj napla\u010duje se prema standardnoj tarifi operatera<\/strong>) ili e-po\u0161tom na adresu <strong><a href=\"mailto:prodaja@pleteninespenko.si\">prodaja@pleteninespenko.si<\/a><\/strong>. Ako se dogodi da je narud\u017eba ve\u010d poslana, korisnik odbija po\u0161iljku dostavnoj slu\u017ebi. Ako u slu\u010daju osobnog preuzimanja  korisnik ne preuzme robu u roku od 14 dana od obavijesti da je roba spremna za preuzimanje, smatra se da je kupac otkazao narud\u017ebu.<\/p>\r\n<p style=\"text-align: left;\">Ugovorni partneri za isporuku po\u0161iljaka s Po\u0161ta Slovenije i GLS, koji svoje usluge pru\u017eaju u skladu s njihovim op\u0107im uvjetima.<\/p>\r\n<p style=\"text-align: left;\"><strong>Dostava je mogu\u0107a na podru\u010dju SLovenije i EU. Dostava u EU je mogu\u0107a putem GLS \u2013 a i pla\u0107anje po\u0161tarine za EU u iznosu od 6,90 EUR.<\/strong><\/p>\r\n<p style=\"text-align: left;\">U slu\u010daju da kupac koji je unaprijed platio robu nije kod ku\u0107e kada je po\u0161iljka isporu\u010dena, dostavna slu\u017eba ostavit \u010de u po\u0161tanskom sandu\u010di\u010du obavijest o po\u0161tanskom paketu i na\u010dinu preuzimanja.<\/p>\r\n<h2><strong>Vrijeme isporuke:<\/strong><\/h2>\r\n<p style=\"text-align: left;\">Robu \u0107emo poslati kupcu najkasnije u roku 2-5 radnih dana pouze\u0107em, ako roba nije pla\u0107ena platnom karticom, putem pay pal-a ili prijenosom na na\u0161 bankovni ra\u010dun. Tro\u0161kovi po\u0161tarine i tro\u0161kovi provizije prema va\u017ee\u0107em cjeniku Po\u0161te Slovenije odn. GLS pla\u0107a kupac. Za kupnje iznad 150, 00 EUR dostava redovnom po\u0161tom je BESPLATNA.<\/strong>.<\/p>\r\n<\/div>\r\n<\/div>    <\/div>\n<\/div>\n<!-- \/module text -->        <div  data-lazy=\"1\" class=\"module_subrow themify_builder_sub_row tf_w col_align_top tb_col_count_1 tb_b0dn217\">\n                <div  data-lazy=\"1\" class=\"module_column sub_column col-full tb_ywh2218 first\">\n                    <!-- module text -->\n<div  class=\"module module-text tb_0ytl753  repeat \" data-lazy=\"1\">\n        <div  class=\"tb_text_wrap\">\n        <h2 style=\"text-align: center;\"><span style=\"color: #ffffff;\"><strong>Mogu\u010dnost dostave brzom po\u0161tom<\/strong><\/span><\/h2>\r\n<p style=\"text-align: center;\"><span style=\"color: #ffffff;\">Ako \u017eelite primiti paket u najkra\u0107em mogu\u0107em roku, uz dodatni tro\u0161ak prema <span style=\"color: #ffb700;\"><a style=\"color: #ffb700;\" href=\"https:\/\/www.posta.si\/zasebno-site\/Documents\/Ceniki\/Cenik-hitra-posta-po-Sloveniji.pdf\" target=\"_blank\" rel=\"noopener\"><strong>cjeniku<\/strong><\/a><\/span> Hitre po\u0161te Slovenije, nudimo vam da paket primate najkasnije u roku od dva radna dana.<\/span><\/p>    <\/div>\n<\/div>\n<!-- \/module text -->        <\/div>\n                    <\/div>\n                <\/div>\n                        <\/div>\n        <\/div>\n        <\/div>\n<!--\/themify_builder_content-->","protected":false},"excerpt":{"rendered":"<p>Dostava: Kupljena roba bit \u0107e spremna i otpremljena u pravilu najkasnije u roku od dva radna dana. Dostava robe ne vr\u0161i se subotom, nedjeljom i dr\u017eavnim praznicima. Za proizvode koji nisu na zalihi, rok isporuke se dodatno produ\u017eava, o \u010demu \u0107e davatelj obavijestiti kupca telefonom ili e-po\u0161tom. Ponuditelj u dogovorenom roku priprema i \u0161alje predmet [&hellip;]<\/p>\n","protected":false},"author":23,"featured_media":0,"parent":0,"menu_order":0,"comment_status":"closed","ping_status":"closed","template":"","meta":{"inline_featured_image":false,"footnotes":""},"class_list":["post-10723","page","type-page","status-publish","hentry","has-post-title","has-post-date","has-post-category","has-post-tag","has-post-comment","has-post-author",""],"yoast_head":"<!-- This site is optimized with the Yoast SEO plugin v27.4 - https:\/\/yoast.com\/product\/yoast-seo-wordpress\/ -->\n<title>Informacije o isporuci | Pletenine \u0160penko<\/title>\n<meta name=\"robots\" content=\"index, follow, max-snippet:-1, max-image-preview:large, max-video-preview:-1\" \/>\n<link rel=\"canonical\" href=\"https:\/\/www.pleteninespenko.si\/hr\/informacije-o-isporuci\/\" \/>\n<meta property=\"og:locale\" content=\"hr_HR\" \/>\n<meta property=\"og:type\" content=\"article\" \/>\n<meta property=\"og:title\" content=\"Informacije o isporuci | Pletenine \u0160penko\" \/>\n<meta property=\"og:description\" content=\"Dostava: Kupljena roba bit \u0107e spremna i otpremljena u pravilu najkasnije u roku od dva radna dana. Dostava robe ne vr\u0161i se subotom, nedjeljom i dr\u017eavnim praznicima. Za proizvode koji nisu na zalihi, rok isporuke se dodatno produ\u017eava, o \u010demu \u0107e davatelj obavijestiti kupca telefonom ili e-po\u0161tom. Ponuditelj u dogovorenom roku priprema i \u0161alje predmet [&hellip;]\" \/>\n<meta property=\"og:url\" content=\"https:\/\/www.pleteninespenko.si\/hr\/informacije-o-isporuci\/\" \/>\n<meta property=\"og:site_name\" content=\"Pletenine \u0160penko\" \/>\n<meta property=\"article:publisher\" content=\"https:\/\/www.facebook.com\/PletenineSpenko\/\" \/>\n<meta property=\"article:modified_time\" content=\"2023-02-21T14:19:15+00:00\" \/>\n<meta property=\"og:image\" content=\"https:\/\/www.pleteninespenko.si\/wp-content\/uploads\/2020\/09\/Pletenine_Spenko_dostava-220x220.png\" \/>\n<meta name=\"twitter:card\" content=\"summary_large_image\" \/>\n<meta name=\"twitter:label1\" content=\"Procijenjeno vrijeme \u010ditanja\" \/>\n\t<meta name=\"twitter:data1\" content=\"2 minute\" \/>\n<script type=\"application\/ld+json\" class=\"yoast-schema-graph\">{\"@context\":\"https:\\\/\\\/schema.org\",\"@graph\":[{\"@type\":\"WebPage\",\"@id\":\"https:\\\/\\\/www.pleteninespenko.si\\\/hr\\\/informacije-o-isporuci\\\/\",\"url\":\"https:\\\/\\\/www.pleteninespenko.si\\\/hr\\\/informacije-o-isporuci\\\/\",\"name\":\"Informacije o isporuci | Pletenine \u0160penko\",\"isPartOf\":{\"@id\":\"https:\\\/\\\/www.pleteninespenko.si\\\/hr\\\/#website\"},\"primaryImageOfPage\":{\"@id\":\"https:\\\/\\\/www.pleteninespenko.si\\\/hr\\\/informacije-o-isporuci\\\/#primaryimage\"},\"image\":{\"@id\":\"https:\\\/\\\/www.pleteninespenko.si\\\/hr\\\/informacije-o-isporuci\\\/#primaryimage\"},\"thumbnailUrl\":\"https:\\\/\\\/www.pleteninespenko.si\\\/wp-content\\\/uploads\\\/2020\\\/09\\\/Pletenine_Spenko_dostava-220x220.png\",\"datePublished\":\"2021-11-04T09:34:59+00:00\",\"dateModified\":\"2023-02-21T14:19:15+00:00\",\"breadcrumb\":{\"@id\":\"https:\\\/\\\/www.pleteninespenko.si\\\/hr\\\/informacije-o-isporuci\\\/#breadcrumb\"},\"inLanguage\":\"hr\",\"potentialAction\":[{\"@type\":\"ReadAction\",\"target\":[\"https:\\\/\\\/www.pleteninespenko.si\\\/hr\\\/informacije-o-isporuci\\\/\"]}]},{\"@type\":\"ImageObject\",\"inLanguage\":\"hr\",\"@id\":\"https:\\\/\\\/www.pleteninespenko.si\\\/hr\\\/informacije-o-isporuci\\\/#primaryimage\",\"url\":\"https:\\\/\\\/www.pleteninespenko.si\\\/wp-content\\\/uploads\\\/2020\\\/09\\\/Pletenine_Spenko_dostava-220x220.png\",\"contentUrl\":\"https:\\\/\\\/www.pleteninespenko.si\\\/wp-content\\\/uploads\\\/2020\\\/09\\\/Pletenine_Spenko_dostava-220x220.png\"},{\"@type\":\"BreadcrumbList\",\"@id\":\"https:\\\/\\\/www.pleteninespenko.si\\\/hr\\\/informacije-o-isporuci\\\/#breadcrumb\",\"itemListElement\":[{\"@type\":\"ListItem\",\"position\":1,\"name\":\"Home\",\"item\":\"https:\\\/\\\/www.pleteninespenko.si\\\/hr\\\/\"},{\"@type\":\"ListItem\",\"position\":2,\"name\":\"Informacije o isporuci\"}]},{\"@type\":\"WebSite\",\"@id\":\"https:\\\/\\\/www.pleteninespenko.si\\\/hr\\\/#website\",\"url\":\"https:\\\/\\\/www.pleteninespenko.si\\\/hr\\\/\",\"name\":\"Pletenine \u0160penko\",\"description\":\"\u017denska i mu\u0161ka trikota\u017ea po posljednjoj modi\",\"publisher\":{\"@id\":\"https:\\\/\\\/www.pleteninespenko.si\\\/hr\\\/#organization\"},\"potentialAction\":[{\"@type\":\"SearchAction\",\"target\":{\"@type\":\"EntryPoint\",\"urlTemplate\":\"https:\\\/\\\/www.pleteninespenko.si\\\/hr\\\/?s={search_term_string}\"},\"query-input\":{\"@type\":\"PropertyValueSpecification\",\"valueRequired\":true,\"valueName\":\"search_term_string\"}}],\"inLanguage\":\"hr\"},{\"@type\":\"Organization\",\"@id\":\"https:\\\/\\\/www.pleteninespenko.si\\\/hr\\\/#organization\",\"name\":\"Pletenine \u0160penko\",\"url\":\"https:\\\/\\\/www.pleteninespenko.si\\\/hr\\\/\",\"logo\":{\"@type\":\"ImageObject\",\"inLanguage\":\"hr\",\"@id\":\"https:\\\/\\\/www.pleteninespenko.si\\\/hr\\\/#\\\/schema\\\/logo\\\/image\\\/\",\"url\":\"https:\\\/\\\/www.pleteninespenko.si\\\/wp-content\\\/uploads\\\/2020\\\/06\\\/Pletenine_Spenko.png\",\"contentUrl\":\"https:\\\/\\\/www.pleteninespenko.si\\\/wp-content\\\/uploads\\\/2020\\\/06\\\/Pletenine_Spenko.png\",\"width\":717,\"height\":140,\"caption\":\"Pletenine \u0160penko\"},\"image\":{\"@id\":\"https:\\\/\\\/www.pleteninespenko.si\\\/hr\\\/#\\\/schema\\\/logo\\\/image\\\/\"},\"sameAs\":[\"https:\\\/\\\/www.facebook.com\\\/PletenineSpenko\\\/\",\"https:\\\/\\\/www.instagram.com\\\/pleteninespenko\\\/\"]}]}<\/script>\n<!-- \/ Yoast SEO plugin. -->","yoast_head_json":{"title":"Informacije o isporuci | Pletenine \u0160penko","robots":{"index":"index","follow":"follow","max-snippet":"max-snippet:-1","max-image-preview":"max-image-preview:large","max-video-preview":"max-video-preview:-1"},"canonical":"https:\/\/www.pleteninespenko.si\/hr\/informacije-o-isporuci\/","og_locale":"hr_HR","og_type":"article","og_title":"Informacije o isporuci | Pletenine \u0160penko","og_description":"Dostava: Kupljena roba bit \u0107e spremna i otpremljena u pravilu najkasnije u roku od dva radna dana. Dostava robe ne vr\u0161i se subotom, nedjeljom i dr\u017eavnim praznicima. Za proizvode koji nisu na zalihi, rok isporuke se dodatno produ\u017eava, o \u010demu \u0107e davatelj obavijestiti kupca telefonom ili e-po\u0161tom. Ponuditelj u dogovorenom roku priprema i \u0161alje predmet [&hellip;]","og_url":"https:\/\/www.pleteninespenko.si\/hr\/informacije-o-isporuci\/","og_site_name":"Pletenine \u0160penko","article_publisher":"https:\/\/www.facebook.com\/PletenineSpenko\/","article_modified_time":"2023-02-21T14:19:15+00:00","og_image":[{"url":"https:\/\/www.pleteninespenko.si\/wp-content\/uploads\/2020\/09\/Pletenine_Spenko_dostava-220x220.png","type":"","width":"","height":""}],"twitter_card":"summary_large_image","twitter_misc":{"Procijenjeno vrijeme \u010ditanja":"2 minute"},"schema":{"@context":"https:\/\/schema.org","@graph":[{"@type":"WebPage","@id":"https:\/\/www.pleteninespenko.si\/hr\/informacije-o-isporuci\/","url":"https:\/\/www.pleteninespenko.si\/hr\/informacije-o-isporuci\/","name":"Informacije o isporuci | Pletenine \u0160penko","isPartOf":{"@id":"https:\/\/www.pleteninespenko.si\/hr\/#website"},"primaryImageOfPage":{"@id":"https:\/\/www.pleteninespenko.si\/hr\/informacije-o-isporuci\/#primaryimage"},"image":{"@id":"https:\/\/www.pleteninespenko.si\/hr\/informacije-o-isporuci\/#primaryimage"},"thumbnailUrl":"https:\/\/www.pleteninespenko.si\/wp-content\/uploads\/2020\/09\/Pletenine_Spenko_dostava-220x220.png","datePublished":"2021-11-04T09:34:59+00:00","dateModified":"2023-02-21T14:19:15+00:00","breadcrumb":{"@id":"https:\/\/www.pleteninespenko.si\/hr\/informacije-o-isporuci\/#breadcrumb"},"inLanguage":"hr","potentialAction":[{"@type":"ReadAction","target":["https:\/\/www.pleteninespenko.si\/hr\/informacije-o-isporuci\/"]}]},{"@type":"ImageObject","inLanguage":"hr","@id":"https:\/\/www.pleteninespenko.si\/hr\/informacije-o-isporuci\/#primaryimage","url":"https:\/\/www.pleteninespenko.si\/wp-content\/uploads\/2020\/09\/Pletenine_Spenko_dostava-220x220.png","contentUrl":"https:\/\/www.pleteninespenko.si\/wp-content\/uploads\/2020\/09\/Pletenine_Spenko_dostava-220x220.png"},{"@type":"BreadcrumbList","@id":"https:\/\/www.pleteninespenko.si\/hr\/informacije-o-isporuci\/#breadcrumb","itemListElement":[{"@type":"ListItem","position":1,"name":"Home","item":"https:\/\/www.pleteninespenko.si\/hr\/"},{"@type":"ListItem","position":2,"name":"Informacije o isporuci"}]},{"@type":"WebSite","@id":"https:\/\/www.pleteninespenko.si\/hr\/#website","url":"https:\/\/www.pleteninespenko.si\/hr\/","name":"Pletenine \u0160penko","description":"\u017denska i mu\u0161ka trikota\u017ea po posljednjoj modi","publisher":{"@id":"https:\/\/www.pleteninespenko.si\/hr\/#organization"},"potentialAction":[{"@type":"SearchAction","target":{"@type":"EntryPoint","urlTemplate":"https:\/\/www.pleteninespenko.si\/hr\/?s={search_term_string}"},"query-input":{"@type":"PropertyValueSpecification","valueRequired":true,"valueName":"search_term_string"}}],"inLanguage":"hr"},{"@type":"Organization","@id":"https:\/\/www.pleteninespenko.si\/hr\/#organization","name":"Pletenine \u0160penko","url":"https:\/\/www.pleteninespenko.si\/hr\/","logo":{"@type":"ImageObject","inLanguage":"hr","@id":"https:\/\/www.pleteninespenko.si\/hr\/#\/schema\/logo\/image\/","url":"https:\/\/www.pleteninespenko.si\/wp-content\/uploads\/2020\/06\/Pletenine_Spenko.png","contentUrl":"https:\/\/www.pleteninespenko.si\/wp-content\/uploads\/2020\/06\/Pletenine_Spenko.png","width":717,"height":140,"caption":"Pletenine \u0160penko"},"image":{"@id":"https:\/\/www.pleteninespenko.si\/hr\/#\/schema\/logo\/image\/"},"sameAs":["https:\/\/www.facebook.com\/PletenineSpenko\/","https:\/\/www.instagram.com\/pleteninespenko\/"]}]}},"_links":{"self":[{"href":"https:\/\/www.pleteninespenko.si\/hr\/wp-json\/wp\/v2\/pages\/10723","targetHints":{"allow":["GET"]}}],"collection":[{"href":"https:\/\/www.pleteninespenko.si\/hr\/wp-json\/wp\/v2\/pages"}],"about":[{"href":"https:\/\/www.pleteninespenko.si\/hr\/wp-json\/wp\/v2\/types\/page"}],"author":[{"embeddable":true,"href":"https:\/\/www.pleteninespenko.si\/hr\/wp-json\/wp\/v2\/users\/23"}],"replies":[{"embeddable":true,"href":"https:\/\/www.pleteninespenko.si\/hr\/wp-json\/wp\/v2\/comments?post=10723"}],"version-history":[{"count":0,"href":"https:\/\/www.pleteninespenko.si\/hr\/wp-json\/wp\/v2\/pages\/10723\/revisions"}],"wp:attachment":[{"href":"https:\/\/www.pleteninespenko.si\/hr\/wp-json\/wp\/v2\/media?parent=10723"}],"curies":[{"name":"wp","href":"https:\/\/api.w.org\/{rel}","templated":true}]}}