{"id":10738,"date":"2021-11-04T11:24:51","date_gmt":"2021-11-04T10:24:51","guid":{"rendered":"https:\/\/www.pleteninespenko.si\/nasa-prica\/"},"modified":"2022-03-28T11:25:44","modified_gmt":"2022-03-28T09:25:44","slug":"nasa-prica","status":"publish","type":"page","link":"https:\/\/www.pleteninespenko.si\/hr\/nasa-prica\/","title":{"rendered":"Na\u0161a pri\u010da"},"content":{"rendered":"<!--themify_builder_content-->\n<div id=\"themify_builder_content-10738\" data-postid=\"10738\" class=\"themify_builder_content themify_builder_content-10738 themify_builder tf_clear\">\n                    <div  data-css_id=\"mm13493\" data-lazy=\"1\" class=\"module_row themify_builder_row fullwidth_row_container tb_mm13493 tb_first tf_w\">\n                        <div class=\"row_inner col_align_top tb_col_count_1 tf_box tf_rel\">\n                        <div  data-lazy=\"1\" class=\"module_column tb-column col-full tb_ls4k495 first\">\n                    <!-- module text -->\n<div  class=\"module module-text tb_3n3j122   \" data-lazy=\"1\">\n        <div  class=\"tb_text_wrap\">\n        <h1 style=\"text-align: center;\">Na\u0161a pri\u010da<\/h1>    <\/div>\n<\/div>\n<!-- \/module text --><!-- module text -->\n<div  class=\"module module-text tb_3ce7230   \" data-lazy=\"1\">\n        <div  class=\"tb_text_wrap\">\n        <h2 style=\"text-align: center;\">Prezentacija<\/h2>    <\/div>\n<\/div>\n<!-- \/module text --><!-- module divider -->\n<div  class=\"module tf_mw module-divider tb_0g3e441 dotted  divider-custom divider-center\" style=\"border-width: 4px;border-color: #9655a2;max-width: 450px;\" data-lazy=\"1\">\n    <\/div>\n<!-- \/module divider -->\n<!-- module text -->\n<div  class=\"module module-text tb_xbqc322   \" data-lazy=\"1\">\n        <div  class=\"tb_text_wrap\">\n        <p style=\"text-align: center;\">Pletenine \u0160penko je obiteljsko poduze\u0107e koje se bavi proizvodnjom\u00a0<strong><a href=\"http:\/\/pleteninespenko.si\/trgovina\/index.php?route=product\/category&amp;path=18\">\u017eenskih<\/a><\/strong>\u00a0i\u00a0<strong><a href=\"http:\/\/pleteninespenko.si\/trgovina\/index.php?route=product\/category&amp;path=25\">mu\u0161kih<\/a><\/strong>\u00a0pletenina. Na slovenskom tr\u017ei\u0161tu uspje\u0161no poslujemo od 1972 godine. Tvrtka se postupno \u0161irila i sada ima preko 25 zaposlenih.<\/p>\n<p style=\"text-align: center;\">Na obljetnice pripremamo nezavisne\u00a0modne revije koje uvijek ubiru puno entuzijama.<\/p>\n<p style=\"text-align: center;\">Na\u0161e se kolekcije odlikuju raznoliko\u0161\u0107u boja i raznoliko\u0161\u0107u modela. Proizvodimo klasi\u010dne modele I one za zahtjevnije kupce. Modeli se me\u0111usobno kombiniraju, gdje pu\u0161tamo ma\u0161ti da ide svojim putem.<\/p>\n<p style=\"text-align: center;\">Pratimo modne smjernice dok posje\u0107ujemo sajmove poput\u00a0<strong><a href=\"http:\/\/www.pittimmagine.com\/en\/corporate\/fairs\/filati.html\">PITTI FILATTI<\/a><\/strong>\u00a0i\u00a0<strong><a href=\"http:\/\/www.itma-showtime.com\/\">ITMA<\/a><\/strong>.<br>Sudjelujemo na raznim izlo\u017ebama I sajmovima. Na izlo\u017ebi obrti I poduzetni\u0161tva 2003. dobili smo ZLATNU PLAKETU, a 2005 zajedno s tekstilnom sekcijom ZLATNA NAGRADA.<\/p>\n<p style=\"text-align: center;\">Godine 2002 dobili smo\u00a0<strong><a href=\"http:\/\/pleteninespenko.si\/files\/5713\/4985\/3112\/pletenine_spenko_SQ.gif\">oznaku SQ<\/a><\/strong>kao znak kvalitete i slije\u0111enja modnih smijernica.<br>Posebno smo ponosni na NAGRADU za najinovativniji proizvod, koju nam je 2011. Dodijelio razvojni institut IRCUO.<\/p>    <\/div>\n<\/div>\n<!-- \/module text -->        <\/div>\n                        <\/div>\n        <\/div>\n                        <div  data-css_id=\"f4ej662\" data-lazy=\"1\" class=\"module_row themify_builder_row fullwidth_row_container tb_f4ej662 tf_w\">\n                        <div class=\"row_inner col_align_top tb_col_count_1 tf_box tf_rel\">\n                        <div  data-lazy=\"1\" class=\"module_column tb-column col-full tb_2ces663 first\">\n                    <!-- module text -->\n<div  class=\"module module-text tb_sui6664   \" data-lazy=\"1\">\n        <div  class=\"tb_text_wrap\">\n        <h2 style=\"text-align: center;\">\u0160ta radimo?<\/h2>    <\/div>\n<\/div>\n<!-- \/module text --><!-- module divider -->\n<div  class=\"module tf_mw module-divider tb_uijj666 dotted  divider-custom divider-center\" style=\"border-width: 4px;border-color: #9655a2;max-width: 450px;\" data-lazy=\"1\">\n    <\/div>\n<!-- \/module divider -->\n<div  id=\"tb_74uo852\" class=\"module module-mosaic tb_74uo852 tf_clearfix  pagination-disabled\" data-lazy=\"1\">\n\t\n\n\t\n\t\t\t<div id=\"tbm_tb_74uo852\" class=\"tpgs-wrap grid-stack tf_rel\" data-cell-height=\"150\" data-min-width=\"600\">\n\t\n\t\t<div data-gs-x=\"0\" data-gs-y=\"0\" data-gs-width=\"5\" data-gs-height=\"5\" data-hover=\"marley\" class=\"builder_mosaic_item tf_hidden tf_box \" data-effect=\"zoomInUp\">\n\t\t\t<figure class=\"mosaic-container tbm_eff_marley tf_rel tf_box tf_w tf_h tf_overflow tf_textc\">\n\t\t\t\t<img decoding=\"async\" src=\"https:\/\/www.pleteninespenko.si\/wp-content\/uploads\/2020\/06\/zenska_moda-750x750.jpg\" width=\"750\" height=\"750\" class=\"wp-post-image wp-image-8554\" title=\"Pletenine za sve generacije\" alt=\"Pletenine za sve generacije\" srcset=\"https:\/\/www.pleteninespenko.si\/wp-content\/uploads\/2020\/06\/zenska_moda-750x750.jpg 750w, https:\/\/www.pleteninespenko.si\/wp-content\/uploads\/2020\/06\/zenska_moda-300x300.jpg 300w, https:\/\/www.pleteninespenko.si\/wp-content\/uploads\/2020\/06\/zenska_moda-100x100.jpg 100w, https:\/\/www.pleteninespenko.si\/wp-content\/uploads\/2020\/06\/zenska_moda-150x150.jpg 150w, https:\/\/www.pleteninespenko.si\/wp-content\/uploads\/2020\/06\/zenska_moda-40x40.jpg 40w\" sizes=\"(max-width: 750px) 100vw, 750px\" \/>\t\t\t\t<figcaption class=\"tf_abs tf_w tf_h tf_box\">\n\t\t\t\t\t<div class=\"tbm_caption_wrapper tf_box\">\n\t\t\t\t\t\t\n\t\t\t\t\t\t\t\t\t\t\t\t\t\t<h2 class=\"tbm_title\">Pletenine za sve generacije<\/h2>\n\t\t\t\t\t\t\t\t\t\t\t\t\t\t\t\t\t\t\t<div class=\"tbm_caption tf_box\"><p>Izra\u0111ujemo \u017eenske i mu\u0161ke \u0111empere, veste i prsluke. Za \u017eene u ponudi su i suknje, kompleti, haljine, tunike, tajice, pletene hla\u010de, pon\u010do, kaputi, ogrta\u010di, majice, topovi i pleteni modni dodaci.<\/p><\/div>\n\t\t\t\t\t\t\t\t\t\t\t<\/div>\n\t\t\t\t\t\t\t\t\t<\/figcaption>\n\n\t\t\t\t\t\t\t<\/figure>\n\t\t<\/div><!-- .post -->\n\t\t\n\t\t<div data-gs-x=\"5\" data-gs-y=\"0\" data-gs-width=\"7\" data-gs-height=\"3\" data-hover=\"marley\" class=\"builder_mosaic_item tf_hidden tf_box \" data-effect=\"zoomInUp\">\n\t\t\t<figure class=\"mosaic-container tbm_eff_marley tf_rel tf_box tf_w tf_h tf_overflow tf_textc\">\n\t\t\t\t<img decoding=\"async\" src=\"https:\/\/www.pleteninespenko.si\/wp-content\/uploads\/2020\/06\/lovske_jope-1-900x450.jpg\" width=\"1050\" height=\"450\" class=\"wp-post-image wp-image-8566\" title=\"Lova\u010dki program\" alt=\"Lova\u010dki program\">\t\t\t\t<figcaption class=\"tf_abs tf_w tf_h tf_box\">\n\t\t\t\t\t<div class=\"tbm_caption_wrapper tf_box\">\n\t\t\t\t\t\t\n\t\t\t\t\t\t\t\t\t\t\t\t\t\t<h2 class=\"tbm_title\">Lova\u010dki program<\/h2>\n\t\t\t\t\t\t\t\t\t\t\t\t\t\t\t\t\t\t\t<div class=\"tbm_caption tf_box\"><p>Lova\u010dke veste, lova\u010dki \u0111emperi, lova\u010dki prsluki.<\/p><\/div>\n\t\t\t\t\t\t\t\t\t\t\t<\/div>\n\t\t\t\t\t\t\t\t\t<\/figcaption>\n\n\t\t\t\t\t\t\t<\/figure>\n\t\t<\/div><!-- .post -->\n\t\t\n\t\t<div data-gs-x=\"5\" data-gs-y=\"3\" data-gs-width=\"7\" data-gs-height=\"2\" data-hover=\"marley\" class=\"builder_mosaic_item tf_hidden tf_box \" data-effect=\"zoomInUp\">\n\t\t\t<figure class=\"mosaic-container tbm_eff_marley tf_rel tf_box tf_w tf_h tf_overflow tf_textc\">\n\t\t\t\t<img decoding=\"async\" src=\"https:\/\/www.pleteninespenko.si\/wp-content\/uploads\/2020\/06\/pleteno_blago-1-900x300.jpg\" width=\"1050\" height=\"300\" class=\"wp-post-image wp-image-8568\" title=\"Reklamna pletenina\" alt=\"Reklamna pletenina\">\t\t\t\t<figcaption class=\"tf_abs tf_w tf_h tf_box\">\n\t\t\t\t\t<div class=\"tbm_caption_wrapper tf_box\">\n\t\t\t\t\t\t\n\t\t\t\t\t\t\t\t\t\t\t\t\t\t<h2 class=\"tbm_title\">Reklamna pletenina<\/h2>\n\t\t\t\t\t\t\t\t\t\t\t\t\t\t\t\t\t\t\t<div class=\"tbm_caption tf_box\"><p>Trikota\u017ea, reklamna pletenina za promociju tvrtki s uklju\u010denim logotipom (nije potreban vez) i trikota\u017ea za uniforme poput d\u017eempera, vesta, prsluka.<\/p><\/div>\n\t\t\t\t\t\t\t\t\t\t\t<\/div>\n\t\t\t\t\t\t\t\t\t<\/figcaption>\n\n\t\t\t\t\t\t\t<\/figure>\n\t\t<\/div><!-- .post -->\n\t\t<\/div><!-- .tpgs-wrap -->\n\t\t\t\n\t\t\n\t\t\t\t\t<style>\n\t\t\t\t@media(min-width:601px) {\n\t\t\t\t\t#tb_74uo852 .builder_mosaic_item{\n\t\t\t\t\t\tpadding:10px\n\t\t\t\t\t}\n\t\t\t\t\t#tb_74uo852 .grid-stack{\n\t\t\t\t\t\twidth:calc(100% + 20px);\n\t\t\t\t\t\tmargin-left:-10px\n\t\t\t\t\t}\n\t\t\t\t}\n\t\t\t<\/style>\n\t\t\n\t\n\t\n<\/div><!-- .module-mosaic -->\n        <\/div>\n                        <\/div>\n        <\/div>\n                        <div  data-css_id=\"o376705\" data-lazy=\"1\" class=\"module_row themify_builder_row fullwidth_row_container tb_o376705 tf_w\">\n                        <div class=\"row_inner col_align_top tb_col_count_1 tf_box tf_rel\">\n                        <div  data-lazy=\"1\" class=\"module_column tb-column col-full tb_pweq705 first\">\n                    <!-- module text -->\n<div  class=\"module module-text tb_1h8v129   \" data-lazy=\"1\">\n        <div  class=\"tb_text_wrap\">\n        <h2 style=\"text-align: center;\">Humanitrano djelovanje<\/h2>    <\/div>\n<\/div>\n<!-- \/module text --><!-- module divider -->\n<div  class=\"module tf_mw module-divider tb_2fso664 dotted  divider-custom divider-center\" style=\"border-width: 4px;border-color: #9655a2;max-width: 450px;\" data-lazy=\"1\">\n    <\/div>\n<!-- \/module divider -->\n<!-- module text -->\n<div  class=\"module module-text tb_h89m641   \" data-lazy=\"1\">\n        <div  class=\"tb_text_wrap\">\n        <p style=\"text-align: center;\">Naravno, ve\u010d od 2003. svake godine na manifestaciji SLOVENSKI SLAV\u010cEK doprinosimo proizvodima za najperspektivniji ansambl. Donirali smo i u udruzi <strong>Zvezi prijateljev mladine Maribor<\/strong> te vatrogasnoj zajednici na tom podru\u010dju.<\/p>    <\/div>\n<\/div>\n<!-- \/module text -->        <\/div>\n                        <\/div>\n        <\/div>\n        <\/div>\n<!--\/themify_builder_content-->","protected":false},"excerpt":{"rendered":"<p>Na\u0161a pri\u010da Prezentacija Pletenine \u0160penko je obiteljsko poduze\u0107e koje se bavi proizvodnjom\u00a0\u017eenskih\u00a0i\u00a0mu\u0161kih\u00a0pletenina. Na slovenskom tr\u017ei\u0161tu uspje\u0161no poslujemo od 1972 godine. Tvrtka se postupno \u0161irila i sada ima preko 25 zaposlenih. Na obljetnice pripremamo nezavisne\u00a0modne revije koje uvijek ubiru puno entuzijama. Na\u0161e se kolekcije odlikuju raznoliko\u0161\u0107u boja i raznoliko\u0161\u0107u modela. Proizvodimo klasi\u010dne modele I one za [&hellip;]<\/p>\n","protected":false},"author":23,"featured_media":0,"parent":0,"menu_order":0,"comment_status":"closed","ping_status":"closed","template":"","meta":{"inline_featured_image":false,"footnotes":""},"class_list":["post-10738","page","type-page","status-publish","hentry","has-post-title","has-post-date","has-post-category","has-post-tag","has-post-comment","has-post-author",""],"yoast_head":"<!-- This site is optimized with the Yoast SEO plugin v27.4 - https:\/\/yoast.com\/product\/yoast-seo-wordpress\/ -->\n<title>Na\u0161a pri\u010da | Pletenine \u0160penko<\/title>\n<meta name=\"robots\" content=\"index, follow, max-snippet:-1, max-image-preview:large, max-video-preview:-1\" \/>\n<link rel=\"canonical\" href=\"https:\/\/www.pleteninespenko.si\/hr\/nasa-prica\/\" \/>\n<meta property=\"og:locale\" content=\"hr_HR\" \/>\n<meta property=\"og:type\" content=\"article\" \/>\n<meta property=\"og:title\" content=\"Na\u0161a pri\u010da | Pletenine \u0160penko\" \/>\n<meta property=\"og:description\" content=\"Na\u0161a pri\u010da Prezentacija Pletenine \u0160penko je obiteljsko poduze\u0107e koje se bavi proizvodnjom\u00a0\u017eenskih\u00a0i\u00a0mu\u0161kih\u00a0pletenina. Na slovenskom tr\u017ei\u0161tu uspje\u0161no poslujemo od 1972 godine. Tvrtka se postupno \u0161irila i sada ima preko 25 zaposlenih. Na obljetnice pripremamo nezavisne\u00a0modne revije koje uvijek ubiru puno entuzijama. Na\u0161e se kolekcije odlikuju raznoliko\u0161\u0107u boja i raznoliko\u0161\u0107u modela. Proizvodimo klasi\u010dne modele I one za [&hellip;]\" \/>\n<meta property=\"og:url\" content=\"https:\/\/www.pleteninespenko.si\/hr\/nasa-prica\/\" \/>\n<meta property=\"og:site_name\" content=\"Pletenine \u0160penko\" \/>\n<meta property=\"article:publisher\" content=\"https:\/\/www.facebook.com\/PletenineSpenko\/\" \/>\n<meta property=\"article:modified_time\" content=\"2022-03-28T09:25:44+00:00\" \/>\n<meta property=\"og:image\" content=\"https:\/\/www.pleteninespenko.si\/wp-content\/uploads\/2020\/06\/zenska_moda-750x750.jpg\" \/>\n<meta name=\"twitter:card\" content=\"summary_large_image\" \/>\n<meta name=\"twitter:label1\" content=\"Procijenjeno vrijeme \u010ditanja\" \/>\n\t<meta name=\"twitter:data1\" content=\"1 minuta\" \/>\n<script type=\"application\/ld+json\" class=\"yoast-schema-graph\">{\"@context\":\"https:\\\/\\\/schema.org\",\"@graph\":[{\"@type\":\"WebPage\",\"@id\":\"https:\\\/\\\/www.pleteninespenko.si\\\/hr\\\/nasa-prica\\\/\",\"url\":\"https:\\\/\\\/www.pleteninespenko.si\\\/hr\\\/nasa-prica\\\/\",\"name\":\"Na\u0161a pri\u010da | Pletenine \u0160penko\",\"isPartOf\":{\"@id\":\"https:\\\/\\\/www.pleteninespenko.si\\\/hr\\\/#website\"},\"primaryImageOfPage\":{\"@id\":\"https:\\\/\\\/www.pleteninespenko.si\\\/hr\\\/nasa-prica\\\/#primaryimage\"},\"image\":{\"@id\":\"https:\\\/\\\/www.pleteninespenko.si\\\/hr\\\/nasa-prica\\\/#primaryimage\"},\"thumbnailUrl\":\"https:\\\/\\\/www.pleteninespenko.si\\\/wp-content\\\/uploads\\\/2020\\\/06\\\/zenska_moda-750x750.jpg\",\"datePublished\":\"2021-11-04T10:24:51+00:00\",\"dateModified\":\"2022-03-28T09:25:44+00:00\",\"breadcrumb\":{\"@id\":\"https:\\\/\\\/www.pleteninespenko.si\\\/hr\\\/nasa-prica\\\/#breadcrumb\"},\"inLanguage\":\"hr\",\"potentialAction\":[{\"@type\":\"ReadAction\",\"target\":[\"https:\\\/\\\/www.pleteninespenko.si\\\/hr\\\/nasa-prica\\\/\"]}]},{\"@type\":\"ImageObject\",\"inLanguage\":\"hr\",\"@id\":\"https:\\\/\\\/www.pleteninespenko.si\\\/hr\\\/nasa-prica\\\/#primaryimage\",\"url\":\"https:\\\/\\\/www.pleteninespenko.si\\\/wp-content\\\/uploads\\\/2020\\\/06\\\/zenska_moda-750x750.jpg\",\"contentUrl\":\"https:\\\/\\\/www.pleteninespenko.si\\\/wp-content\\\/uploads\\\/2020\\\/06\\\/zenska_moda-750x750.jpg\"},{\"@type\":\"BreadcrumbList\",\"@id\":\"https:\\\/\\\/www.pleteninespenko.si\\\/hr\\\/nasa-prica\\\/#breadcrumb\",\"itemListElement\":[{\"@type\":\"ListItem\",\"position\":1,\"name\":\"Home\",\"item\":\"https:\\\/\\\/www.pleteninespenko.si\\\/hr\\\/\"},{\"@type\":\"ListItem\",\"position\":2,\"name\":\"Na\u0161a pri\u010da\"}]},{\"@type\":\"WebSite\",\"@id\":\"https:\\\/\\\/www.pleteninespenko.si\\\/hr\\\/#website\",\"url\":\"https:\\\/\\\/www.pleteninespenko.si\\\/hr\\\/\",\"name\":\"Pletenine \u0160penko\",\"description\":\"\u017denska i mu\u0161ka trikota\u017ea po posljednjoj modi\",\"publisher\":{\"@id\":\"https:\\\/\\\/www.pleteninespenko.si\\\/hr\\\/#organization\"},\"potentialAction\":[{\"@type\":\"SearchAction\",\"target\":{\"@type\":\"EntryPoint\",\"urlTemplate\":\"https:\\\/\\\/www.pleteninespenko.si\\\/hr\\\/?s={search_term_string}\"},\"query-input\":{\"@type\":\"PropertyValueSpecification\",\"valueRequired\":true,\"valueName\":\"search_term_string\"}}],\"inLanguage\":\"hr\"},{\"@type\":\"Organization\",\"@id\":\"https:\\\/\\\/www.pleteninespenko.si\\\/hr\\\/#organization\",\"name\":\"Pletenine \u0160penko\",\"url\":\"https:\\\/\\\/www.pleteninespenko.si\\\/hr\\\/\",\"logo\":{\"@type\":\"ImageObject\",\"inLanguage\":\"hr\",\"@id\":\"https:\\\/\\\/www.pleteninespenko.si\\\/hr\\\/#\\\/schema\\\/logo\\\/image\\\/\",\"url\":\"https:\\\/\\\/www.pleteninespenko.si\\\/wp-content\\\/uploads\\\/2020\\\/06\\\/Pletenine_Spenko.png\",\"contentUrl\":\"https:\\\/\\\/www.pleteninespenko.si\\\/wp-content\\\/uploads\\\/2020\\\/06\\\/Pletenine_Spenko.png\",\"width\":717,\"height\":140,\"caption\":\"Pletenine \u0160penko\"},\"image\":{\"@id\":\"https:\\\/\\\/www.pleteninespenko.si\\\/hr\\\/#\\\/schema\\\/logo\\\/image\\\/\"},\"sameAs\":[\"https:\\\/\\\/www.facebook.com\\\/PletenineSpenko\\\/\",\"https:\\\/\\\/www.instagram.com\\\/pleteninespenko\\\/\"]}]}<\/script>\n<!-- \/ Yoast SEO plugin. -->","yoast_head_json":{"title":"Na\u0161a pri\u010da | Pletenine \u0160penko","robots":{"index":"index","follow":"follow","max-snippet":"max-snippet:-1","max-image-preview":"max-image-preview:large","max-video-preview":"max-video-preview:-1"},"canonical":"https:\/\/www.pleteninespenko.si\/hr\/nasa-prica\/","og_locale":"hr_HR","og_type":"article","og_title":"Na\u0161a pri\u010da | Pletenine \u0160penko","og_description":"Na\u0161a pri\u010da Prezentacija Pletenine \u0160penko je obiteljsko poduze\u0107e koje se bavi proizvodnjom\u00a0\u017eenskih\u00a0i\u00a0mu\u0161kih\u00a0pletenina. Na slovenskom tr\u017ei\u0161tu uspje\u0161no poslujemo od 1972 godine. Tvrtka se postupno \u0161irila i sada ima preko 25 zaposlenih. Na obljetnice pripremamo nezavisne\u00a0modne revije koje uvijek ubiru puno entuzijama. Na\u0161e se kolekcije odlikuju raznoliko\u0161\u0107u boja i raznoliko\u0161\u0107u modela. Proizvodimo klasi\u010dne modele I one za [&hellip;]","og_url":"https:\/\/www.pleteninespenko.si\/hr\/nasa-prica\/","og_site_name":"Pletenine \u0160penko","article_publisher":"https:\/\/www.facebook.com\/PletenineSpenko\/","article_modified_time":"2022-03-28T09:25:44+00:00","og_image":[{"url":"https:\/\/www.pleteninespenko.si\/wp-content\/uploads\/2020\/06\/zenska_moda-750x750.jpg","type":"","width":"","height":""}],"twitter_card":"summary_large_image","twitter_misc":{"Procijenjeno vrijeme \u010ditanja":"1 minuta"},"schema":{"@context":"https:\/\/schema.org","@graph":[{"@type":"WebPage","@id":"https:\/\/www.pleteninespenko.si\/hr\/nasa-prica\/","url":"https:\/\/www.pleteninespenko.si\/hr\/nasa-prica\/","name":"Na\u0161a pri\u010da | Pletenine \u0160penko","isPartOf":{"@id":"https:\/\/www.pleteninespenko.si\/hr\/#website"},"primaryImageOfPage":{"@id":"https:\/\/www.pleteninespenko.si\/hr\/nasa-prica\/#primaryimage"},"image":{"@id":"https:\/\/www.pleteninespenko.si\/hr\/nasa-prica\/#primaryimage"},"thumbnailUrl":"https:\/\/www.pleteninespenko.si\/wp-content\/uploads\/2020\/06\/zenska_moda-750x750.jpg","datePublished":"2021-11-04T10:24:51+00:00","dateModified":"2022-03-28T09:25:44+00:00","breadcrumb":{"@id":"https:\/\/www.pleteninespenko.si\/hr\/nasa-prica\/#breadcrumb"},"inLanguage":"hr","potentialAction":[{"@type":"ReadAction","target":["https:\/\/www.pleteninespenko.si\/hr\/nasa-prica\/"]}]},{"@type":"ImageObject","inLanguage":"hr","@id":"https:\/\/www.pleteninespenko.si\/hr\/nasa-prica\/#primaryimage","url":"https:\/\/www.pleteninespenko.si\/wp-content\/uploads\/2020\/06\/zenska_moda-750x750.jpg","contentUrl":"https:\/\/www.pleteninespenko.si\/wp-content\/uploads\/2020\/06\/zenska_moda-750x750.jpg"},{"@type":"BreadcrumbList","@id":"https:\/\/www.pleteninespenko.si\/hr\/nasa-prica\/#breadcrumb","itemListElement":[{"@type":"ListItem","position":1,"name":"Home","item":"https:\/\/www.pleteninespenko.si\/hr\/"},{"@type":"ListItem","position":2,"name":"Na\u0161a pri\u010da"}]},{"@type":"WebSite","@id":"https:\/\/www.pleteninespenko.si\/hr\/#website","url":"https:\/\/www.pleteninespenko.si\/hr\/","name":"Pletenine \u0160penko","description":"\u017denska i mu\u0161ka trikota\u017ea po posljednjoj modi","publisher":{"@id":"https:\/\/www.pleteninespenko.si\/hr\/#organization"},"potentialAction":[{"@type":"SearchAction","target":{"@type":"EntryPoint","urlTemplate":"https:\/\/www.pleteninespenko.si\/hr\/?s={search_term_string}"},"query-input":{"@type":"PropertyValueSpecification","valueRequired":true,"valueName":"search_term_string"}}],"inLanguage":"hr"},{"@type":"Organization","@id":"https:\/\/www.pleteninespenko.si\/hr\/#organization","name":"Pletenine \u0160penko","url":"https:\/\/www.pleteninespenko.si\/hr\/","logo":{"@type":"ImageObject","inLanguage":"hr","@id":"https:\/\/www.pleteninespenko.si\/hr\/#\/schema\/logo\/image\/","url":"https:\/\/www.pleteninespenko.si\/wp-content\/uploads\/2020\/06\/Pletenine_Spenko.png","contentUrl":"https:\/\/www.pleteninespenko.si\/wp-content\/uploads\/2020\/06\/Pletenine_Spenko.png","width":717,"height":140,"caption":"Pletenine \u0160penko"},"image":{"@id":"https:\/\/www.pleteninespenko.si\/hr\/#\/schema\/logo\/image\/"},"sameAs":["https:\/\/www.facebook.com\/PletenineSpenko\/","https:\/\/www.instagram.com\/pleteninespenko\/"]}]}},"_links":{"self":[{"href":"https:\/\/www.pleteninespenko.si\/hr\/wp-json\/wp\/v2\/pages\/10738","targetHints":{"allow":["GET"]}}],"collection":[{"href":"https:\/\/www.pleteninespenko.si\/hr\/wp-json\/wp\/v2\/pages"}],"about":[{"href":"https:\/\/www.pleteninespenko.si\/hr\/wp-json\/wp\/v2\/types\/page"}],"author":[{"embeddable":true,"href":"https:\/\/www.pleteninespenko.si\/hr\/wp-json\/wp\/v2\/users\/23"}],"replies":[{"embeddable":true,"href":"https:\/\/www.pleteninespenko.si\/hr\/wp-json\/wp\/v2\/comments?post=10738"}],"version-history":[{"count":0,"href":"https:\/\/www.pleteninespenko.si\/hr\/wp-json\/wp\/v2\/pages\/10738\/revisions"}],"wp:attachment":[{"href":"https:\/\/www.pleteninespenko.si\/hr\/wp-json\/wp\/v2\/media?parent=10738"}],"curies":[{"name":"wp","href":"https:\/\/api.w.org\/{rel}","templated":true}]}}