{"id":11855,"date":"2021-01-27T08:20:19","date_gmt":"2021-01-27T07:20:19","guid":{"rendered":"https:\/\/www.pleteninespenko.si\/trgovina\/Bez%20kategorije\/vesta-reza\/"},"modified":"2024-12-18T18:49:43","modified_gmt":"2024-12-18T17:49:43","slug":"vesta-reza","status":"publish","type":"product","link":"https:\/\/www.pleteninespenko.si\/hr\/trgovina\/zenska-pletenina\/zenske-veste\/vesta-reza\/","title":{"rendered":"Vesta Reza"},"content":{"rendered":"<div><span style=\"color: #9655a2;\"><strong>Sastav:<\/strong><\/span><br \/>\n35 % viskoza<br \/>\n35 % vuna<br \/>\n30 % akril<\/div>\n<p>&nbsp;<\/p>\n<div>U slu\u010daju da ne prona\u0111ete svoju veli\u010dinu ili boju, kontaktirajte nas putem e -po\u0161te <b><a href=\"mailto:info@pleteninespenko.si\" target=\"_blank\" rel=\"noopener noreferrer\">info@pleteninespenko.si<\/a><\/b> ili na broj <b><a href=\"tel:+386%201%20834%2015%2023\" target=\"_blank\" rel=\"noopener noreferrer\">01 834 15 23<\/a><\/b> ili <b><a href=\"tel:+386%2051%20304%20660\" target=\"_blank\" rel=\"noopener noreferrer\">051 304 660<\/a><\/b> &#8211; rado \u0107emo vam savjetovati. Slovenski proizvod, napravljeno u na\u0161oj obrtni\u010dki radionici u Komendi.<\/div>\n<p>&nbsp;<\/p>\n<div>Dostupno u svim trgovinama u <b><a href=\"https:\/\/www.pleteninespenko.si\/hr\/gdje-se-nalazimo\/\" target=\"_blank\" rel=\"noopener\"> Sloveniji i u Hrvatskoj<\/a><\/b>.<\/div>\n","protected":false},"excerpt":{"rendered":"<p>Dvobojna chanel vesta s kop\u010danjem na gumbe i d\u017eepovima. Njezin izgled upotpunjuje poseban ruski ovratnik, koji zbog svog odva\u017enog oblika \u010dini vestu jo\u0161 upe\u010datljivijom. Nosivi za poslovne ili posebne prilike.<\/p>\n<p><strong><a href=\"https:\/\/www.pleteninespenko.si\/hr\/opci-uvjeti\/#mjere\" target=\"_blank\" rel=\"noopener noreferrer\"> Ne zaboravite se izmjeriti &gt;<\/a><\/strong><\/p>\n","protected":false},"featured_media":15452,"comment_status":"open","ping_status":"closed","template":"","meta":{"inline_featured_image":false},"pwb-brand":[2137],"product_brand":[],"product_cat":[1813,1811,2730],"product_tag":[2648,2526],"class_list":{"0":"post-11855","1":"product","2":"type-product","3":"status-publish","4":"has-post-thumbnail","6":"pwb-brand-vlastita-proizvodnja","7":"product_cat-zenska-pletenina","8":"product_cat-snizena-outlet-pletenina","9":"product_cat-zenske-veste","10":"product_tag-viskoza-hr","11":"product_tag-vuna","12":"has-post-title","13":"has-post-date","14":"has-post-category","15":"has-post-tag","16":"has-post-comment","17":"has-post-author","18":"","20":"first","21":"instock","22":"sale","23":"taxable","24":"shipping-taxable","25":"purchasable","26":"product-type-variable"},"yoast_head":"<!-- This site is optimized with the Yoast SEO plugin v27.4 - https:\/\/yoast.com\/product\/yoast-seo-wordpress\/ -->\n<title>Vesta Reza | Pletenine \u0160penko<\/title>\n<meta name=\"description\" content=\"Vesta Reza je dvobojna chanel vesta s kop\u010danjem na gumbe i d\u017eepovima. Izgled veste Reze upotpunjuje poseban ruski ovratnik.\" \/>\n<meta name=\"robots\" content=\"index, follow, max-snippet:-1, max-image-preview:large, max-video-preview:-1\" \/>\n<link rel=\"canonical\" href=\"https:\/\/www.pleteninespenko.si\/hr\/trgovina\/zenska-pletenina\/zenske-veste\/vesta-reza\/\" \/>\n<meta property=\"og:locale\" content=\"hr_HR\" \/>\n<meta property=\"og:type\" content=\"article\" \/>\n<meta property=\"og:title\" content=\"Vesta Reza | Pletenine \u0160penko\" \/>\n<meta property=\"og:description\" content=\"Vesta Reza je dvobojna chanel vesta s kop\u010danjem na gumbe i d\u017eepovima. Izgled veste Reze upotpunjuje poseban ruski ovratnik.\" \/>\n<meta property=\"og:url\" content=\"https:\/\/www.pleteninespenko.si\/hr\/trgovina\/zenska-pletenina\/zenske-veste\/vesta-reza\/\" \/>\n<meta property=\"og:site_name\" content=\"Pletenine \u0160penko\" \/>\n<meta property=\"article:publisher\" content=\"https:\/\/www.facebook.com\/PletenineSpenko\/\" \/>\n<meta property=\"article:modified_time\" content=\"2024-12-18T17:49:43+00:00\" \/>\n<meta property=\"og:image\" content=\"https:\/\/www.pleteninespenko.si\/wp-content\/uploads\/2022\/06\/Pletenine-Spenko-facebook-social-sharing-1.jpg\" \/>\n\t<meta property=\"og:image:width\" content=\"1200\" \/>\n\t<meta property=\"og:image:height\" content=\"630\" \/>\n\t<meta property=\"og:image:type\" content=\"image\/jpeg\" \/>\n<meta name=\"twitter:card\" content=\"summary_large_image\" \/>\n<meta name=\"twitter:label1\" content=\"Procijenjeno vrijeme \u010ditanja\" \/>\n\t<meta name=\"twitter:data1\" content=\"1 minuta\" \/>\n<script type=\"application\/ld+json\" class=\"yoast-schema-graph\">{\"@context\":\"https:\\\/\\\/schema.org\",\"@graph\":[{\"@type\":\"WebPage\",\"@id\":\"https:\\\/\\\/www.pleteninespenko.si\\\/hr\\\/trgovina\\\/zenska-pletenina\\\/zenske-veste\\\/vesta-reza\\\/\",\"url\":\"https:\\\/\\\/www.pleteninespenko.si\\\/hr\\\/trgovina\\\/zenska-pletenina\\\/zenske-veste\\\/vesta-reza\\\/\",\"name\":\"Vesta Reza | Pletenine \u0160penko\",\"isPartOf\":{\"@id\":\"https:\\\/\\\/www.pleteninespenko.si\\\/hr\\\/#website\"},\"primaryImageOfPage\":{\"@id\":\"https:\\\/\\\/www.pleteninespenko.si\\\/hr\\\/trgovina\\\/zenska-pletenina\\\/zenske-veste\\\/vesta-reza\\\/#primaryimage\"},\"image\":{\"@id\":\"https:\\\/\\\/www.pleteninespenko.si\\\/hr\\\/trgovina\\\/zenska-pletenina\\\/zenske-veste\\\/vesta-reza\\\/#primaryimage\"},\"thumbnailUrl\":\"https:\\\/\\\/www.pleteninespenko.si\\\/wp-content\\\/uploads\\\/2021\\\/01\\\/Pletenine-Spenko_jopa_reza_oranzna_sal_kleopatra.jpg\",\"datePublished\":\"2021-01-27T07:20:19+00:00\",\"dateModified\":\"2024-12-18T17:49:43+00:00\",\"description\":\"Vesta Reza je dvobojna chanel vesta s kop\u010danjem na gumbe i d\u017eepovima. Izgled veste Reze upotpunjuje poseban ruski ovratnik.\",\"breadcrumb\":{\"@id\":\"https:\\\/\\\/www.pleteninespenko.si\\\/hr\\\/trgovina\\\/zenska-pletenina\\\/zenske-veste\\\/vesta-reza\\\/#breadcrumb\"},\"inLanguage\":\"hr\",\"potentialAction\":[{\"@type\":\"ReadAction\",\"target\":[\"https:\\\/\\\/www.pleteninespenko.si\\\/hr\\\/trgovina\\\/zenska-pletenina\\\/zenske-veste\\\/vesta-reza\\\/\"]}]},{\"@type\":\"ImageObject\",\"inLanguage\":\"hr\",\"@id\":\"https:\\\/\\\/www.pleteninespenko.si\\\/hr\\\/trgovina\\\/zenska-pletenina\\\/zenske-veste\\\/vesta-reza\\\/#primaryimage\",\"url\":\"https:\\\/\\\/www.pleteninespenko.si\\\/wp-content\\\/uploads\\\/2021\\\/01\\\/Pletenine-Spenko_jopa_reza_oranzna_sal_kleopatra.jpg\",\"contentUrl\":\"https:\\\/\\\/www.pleteninespenko.si\\\/wp-content\\\/uploads\\\/2021\\\/01\\\/Pletenine-Spenko_jopa_reza_oranzna_sal_kleopatra.jpg\",\"width\":1200,\"height\":1324,\"caption\":\"Jopica Reza je dvobarvna \u0161anel jopica z zapenjanjem na gumbe in z \u017eepi. Njen videz popestri poseben ruski ovratnik, ki jopico naredi \u0161e bolj vpadljivo. \u0160al Kleopatra je topel pleten \u0161al, s \u010dipkastim detajlom. \u0160al lahko kombiniramo k jopi Reza, jopi Perle in puloverju Joana.\"},{\"@type\":\"BreadcrumbList\",\"@id\":\"https:\\\/\\\/www.pleteninespenko.si\\\/hr\\\/trgovina\\\/zenska-pletenina\\\/zenske-veste\\\/vesta-reza\\\/#breadcrumb\",\"itemListElement\":[{\"@type\":\"ListItem\",\"position\":1,\"name\":\"Home\",\"item\":\"https:\\\/\\\/www.pleteninespenko.si\\\/hr\\\/\"},{\"@type\":\"ListItem\",\"position\":2,\"name\":\"Trgovina\",\"item\":\"https:\\\/\\\/www.pleteninespenko.si\\\/hr\\\/trgovina\\\/\"},{\"@type\":\"ListItem\",\"position\":3,\"name\":\"Vesta Reza\"}]},{\"@type\":\"WebSite\",\"@id\":\"https:\\\/\\\/www.pleteninespenko.si\\\/hr\\\/#website\",\"url\":\"https:\\\/\\\/www.pleteninespenko.si\\\/hr\\\/\",\"name\":\"Pletenine \u0160penko\",\"description\":\"\u017denska i mu\u0161ka trikota\u017ea po posljednjoj modi\",\"publisher\":{\"@id\":\"https:\\\/\\\/www.pleteninespenko.si\\\/hr\\\/#organization\"},\"potentialAction\":[{\"@type\":\"SearchAction\",\"target\":{\"@type\":\"EntryPoint\",\"urlTemplate\":\"https:\\\/\\\/www.pleteninespenko.si\\\/hr\\\/?s={search_term_string}\"},\"query-input\":{\"@type\":\"PropertyValueSpecification\",\"valueRequired\":true,\"valueName\":\"search_term_string\"}}],\"inLanguage\":\"hr\"},{\"@type\":\"Organization\",\"@id\":\"https:\\\/\\\/www.pleteninespenko.si\\\/hr\\\/#organization\",\"name\":\"Pletenine \u0160penko\",\"url\":\"https:\\\/\\\/www.pleteninespenko.si\\\/hr\\\/\",\"logo\":{\"@type\":\"ImageObject\",\"inLanguage\":\"hr\",\"@id\":\"https:\\\/\\\/www.pleteninespenko.si\\\/hr\\\/#\\\/schema\\\/logo\\\/image\\\/\",\"url\":\"https:\\\/\\\/www.pleteninespenko.si\\\/wp-content\\\/uploads\\\/2020\\\/06\\\/Pletenine_Spenko.png\",\"contentUrl\":\"https:\\\/\\\/www.pleteninespenko.si\\\/wp-content\\\/uploads\\\/2020\\\/06\\\/Pletenine_Spenko.png\",\"width\":717,\"height\":140,\"caption\":\"Pletenine \u0160penko\"},\"image\":{\"@id\":\"https:\\\/\\\/www.pleteninespenko.si\\\/hr\\\/#\\\/schema\\\/logo\\\/image\\\/\"},\"sameAs\":[\"https:\\\/\\\/www.facebook.com\\\/PletenineSpenko\\\/\",\"https:\\\/\\\/www.instagram.com\\\/pleteninespenko\\\/\"]}]}<\/script>\n<!-- \/ Yoast SEO plugin. -->","yoast_head_json":{"title":"Vesta Reza | Pletenine \u0160penko","description":"Vesta Reza je dvobojna chanel vesta s kop\u010danjem na gumbe i d\u017eepovima. Izgled veste Reze upotpunjuje poseban ruski ovratnik.","robots":{"index":"index","follow":"follow","max-snippet":"max-snippet:-1","max-image-preview":"max-image-preview:large","max-video-preview":"max-video-preview:-1"},"canonical":"https:\/\/www.pleteninespenko.si\/hr\/trgovina\/zenska-pletenina\/zenske-veste\/vesta-reza\/","og_locale":"hr_HR","og_type":"article","og_title":"Vesta Reza | Pletenine \u0160penko","og_description":"Vesta Reza je dvobojna chanel vesta s kop\u010danjem na gumbe i d\u017eepovima. Izgled veste Reze upotpunjuje poseban ruski ovratnik.","og_url":"https:\/\/www.pleteninespenko.si\/hr\/trgovina\/zenska-pletenina\/zenske-veste\/vesta-reza\/","og_site_name":"Pletenine \u0160penko","article_publisher":"https:\/\/www.facebook.com\/PletenineSpenko\/","article_modified_time":"2024-12-18T17:49:43+00:00","og_image":[{"width":1200,"height":630,"url":"https:\/\/www.pleteninespenko.si\/wp-content\/uploads\/2022\/06\/Pletenine-Spenko-facebook-social-sharing-1.jpg","type":"image\/jpeg"}],"twitter_card":"summary_large_image","twitter_misc":{"Procijenjeno vrijeme \u010ditanja":"1 minuta"},"schema":{"@context":"https:\/\/schema.org","@graph":[{"@type":"WebPage","@id":"https:\/\/www.pleteninespenko.si\/hr\/trgovina\/zenska-pletenina\/zenske-veste\/vesta-reza\/","url":"https:\/\/www.pleteninespenko.si\/hr\/trgovina\/zenska-pletenina\/zenske-veste\/vesta-reza\/","name":"Vesta Reza | Pletenine \u0160penko","isPartOf":{"@id":"https:\/\/www.pleteninespenko.si\/hr\/#website"},"primaryImageOfPage":{"@id":"https:\/\/www.pleteninespenko.si\/hr\/trgovina\/zenska-pletenina\/zenske-veste\/vesta-reza\/#primaryimage"},"image":{"@id":"https:\/\/www.pleteninespenko.si\/hr\/trgovina\/zenska-pletenina\/zenske-veste\/vesta-reza\/#primaryimage"},"thumbnailUrl":"https:\/\/www.pleteninespenko.si\/wp-content\/uploads\/2021\/01\/Pletenine-Spenko_jopa_reza_oranzna_sal_kleopatra.jpg","datePublished":"2021-01-27T07:20:19+00:00","dateModified":"2024-12-18T17:49:43+00:00","description":"Vesta Reza je dvobojna chanel vesta s kop\u010danjem na gumbe i d\u017eepovima. Izgled veste Reze upotpunjuje poseban ruski ovratnik.","breadcrumb":{"@id":"https:\/\/www.pleteninespenko.si\/hr\/trgovina\/zenska-pletenina\/zenske-veste\/vesta-reza\/#breadcrumb"},"inLanguage":"hr","potentialAction":[{"@type":"ReadAction","target":["https:\/\/www.pleteninespenko.si\/hr\/trgovina\/zenska-pletenina\/zenske-veste\/vesta-reza\/"]}]},{"@type":"ImageObject","inLanguage":"hr","@id":"https:\/\/www.pleteninespenko.si\/hr\/trgovina\/zenska-pletenina\/zenske-veste\/vesta-reza\/#primaryimage","url":"https:\/\/www.pleteninespenko.si\/wp-content\/uploads\/2021\/01\/Pletenine-Spenko_jopa_reza_oranzna_sal_kleopatra.jpg","contentUrl":"https:\/\/www.pleteninespenko.si\/wp-content\/uploads\/2021\/01\/Pletenine-Spenko_jopa_reza_oranzna_sal_kleopatra.jpg","width":1200,"height":1324,"caption":"Jopica Reza je dvobarvna \u0161anel jopica z zapenjanjem na gumbe in z \u017eepi. Njen videz popestri poseben ruski ovratnik, ki jopico naredi \u0161e bolj vpadljivo. \u0160al Kleopatra je topel pleten \u0161al, s \u010dipkastim detajlom. \u0160al lahko kombiniramo k jopi Reza, jopi Perle in puloverju Joana."},{"@type":"BreadcrumbList","@id":"https:\/\/www.pleteninespenko.si\/hr\/trgovina\/zenska-pletenina\/zenske-veste\/vesta-reza\/#breadcrumb","itemListElement":[{"@type":"ListItem","position":1,"name":"Home","item":"https:\/\/www.pleteninespenko.si\/hr\/"},{"@type":"ListItem","position":2,"name":"Trgovina","item":"https:\/\/www.pleteninespenko.si\/hr\/trgovina\/"},{"@type":"ListItem","position":3,"name":"Vesta Reza"}]},{"@type":"WebSite","@id":"https:\/\/www.pleteninespenko.si\/hr\/#website","url":"https:\/\/www.pleteninespenko.si\/hr\/","name":"Pletenine \u0160penko","description":"\u017denska i mu\u0161ka trikota\u017ea po posljednjoj modi","publisher":{"@id":"https:\/\/www.pleteninespenko.si\/hr\/#organization"},"potentialAction":[{"@type":"SearchAction","target":{"@type":"EntryPoint","urlTemplate":"https:\/\/www.pleteninespenko.si\/hr\/?s={search_term_string}"},"query-input":{"@type":"PropertyValueSpecification","valueRequired":true,"valueName":"search_term_string"}}],"inLanguage":"hr"},{"@type":"Organization","@id":"https:\/\/www.pleteninespenko.si\/hr\/#organization","name":"Pletenine \u0160penko","url":"https:\/\/www.pleteninespenko.si\/hr\/","logo":{"@type":"ImageObject","inLanguage":"hr","@id":"https:\/\/www.pleteninespenko.si\/hr\/#\/schema\/logo\/image\/","url":"https:\/\/www.pleteninespenko.si\/wp-content\/uploads\/2020\/06\/Pletenine_Spenko.png","contentUrl":"https:\/\/www.pleteninespenko.si\/wp-content\/uploads\/2020\/06\/Pletenine_Spenko.png","width":717,"height":140,"caption":"Pletenine \u0160penko"},"image":{"@id":"https:\/\/www.pleteninespenko.si\/hr\/#\/schema\/logo\/image\/"},"sameAs":["https:\/\/www.facebook.com\/PletenineSpenko\/","https:\/\/www.instagram.com\/pleteninespenko\/"]}]}},"brands":[{"id":2137,"name":"Vlastita proizvodnja","slug":"vlastita-proizvodnja"}],"_links":{"self":[{"href":"https:\/\/www.pleteninespenko.si\/hr\/wp-json\/wp\/v2\/product\/11855","targetHints":{"allow":["GET"]}}],"collection":[{"href":"https:\/\/www.pleteninespenko.si\/hr\/wp-json\/wp\/v2\/product"}],"about":[{"href":"https:\/\/www.pleteninespenko.si\/hr\/wp-json\/wp\/v2\/types\/product"}],"replies":[{"embeddable":true,"href":"https:\/\/www.pleteninespenko.si\/hr\/wp-json\/wp\/v2\/comments?post=11855"}],"wp:featuredmedia":[{"embeddable":true,"href":"https:\/\/www.pleteninespenko.si\/hr\/wp-json\/wp\/v2\/media\/15452"}],"wp:attachment":[{"href":"https:\/\/www.pleteninespenko.si\/hr\/wp-json\/wp\/v2\/media?parent=11855"}],"wp:term":[{"taxonomy":"pwb-brand","embeddable":true,"href":"https:\/\/www.pleteninespenko.si\/hr\/wp-json\/wp\/v2\/pwb-brand?post=11855"},{"taxonomy":"product_brand","embeddable":true,"href":"https:\/\/www.pleteninespenko.si\/hr\/wp-json\/wp\/v2\/product_brand?post=11855"},{"taxonomy":"product_cat","embeddable":true,"href":"https:\/\/www.pleteninespenko.si\/hr\/wp-json\/wp\/v2\/product_cat?post=11855"},{"taxonomy":"product_tag","embeddable":true,"href":"https:\/\/www.pleteninespenko.si\/hr\/wp-json\/wp\/v2\/product_tag?post=11855"}],"curies":[{"name":"wp","href":"https:\/\/api.w.org\/{rel}","templated":true}]}}